{"id":9628,"date":"2024-12-06T12:04:19","date_gmt":"2024-12-06T12:04:19","guid":{"rendered":"https:\/\/seminarconsulting.ro\/?page_id=9628"},"modified":"2025-05-27T13:14:16","modified_gmt":"2025-05-27T13:14:16","slug":"contact","status":"publish","type":"page","link":"https:\/\/seminarconsulting.ro\/ro\/contact\/","title":{"rendered":"Contact"},"content":{"rendered":"\t\t<div data-elementor-type=\"wp-page\" data-elementor-id=\"9628\" class=\"elementor elementor-9628 elementor-9333\" data-elementor-post-type=\"page\">\n\t\t\t\t<div data-particle_enable=\"false\" data-particle-mobile-disabled=\"false\" class=\"elementor-element elementor-element-953cc5d e-flex e-con-boxed e-con e-parent\" data-id=\"953cc5d\" data-element_type=\"container\" data-e-type=\"container\" data-settings=\"{&quot;background_background&quot;:&quot;classic&quot;}\">\n\t\t\t\t\t<div class=\"e-con-inner\">\n\t\t\t\t<div class=\"elementor-element elementor-element-75d8e71 exad-sticky-section-no exad-glass-effect-no elementor-widget elementor-widget-heading\" data-id=\"75d8e71\" data-element_type=\"widget\" data-e-type=\"widget\" data-settings=\"{&quot;ekit_we_effect_on&quot;:&quot;none&quot;}\" data-widget_type=\"heading.default\">\n\t\t\t\t\t<h2 class=\"elementor-heading-title elementor-size-default\">Contact<\/h2>\t\t\t\t<\/div>\n\t\t\t\t\t<\/div>\n\t\t\t\t<\/div>\n\t\t<div data-particle_enable=\"false\" data-particle-mobile-disabled=\"false\" class=\"elementor-element elementor-element-862093b e-flex e-con-boxed e-con e-parent\" data-id=\"862093b\" data-element_type=\"container\" data-e-type=\"container\">\n\t\t\t\t\t<div class=\"e-con-inner\">\n\t\t<div data-particle_enable=\"false\" data-particle-mobile-disabled=\"false\" class=\"elementor-element elementor-element-8dcb364 e-con-full e-flex e-con e-child\" data-id=\"8dcb364\" data-element_type=\"container\" data-e-type=\"container\">\n\t\t\t\t<div class=\"elementor-element elementor-element-ebfb67c exad-sticky-section-no exad-glass-effect-no elementor-widget elementor-widget-text-editor\" data-id=\"ebfb67c\" data-element_type=\"widget\" data-e-type=\"widget\" data-settings=\"{&quot;ekit_we_effect_on&quot;:&quot;none&quot;}\" data-widget_type=\"text-editor.default\">\n\t\t\t\t\t\t\t\t\t<h4 align=\"left\"><strong><span style=\"font-size: 14pt;\">Informa\u021bii privind serviciile \u0219i facturi:<\/span><\/strong><\/h4><p>\u00a0<\/p><p align=\"left\"><strong>Portik Emese<\/strong><\/p><p align=\"left\">E-mail: portik.emese@seminarconsulting.ro<br \/>Mobil: +40 747657709<\/p><p><span style=\"font-size: 14pt;\"><b>Agent v\u00e2nz\u0103ri:<\/b><\/span><\/p><p align=\"left\"><strong>R\u00f3bert Simon<\/strong><br \/>E-mail: simon.robert@seminarconsulting.ro<br \/>Mobil:\u00a0+40 754 621 971<\/p>\t\t\t\t\t\t\t\t<\/div>\n\t\t\t\t<\/div>\n\t\t<div data-particle_enable=\"false\" data-particle-mobile-disabled=\"false\" class=\"elementor-element elementor-element-b4c223a e-con-full e-flex e-con e-child\" data-id=\"b4c223a\" data-element_type=\"container\" data-e-type=\"container\">\n\t\t\t\t<div class=\"elementor-element elementor-element-7697dc5 exad-sticky-section-no exad-glass-effect-no elementor-widget elementor-widget-heading\" data-id=\"7697dc5\" data-element_type=\"widget\" data-e-type=\"widget\" data-settings=\"{&quot;ekit_we_effect_on&quot;:&quot;none&quot;}\" data-widget_type=\"heading.default\">\n\t\t\t\t\t<h2 class=\"elementor-heading-title elementor-size-default\">Seminar Consulting Rom\u00e2nia<\/h2>\t\t\t\t<\/div>\n\t\t\t\t<div class=\"elementor-element elementor-element-1ce723b exad-sticky-section-no exad-glass-effect-no elementor-widget elementor-widget-text-editor\" data-id=\"1ce723b\" data-element_type=\"widget\" data-e-type=\"widget\" data-settings=\"{&quot;ekit_we_effect_on&quot;:&quot;none&quot;}\" data-widget_type=\"text-editor.default\">\n\t\t\t\t\t\t\t\t\t<p>Franchise \u00een Rom\u00e2nia:\u00a0<strong>Business for Success Srl<\/strong><\/p><p><strong>Adres\u0103 de facturare:<br \/><\/strong>RO32027977<br \/>J26\/859\/2019<br \/>Ludus, str. Traian nr. 20, jud. Mures<\/p><p><strong>Adres\u0103:<\/strong><\/p><p>T\u00e2rgu Mure\u0219, Pta. Matei Corvin, nr. 5, cam 19-20, et. 1<br \/>Tel.: +40 742 220 919<\/p><p>Telefon: +40 743 038 299<br \/>E-mail: info@seminarconsulting.ro<\/p>\t\t\t\t\t\t\t\t<\/div>\n\t\t\t\t<\/div>\n\t\t\t\t\t<\/div>\n\t\t\t\t<\/div>\n\t\t<div data-particle_enable=\"false\" data-particle-mobile-disabled=\"false\" class=\"elementor-element elementor-element-00e00f2 e-flex e-con-boxed e-con e-parent\" data-id=\"00e00f2\" data-element_type=\"container\" data-e-type=\"container\">\n\t\t\t\t\t<div class=\"e-con-inner\">\n\t\t\t\t<div class=\"elementor-element elementor-element-30b1812 exad-sticky-section-no exad-glass-effect-no elementor-widget elementor-widget-google_maps\" data-id=\"30b1812\" data-element_type=\"widget\" data-e-type=\"widget\" data-settings=\"{&quot;ekit_we_effect_on&quot;:&quot;none&quot;}\" data-widget_type=\"google_maps.default\">\n\t\t\t\t\t\t\t<div class=\"elementor-custom-embed\">\n\t\t\t<iframe loading=\"lazy\"\n\t\t\t\t\tsrc=\"https:\/\/www.google.com\/maps\/embed\/v1\/place?key=AIzaSyCkF2GNabdLDONBjmg2mo6xnbSxPvMuvs8&#038;q=Seminar%20consulting%20romania&#038;zoom=15\"\n\t\t\t\t\ttitle=\"Seminar consulting romania\"\n\t\t\t\t\taria-label=\"Seminar consulting romania\"\n\t\t\t><\/iframe>\n\t\t<\/div>\n\t\t\t\t\t\t<\/div>\n\t\t\t\t\t<\/div>\n\t\t\t\t<\/div>\n\t\t\t\t<\/div>\n\t\t","protected":false},"excerpt":{"rendered":"<p>Informa\u021bii privind serviciile \u0219i facturi: \u00a0 Portik Emese E-mail: portik.emese@seminarconsulting.roMobil: +40 747657709 Agent v\u00e2nz\u0103ri: R\u00f3bert SimonE-mail: simon.robert@seminarconsulting.roMobil:\u00a0+40 754 621 971 [&hellip;]<\/p>\n","protected":false},"author":1,"featured_media":0,"parent":0,"menu_order":0,"comment_status":"closed","ping_status":"closed","template":"elementor_header_footer","meta":{"site-sidebar-layout":"no-sidebar","site-content-layout":"","ast-site-content-layout":"full-width-container","site-content-style":"default","site-sidebar-style":"default","ast-global-header-display":"","ast-banner-title-visibility":"","ast-main-header-display":"","ast-hfb-above-header-display":"","ast-hfb-below-header-display":"","ast-hfb-mobile-header-display":"","site-post-title":"disabled","ast-breadcrumbs-content":"","ast-featured-img":"disabled","footer-sml-layout":"","ast-disable-related-posts":"","theme-transparent-header-meta":"","adv-header-id-meta":"","stick-header-meta":"","header-above-stick-meta":"","header-main-stick-meta":"","header-below-stick-meta":"","astra-migrate-meta-layouts":"default","ast-page-background-enabled":"default","ast-page-background-meta":{"desktop":{"background-color":"var(--ast-global-color-4)","background-image":"","background-repeat":"repeat","background-position":"center center","background-size":"auto","background-attachment":"scroll","background-type":"","background-media":"","overlay-type":"","overlay-color":"","overlay-opacity":"","overlay-gradient":""},"tablet":{"background-color":"","background-image":"","background-repeat":"repeat","background-position":"center center","background-size":"auto","background-attachment":"scroll","background-type":"","background-media":"","overlay-type":"","overlay-color":"","overlay-opacity":"","overlay-gradient":""},"mobile":{"background-color":"","background-image":"","background-repeat":"repeat","background-position":"center center","background-size":"auto","background-attachment":"scroll","background-type":"","background-media":"","overlay-type":"","overlay-color":"","overlay-opacity":"","overlay-gradient":""}},"ast-content-background-meta":{"desktop":{"background-color":"var(--ast-global-color-5)","background-image":"","background-repeat":"repeat","background-position":"center center","background-size":"auto","background-attachment":"scroll","background-type":"","background-media":"","overlay-type":"","overlay-color":"","overlay-opacity":"","overlay-gradient":""},"tablet":{"background-color":"var(--ast-global-color-5)","background-image":"","background-repeat":"repeat","background-position":"center center","background-size":"auto","background-attachment":"scroll","background-type":"","background-media":"","overlay-type":"","overlay-color":"","overlay-opacity":"","overlay-gradient":""},"mobile":{"background-color":"var(--ast-global-color-5)","background-image":"","background-repeat":"repeat","background-position":"center center","background-size":"auto","background-attachment":"scroll","background-type":"","background-media":"","overlay-type":"","overlay-color":"","overlay-opacity":"","overlay-gradient":""}},"footnotes":""},"class_list":["post-9628","page","type-page","status-publish","hentry"],"yoast_head":"<!-- This site is optimized with the Yoast SEO plugin v26.9 - https:\/\/yoast.com\/product\/yoast-seo-wordpress\/ -->\n<title>Contact - Seminar Consulting<\/title>\n<meta name=\"robots\" content=\"index, follow, max-snippet:-1, max-image-preview:large, max-video-preview:-1\" \/>\n<link rel=\"canonical\" href=\"https:\/\/seminarconsulting.ro\/kapcsolat\/\" \/>\n<meta property=\"og:locale\" content=\"ro_RO\" \/>\n<meta property=\"og:type\" content=\"article\" \/>\n<meta property=\"og:title\" content=\"Contact - Seminar Consulting\" \/>\n<meta property=\"og:description\" content=\"Informa\u021bii privind serviciile \u0219i facturi: \u00a0 Portik Emese E-mail: portik.emese@seminarconsulting.roMobil: +40 747657709 Agent v\u00e2nz\u0103ri: R\u00f3bert SimonE-mail: simon.robert@seminarconsulting.roMobil:\u00a0+40 754 621 971 [&hellip;]\" \/>\n<meta property=\"og:url\" content=\"https:\/\/seminarconsulting.ro\/kapcsolat\/\" \/>\n<meta property=\"og:site_name\" content=\"Seminar Consulting\" \/>\n<meta property=\"article:modified_time\" content=\"2025-05-27T13:14:16+00:00\" \/>\n<meta name=\"twitter:card\" content=\"summary_large_image\" \/>\n<meta name=\"twitter:label1\" content=\"Timp estimat pentru citire\" \/>\n\t<meta name=\"twitter:data1\" content=\"1 minut\" \/>\n<script type=\"application\/ld+json\" class=\"yoast-schema-graph\">{\"@context\":\"https:\/\/schema.org\",\"@graph\":[{\"@type\":\"WebPage\",\"@id\":\"https:\/\/seminarconsulting.ro\/kapcsolat\/\",\"url\":\"https:\/\/seminarconsulting.ro\/kapcsolat\/\",\"name\":\"Contact - Seminar Consulting\",\"isPartOf\":{\"@id\":\"https:\/\/seminarconsulting.ro\/#website\"},\"datePublished\":\"2024-12-06T12:04:19+00:00\",\"dateModified\":\"2025-05-27T13:14:16+00:00\",\"breadcrumb\":{\"@id\":\"https:\/\/seminarconsulting.ro\/kapcsolat\/#breadcrumb\"},\"inLanguage\":\"ro-RO\",\"potentialAction\":[{\"@type\":\"ReadAction\",\"target\":[\"https:\/\/seminarconsulting.ro\/kapcsolat\/\"]}]},{\"@type\":\"BreadcrumbList\",\"@id\":\"https:\/\/seminarconsulting.ro\/kapcsolat\/#breadcrumb\",\"itemListElement\":[{\"@type\":\"ListItem\",\"position\":1,\"name\":\"Home\",\"item\":\"https:\/\/seminarconsulting.ro\/\"},{\"@type\":\"ListItem\",\"position\":2,\"name\":\"Contact\"}]},{\"@type\":\"WebSite\",\"@id\":\"https:\/\/seminarconsulting.ro\/#website\",\"url\":\"https:\/\/seminarconsulting.ro\/\",\"name\":\"Seminar Consulting\",\"description\":\"A c&eacute;gvezet\u0151k bar&aacute;tja\",\"publisher\":{\"@id\":\"https:\/\/seminarconsulting.ro\/#organization\"},\"potentialAction\":[{\"@type\":\"SearchAction\",\"target\":{\"@type\":\"EntryPoint\",\"urlTemplate\":\"https:\/\/seminarconsulting.ro\/?s={search_term_string}\"},\"query-input\":{\"@type\":\"PropertyValueSpecification\",\"valueRequired\":true,\"valueName\":\"search_term_string\"}}],\"inLanguage\":\"ro-RO\"},{\"@type\":\"Organization\",\"@id\":\"https:\/\/seminarconsulting.ro\/#organization\",\"name\":\"Seminar Consulting\",\"url\":\"https:\/\/seminarconsulting.ro\/\",\"logo\":{\"@type\":\"ImageObject\",\"inLanguage\":\"ro-RO\",\"@id\":\"https:\/\/seminarconsulting.ro\/#\/schema\/logo\/image\/\",\"url\":\"https:\/\/seminarconsulting.ro\/wp-content\/uploads\/2024\/11\/cropped-Logo-RGB.png\",\"contentUrl\":\"https:\/\/seminarconsulting.ro\/wp-content\/uploads\/2024\/11\/cropped-Logo-RGB.png\",\"width\":1656,\"height\":406,\"caption\":\"Seminar Consulting\"},\"image\":{\"@id\":\"https:\/\/seminarconsulting.ro\/#\/schema\/logo\/image\/\"}}]}<\/script>\n<!-- \/ Yoast SEO plugin. -->","yoast_head_json":{"title":"Contact - Seminar Consulting","robots":{"index":"index","follow":"follow","max-snippet":"max-snippet:-1","max-image-preview":"max-image-preview:large","max-video-preview":"max-video-preview:-1"},"canonical":"https:\/\/seminarconsulting.ro\/kapcsolat\/","og_locale":"ro_RO","og_type":"article","og_title":"Contact - Seminar Consulting","og_description":"Informa\u021bii privind serviciile \u0219i facturi: \u00a0 Portik Emese E-mail: portik.emese@seminarconsulting.roMobil: +40 747657709 Agent v\u00e2nz\u0103ri: R\u00f3bert SimonE-mail: simon.robert@seminarconsulting.roMobil:\u00a0+40 754 621 971 [&hellip;]","og_url":"https:\/\/seminarconsulting.ro\/kapcsolat\/","og_site_name":"Seminar Consulting","article_modified_time":"2025-05-27T13:14:16+00:00","twitter_card":"summary_large_image","twitter_misc":{"Timp estimat pentru citire":"1 minut"},"schema":{"@context":"https:\/\/schema.org","@graph":[{"@type":"WebPage","@id":"https:\/\/seminarconsulting.ro\/kapcsolat\/","url":"https:\/\/seminarconsulting.ro\/kapcsolat\/","name":"Contact - Seminar Consulting","isPartOf":{"@id":"https:\/\/seminarconsulting.ro\/#website"},"datePublished":"2024-12-06T12:04:19+00:00","dateModified":"2025-05-27T13:14:16+00:00","breadcrumb":{"@id":"https:\/\/seminarconsulting.ro\/kapcsolat\/#breadcrumb"},"inLanguage":"ro-RO","potentialAction":[{"@type":"ReadAction","target":["https:\/\/seminarconsulting.ro\/kapcsolat\/"]}]},{"@type":"BreadcrumbList","@id":"https:\/\/seminarconsulting.ro\/kapcsolat\/#breadcrumb","itemListElement":[{"@type":"ListItem","position":1,"name":"Home","item":"https:\/\/seminarconsulting.ro\/"},{"@type":"ListItem","position":2,"name":"Contact"}]},{"@type":"WebSite","@id":"https:\/\/seminarconsulting.ro\/#website","url":"https:\/\/seminarconsulting.ro\/","name":"Seminar Consulting","description":"A c&eacute;gvezet\u0151k bar&aacute;tja","publisher":{"@id":"https:\/\/seminarconsulting.ro\/#organization"},"potentialAction":[{"@type":"SearchAction","target":{"@type":"EntryPoint","urlTemplate":"https:\/\/seminarconsulting.ro\/?s={search_term_string}"},"query-input":{"@type":"PropertyValueSpecification","valueRequired":true,"valueName":"search_term_string"}}],"inLanguage":"ro-RO"},{"@type":"Organization","@id":"https:\/\/seminarconsulting.ro\/#organization","name":"Seminar Consulting","url":"https:\/\/seminarconsulting.ro\/","logo":{"@type":"ImageObject","inLanguage":"ro-RO","@id":"https:\/\/seminarconsulting.ro\/#\/schema\/logo\/image\/","url":"https:\/\/seminarconsulting.ro\/wp-content\/uploads\/2024\/11\/cropped-Logo-RGB.png","contentUrl":"https:\/\/seminarconsulting.ro\/wp-content\/uploads\/2024\/11\/cropped-Logo-RGB.png","width":1656,"height":406,"caption":"Seminar Consulting"},"image":{"@id":"https:\/\/seminarconsulting.ro\/#\/schema\/logo\/image\/"}}]}},"_links":{"self":[{"href":"https:\/\/seminarconsulting.ro\/ro\/wp-json\/wp\/v2\/pages\/9628","targetHints":{"allow":["GET"]}}],"collection":[{"href":"https:\/\/seminarconsulting.ro\/ro\/wp-json\/wp\/v2\/pages"}],"about":[{"href":"https:\/\/seminarconsulting.ro\/ro\/wp-json\/wp\/v2\/types\/page"}],"author":[{"embeddable":true,"href":"https:\/\/seminarconsulting.ro\/ro\/wp-json\/wp\/v2\/users\/1"}],"replies":[{"embeddable":true,"href":"https:\/\/seminarconsulting.ro\/ro\/wp-json\/wp\/v2\/comments?post=9628"}],"version-history":[{"count":0,"href":"https:\/\/seminarconsulting.ro\/ro\/wp-json\/wp\/v2\/pages\/9628\/revisions"}],"wp:attachment":[{"href":"https:\/\/seminarconsulting.ro\/ro\/wp-json\/wp\/v2\/media?parent=9628"}],"curies":[{"name":"wp","href":"https:\/\/api.w.org\/{rel}","templated":true}]}}