{"id":2347,"date":"2020-04-23T08:40:09","date_gmt":"2020-04-23T08:40:09","guid":{"rendered":"https:\/\/seminarconsulting.web-staging.eu\/?post_type=product&#038;p=2347"},"modified":"2025-12-16T08:35:41","modified_gmt":"2025-12-16T08:35:41","slug":"a-celallitas-szabalyai","status":"publish","type":"product","link":"https:\/\/seminarconsulting.ro\/ro\/a-celallitas-szabalyai\/","title":{"rendered":"A c\u00e9l\u00e1ll\u00edt\u00e1s szab\u00e1lyai"},"content":{"rendered":"<p><strong>Vigy\u00e1zz<\/strong>! Ez a k\u00f6nyv nem csak a c\u00e9l\u00e1ll\u00edt\u00e1s szab\u00e1lyair\u00f3l sz\u00f3l!<\/p>\n<p>Akkor meg mir\u0151l? 52 fejezetben olvashatsz c\u00e9gvezet\u00e9si probl\u00e9m\u00e1kr\u00f3l, melyekre\u00a0<strong>\u00faj \u00f6tleteke<\/strong>t szerzel sz\u00f3rakoztat\u00f3 sztorikon kereszt\u00fcl. Hogyan viszonyulj a munkat\u00e1rsaidhoz, hogy N\u00e1lad akarjon dolgozni a\u00a0<strong>legjobb munkaer\u0151<\/strong>? Hogyan motiv\u00e1lj \u00e9s hogy kezeld a hib\u00e1kat? Olvasd el a k\u00f6nyvben. <strong>\u00cdzel\u00edt\u0151\u00fcl n\u00e9h\u00e1ny fejezetc\u00edm:<\/strong> \u2013 Mi\u00e9rt \u00fcld\u00f6zte\u00a0<em>Hitler Szent-Gy\u00f6rgyi Albertet<\/em>? \u2013 Tudod-e, mi\u00e9rt bukott meg a\u00a0<em>bauMax<\/em>? \u2013 Ne l\u00e9gy szellemi \u00e9s \u00e9rzelmi koldus! \u2013 Mit \u00edrn\u00e1l, ha Magadnak kellene levelet \u00edrnod? \u2013 Mivel m\u00e9rd a c\u00e9ged hat\u00e9konys\u00e1g\u00e1t \u00e9s \u00e9letk\u00e9pess\u00e9g\u00e9t? \u2013 Szokt\u00e1l-e ad\u00f3t csalni?<\/p>\n<p>&nbsp;<\/p>\n<p><strong>Elkezdheted a k\u00f6nyv olvas\u00e1s\u00e1t az el\u0151sz\u00f3val, amib\u0151l azt is megtudod, mi\u00e9rt pont ez lett a c\u00edme:<\/strong><\/p>\n<div><em><strong>Kedves Bar\u00e1tom!<\/strong><\/em> Negyedik \u00e9ve m\u00e1r, hogy minden h\u00e9tv\u00e9g\u00e9n \u00edrok egy\u00a0<em>H\u00e9tz\u00e1r\u00f3 gondolatot<\/em>c\u00e9gem \u2012 a Piroska Gyula Tr\u00e9ning \u2012 h\u00edrlev\u00e9l-list\u00e1j\u00e1n szerepl\u0151 olvas\u00f3khoz. Ez a lista m\u00e1ra t\u00f6bb mint f\u00e9lmilli\u00f3sra dagadt! Ezek igaz\u00e1n c\u00e9gvezet\u0151knek sz\u00f3l\u00f3 \u00edr\u00e1sok. De j\u00f3val t\u00falmutatnak a c\u00e9gvezet\u00e9s t\u00e9mak\u00f6r\u00e9n. Emberi, \u00e9rt\u00e9krendbeli, az \u00e9let sok ter\u00fclet\u00e9t \u00e9rint\u0151 dologr\u00f3l \u00edrok. Ez a k\u00f6nyv egy \u00e9vnyi\u00a0<em>H\u00e9tz\u00e1r\u00f3 gondolatot<\/em>\u00a0tartalmaz 2014. november 2-t\u0151l 2015. okt\u00f3ber 30-ig. \u00d6tvenk\u00e9t h\u00e9t! \u00d6tvenk\u00e9t \u00edr\u00e1s! \u00d6tvenk\u00e9t fejezet! Mivel ezek az \u00edr\u00e1sok tulajdonk\u00e9ppen e-mailek, ez\u00e9rt mindig van egy t\u00e1rgysoruk. Ezekb\u0151l a t\u00e1rgysorokb\u00f3l lettek a k\u00f6nyv fejezeteinek c\u00edmei. A t\u00e1rgysoron m\u00falik, hogy milyen ar\u00e1nyban nyitj\u00e1k meg az adott e-mailt. Ez\u00e9rt azt\u00e1n igyekszem a lehet\u0151 legizgalmasabb, legnagyobb \u00e9rdekl\u0151d\u00e9st kiv\u00e1lt\u00f3 t\u00e1rgysorokat \u00edrni. A meg\u00edr\u00e1st k\u00f6vet\u0151 h\u00e9ten azt\u00e1n lelkesen n\u00e9zem, hogyan alakul a megnyit\u00e1si ar\u00e1ny. B\u00fcszke vagyok r\u00e1, hogy a saj\u00e1t, \u00e9p\u00edtett (teh\u00e1t nem v\u00e1s\u00e1rolt) e-mail list\u00e1inkon \u00e1tlagosan 22,8%-os megnyit\u00e1si ar\u00e1nyt \u00e9rtem el a k\u00f6nyvben tal\u00e1lhat\u00f3 fejezetc\u00edmekkel. A legjobb, 31,1%-os megnyit\u00e1si ar\u00e1nyt \u201e<em>A c\u00e9l\u00e1ll\u00edt\u00e1s szab\u00e1lyai<\/em>\u201d t\u00e1rgysor hozta. Ez\u00e9rt ez lett a k\u00f6nyv c\u00edme is! \u00d6r\u00f6mmel \u00edrom ezeket a\u00a0<em>H\u00e9tz\u00e1r\u00f3 gondolatokat<\/em>! Pedig nem kev\u00e9s fegyelmezetts\u00e9get, elk\u00f6telezetts\u00e9get \u00e9s id\u0151beli szervez\u00e9st k\u00edv\u00e1n t\u0151lem ez a munka. De meg\u00e9ri! M\u00e1ra el\u00e9g nagy, lelkes olvas\u00f3t\u00e1bora lett az \u00edr\u00e1saimnak. K\u00fcl\u00f6n\u00f6sen, ami\u00f3ta a Facebookra is kiposztoljuk \u0151ket. Rem\u00e9lem, hogy Te is k\u00f6zt\u00fck vagy! Alapvet\u0151en c\u00e9gvezet\u0151knek, c\u00e9gtulajdonosoknak \u00edrok. Sokszor, mik\u00f6zben \u00edrok, magam el\u00e9 k\u00e9pzelem valamelyik kedves \u00fcgyfelemet. Mert tudom, hogy az adott \u00edr\u00e1s neki szem\u00e9lyesen nagyon sokat fog seg\u00edteni. De nem csak v\u00e1llalkoz\u00f3k olvass\u00e1k a\u00a0<em>H\u00e9tz\u00e1r\u00f3 gondolataimat<\/em>. A visszajelz\u00e9sek szerint sok lelkes alkalmazott, nyugd\u00edjas \u00e9s csal\u00e1danya is kedveli \u0151ket. Ugyanis rengeteg sz\u00e9p \u00e9s kedves visszajelz\u00e9st kapok. M\u00e9g a hat\u00e1rainkon t\u00falr\u00f3l is. Ezeket mindig \u00e9s minden k\u00f6r\u00fclm\u00e9nyek k\u00f6z\u00f6tt megv\u00e1laszolom. Ez nem is kev\u00e9s fegyelmezetts\u00e9get k\u00edv\u00e1n t\u0151lem! Ilyeneket \u00edrnak: \u201e<em>Kurva j\u00f3 volt ez az e-mail!<\/em>\u201d \u201e<em>Kev\u00e9s h\u00edrlevelet olvasok el, de r\u00e1szoktam a Ti\u00e9dre. Mindig \u00d3RI\u00c1SI adatokat t\u00e1rsz fel.<\/em>\u201d \u201e<em>Sokszor gondolkodom azon, hogy amit csin\u00e1lsz, azt \u00e1ltal\u00e1nosan kellene oktatni. Az \u00e1llamnak finansz\u00edroznia kellene, hogy mindenki, akinek sz\u00fcks\u00e9ge van minderre, az hozz\u00e1f\u00e9rjen. T\u00e9ged pedig j\u00f3l \u201ekiel\u00e9g\u00edteni\u201d anyagilag, hogy Neked kiz\u00e1r\u00f3lag a m\u00e9g magasabb min\u0151s\u00e9g el\u00e9r\u00e9sen kelljen csak dolgoznod. Ez az egyik legnagyobb \u00e9s leg\u00e9rtelmesebb befektet\u00e9s lenne az orsz\u00e1g j\u00f6v\u0151j\u00e9be, \u00e9s nem csak gyakorlati, menedzseri, hanem \u00e1ltal\u00e1nos erk\u00f6lcsi szinten is. Amit el\u0151adsz, az nyilv\u00e1nval\u00f3an t\u00falmegy a napi menedzseri probl\u00e9m\u00e1kon, \u00e9s egyetemleges \u00e9rt\u00e9keket k\u00f6zvet\u00edt, melyekre nagyon nagy sz\u00fcks\u00e9ge van a ma t\u00e1rsadalm\u00e1nak. Meger\u0151s\u00edtesz abban, hogy a Te egyetemlegesen helyes gondolkod\u00e1sod terjesztend\u0151, \u00e9s megfelel\u0151 arra, hogy a t\u00e1rsadalom a helyes ir\u00e1nyba haladjon el\u0151re.<\/em>\u201d \u201e<em>Ut\u00e1lom a k\u00e9retlen leveleket! De az \u00d6n\u00e9it egyre gyakrabban elolvasom. S\u0151t, m\u00e1r v\u00e1rom is \u0151ket! Pedig csak a legfontosabb inform\u00e1ci\u00f3kra van id\u0151m a nagy p\u00f6rg\u00e9sben. \u00dcd\u00edt\u0151ek, sz\u00f3rakoztat\u00f3ak \u00e9s meger\u0151s\u00edt\u0151ek.<\/em>\u201d \u201e<em>K\u00f6sz\u00f6n\u00f6m! Ez \u00fct\u00f6tt!!!<\/em>\u201d \u201e<em>Nem lenne j\u00f3, ha Magyarorsz\u00e1gnak n\u00e9lk\u00fcl\u00f6znie kellene T\u00e9ged! P\u00e9lda\u00e9rt\u00e9k\u0171 a munk\u00e1d, \u00e9s mindig nagy bizalmat ad.<\/em>\u201d \u201e<em>K\u00f6sz\u00f6n\u00f6m a folyamatos inspir\u00e1l\u00f3 e-mailjeidet. Szerintem Te nem is tudod, mekkora seg\u00edts\u00e9get jelentesz! Szinte az egyetlen \u00e9rtelmes hang vagy a magyar \u00e9terben!<\/em>\u201d \u00a0\u00a0\u00a0 \u201e<em>Sz\u00e9pp\u00e9 tetted az est\u00e9met. Mert am\u00edg olvastam az \u00edr\u00e1sodat, a feles\u00e9gemre gondoltam. \u00c9s arra, hogy neki is \u00e1tk\u00fcld\u00f6m a leveledet. Meg arra is gondoltam, hogy milyen j\u00f3 is az, hogy Te vagy!<\/em>\u201d \u201e<em>Csak hogy tudd, sokat tanultam T\u0151led. Sokszor eszembe jutnak, bel\u00e9m \u00e9gtek a p\u00e9ld\u00e1id, a mondataid. Szeretettel gondolok r\u00e1d, ak\u00e1rmikor is \u00e9rkezik \u00fajabb h\u00edrlev\u00e9l T\u0151led.<\/em>\u201d \u201e<em>H\u00e9tr\u0151l-h\u00e9tre olvasom a gondolatait. Ez az\u00e9rt meglep\u0151, mert az \u00f6sszes \u00e9rkez\u0151 h\u00edrlevelet SPAM-k\u00e9nt szoktam megjel\u00f6lni. Kiv\u00e9ve az \u00d6n \u00e1ltal k\u00fcld\u00f6tteket!<\/em>\u201d \u201e<em>Ez az \u00edr\u00e1sod igazolja, hogy a munkaer\u0151 felv\u00e9telr\u0151l is lehet magyarul \u00edrni. Semmi HR, meg CV, meg interview.<\/em>\u201d \u201e<em>Kedves Bar\u00e1tom! Te egy nagyon okos ember vagy!<\/em>\u201d \u201e<em>Sok mindent k\u00f6sz\u00f6nhetek neked. Nem is tudod tal\u00e1n, hogy mennyit. De ez a H\u00e9tz\u00e1r\u00f3 komolyan betal\u00e1lt!<\/em>\u201d \u201e<em>B\u00e1r nem vagyok c\u00e9gvezet\u0151, leveleit mindig megkapom, \u00e9s \u00e9rdekl\u0151d\u00e9ssel olvasom. P\u00e9ntek d\u00e9lut\u00e1n van, h\u0151s\u00e9g, dinnyeszezon, egy h\u00e9t szabi el\u0151tt \u00e1llok. Ez\u00e9rt tal\u00e1n megbocs\u00e1jthat\u00f3, hogy munkakedvem nem 100%-os. Legal\u00e1bbis eddig nem volt az. De megkaptam a level\u00e9t \u00e9s a meger\u0151s\u00edt\u00e9st. T\u00f6bb \u00edzben \u2013 ahogy most is \u2012 beletal\u00e1lt az aktu\u00e1lis helyzetembe az \u00edr\u00e1s\u00e1val. \u00c9ppen egy el\u00e9g hervaszt\u00f3 feladattal k\u00fczd\u00f6k. De innent\u0151l kitartok, \u00e9s csak az\u00e9rt is megcsin\u00e1lom.<\/em>\u201d \u201e<em>A mostani \u00fczenetedet mindenkinek ki kellene plak\u00e1tolnia maga el\u00e9, hogy \u00e1lland\u00f3an szem el\u0151tt legyen.<\/em>\u201d \u201e<em>Minden h\u00e9ten lelkes olvas\u00f3ja vagyok a H\u00e9tz\u00e1r\u00f3 gondolataidnak. Im\u00e1dom \u0151ket olvasni! Szeretem a sz\u00f3kimond\u00f3, eredeti st\u00edlusodat, a mindenki sz\u00e1m\u00e1ra \u00e9rthet\u0151 megfogalmaz\u00e1sodat, a tanuls\u00e1gos t\u00f6rt\u00e9neteket.<\/em>\u201d \u201e<em>Ism\u00e9t zseni\u00e1lisat \u00edrt\u00e1l. Sok mindenhez \u00e9rtesz, de tal\u00e1n ahhoz a legjobban, hogy MINDIG a legjobb id\u0151ben a legjobbr\u00f3l \u00edrsz.<\/em>\u201d \u201e<em>Ez egy \u00f6r\u00f6k\u00e9let\u0171 \u00e9s \u00e9rv\u00e9ny\u0171 e-mail. \u00cdgy elteszem az arch\u00edvumomba, hogy sz\u00fcks\u00e9g eset\u00e9n j\u00f3kedvre der\u00edtsen.<\/em>\u201d \u201e<em>K\u00f6sz\u00f6n\u00f6m! Ism\u00e9telten soha jobbkor! K\u00f6sz\u00f6n\u00f6m.<\/em>\u201d \u201e<em>Nagyon sz\u00f3rakoztat\u00f3ak az \u00edr\u00e1sai. T\u00e9nyleg!<\/em>\u201d \u201e<em>Sok h\u00edrleveledben megeml\u00edted, hogy Sz\u00e1modra a h\u00e1zass\u00e1g milyen fontos. Ez nagyon j\u00f3 p\u00e9lda. Egy stabil pont vagytok nekem, mint mag\u00e1nembernek, \u00e9s mint c\u00e9gvezet\u0151nek is. Ez\u00e9rt szeretn\u00e9lek elismerni Titeket a feles\u00e9geddel. T\u00e9ged \u00e9s \u00c9vit is.<\/em>\u201d \u201e<em>K\u00f6sz\u00f6n\u00f6m! Ma pont erre a lev\u00e9lre volt sz\u00fcks\u00e9gem.<\/em>\u201d \u201e<em>Ez most az elm\u00falt n\u00e9h\u00e1ny \u00e9v egyik legjobb h\u00edrlevele volt a sz\u00e1momra. Pont ezeket a dolgokat teszem rendbe magamban. Most nekem nagyon betal\u00e1lt.<\/em>\u201d \u201e<em>Mindig elolvasom a H\u00e9tz\u00e1r\u00f3 gondolataidat. Eddig ez \u00fct\u00f6tt a legjobban.<\/em>\u201d \u201e<em>Nagyon tal\u00e1lt, im\u00e1dom olvasni! Szem\u00e9lyis\u00e9g\u00e9p\u00edt\u0151 \u00e9s tiszteletrem\u00e9lt\u00f3an \u0151szinte. Olykor m\u00e9g tov\u00e1bb is k\u00fcld\u00f6m a gondolatokat. Az id\u00e9zetet le is \u00edrtam magamnak a telefonomba.<\/em>\u201d \u201e<em>Hu! Ez \u00edgy el\u00e9g kerek! B\u00e1tor vagy! Ez\u00e9rt IS szeretlek! Minden mondatod j\u00f3l van, ahogy van. M\u00e9g ha n\u00e9ha kicsit f\u00e1j is.<\/em>\u201d \u201e<em>Nagyon k\u00f6sz\u00f6n\u00f6m gondolataidat. Nem is tudod, mekkora aktualit\u00e1ssal b\u00edrnak!<\/em>\u201d H\u00e1t ilyeneket \u00edrnak nekem! Alig gy\u0151z\u00f6m megv\u00e1laszolni \u0151ket! Neh\u00e9z volt kiv\u00e1logatni a rengeteg pozit\u00edv visszajelz\u00e9sb\u0151l a fentieket. M\u00e9g \u00edgy is kicsit sok lett. De tal\u00e1n ad egy k\u00e9pet arr\u00f3l, hogy mi is az, amit csin\u00e1lok. Rem\u00e9lem, T\u00e9ged is arra inspir\u00e1l, hogy elolvasd a k\u00f6nyv\u00a0<em>H\u00e9tz\u00e1r\u00f3 gondolatait<\/em>. Nagyon k\u00f6sz\u00f6n\u00f6m Neked, hogy megvetted ezt a k\u00f6nyvet! Olvasd \u00f6r\u00f6mmel! Rem\u00e9lem, hogy tetszeni fog! Tegye jobb\u00e1, v\u00e1ltoztassa meg az \u00e9letedet!<br \/>\n<strong>Kedves Bar\u00e1tom! J\u00f3 olvas\u00e1st k\u00edv\u00e1nok!<\/strong><\/div>\n<div><\/div>\n<div><strong>M\u00e9g nincs a polcodon a k\u00f6nyv? <b>Rendeld meg MOST!<\/b><\/strong><\/div>\n","protected":false},"excerpt":{"rendered":"<p>Vigy\u00e1zz! Ez a k\u00f6nyv nem csak a c\u00e9l\u00e1ll\u00edt\u00e1s szab\u00e1lyair\u00f3l sz\u00f3l! Akkor meg mir\u0151l? 52 fejezetben olvashatsz c\u00e9gvezet\u00e9si probl\u00e9m\u00e1kr\u00f3l, melyekre \u00faj \u00f6tleteket szerzel sz\u00f3rakoztat\u00f3 sztorikon kereszt\u00fcl.<\/p>\n","protected":false},"featured_media":2348,"template":"","meta":{"site-sidebar-layout":"default","site-content-layout":"","ast-site-content-layout":"default","site-content-style":"default","site-sidebar-style":"default","ast-global-header-display":"","ast-banner-title-visibility":"","ast-main-header-display":"","ast-hfb-above-header-display":"","ast-hfb-below-header-display":"","ast-hfb-mobile-header-display":"","site-post-title":"","ast-breadcrumbs-content":"","ast-featured-img":"","footer-sml-layout":"","ast-disable-related-posts":"","theme-transparent-header-meta":"","adv-header-id-meta":"","stick-header-meta":"","header-above-stick-meta":"","header-main-stick-meta":"","header-below-stick-meta":"","astra-migrate-meta-layouts":"default","ast-page-background-enabled":"default","ast-page-background-meta":{"desktop":{"background-color":"var(--ast-global-color-4)","background-image":"","background-repeat":"repeat","background-position":"center center","background-size":"auto","background-attachment":"scroll","background-type":"","background-media":"","overlay-type":"","overlay-color":"","overlay-opacity":"","overlay-gradient":""},"tablet":{"background-color":"","background-image":"","background-repeat":"repeat","background-position":"center center","background-size":"auto","background-attachment":"scroll","background-type":"","background-media":"","overlay-type":"","overlay-color":"","overlay-opacity":"","overlay-gradient":""},"mobile":{"background-color":"","background-image":"","background-repeat":"repeat","background-position":"center center","background-size":"auto","background-attachment":"scroll","background-type":"","background-media":"","overlay-type":"","overlay-color":"","overlay-opacity":"","overlay-gradient":""}},"ast-content-background-meta":{"desktop":{"background-color":"var(--ast-global-color-5)","background-image":"","background-repeat":"repeat","background-position":"center center","background-size":"auto","background-attachment":"scroll","background-type":"","background-media":"","overlay-type":"","overlay-color":"","overlay-opacity":"","overlay-gradient":""},"tablet":{"background-color":"var(--ast-global-color-5)","background-image":"","background-repeat":"repeat","background-position":"center center","background-size":"auto","background-attachment":"scroll","background-type":"","background-media":"","overlay-type":"","overlay-color":"","overlay-opacity":"","overlay-gradient":""},"mobile":{"background-color":"var(--ast-global-color-5)","background-image":"","background-repeat":"repeat","background-position":"center center","background-size":"auto","background-attachment":"scroll","background-type":"","background-media":"","overlay-type":"","overlay-color":"","overlay-opacity":"","overlay-gradient":""}}},"product_brand":[],"product_cat":[43],"product_tag":[],"class_list":{"0":"post-2347","1":"product","2":"type-product","3":"status-publish","4":"has-post-thumbnail","6":"product_cat-konyveink","7":"desktop-align-left","8":"tablet-align-left","9":"mobile-align-left","11":"first","12":"instock","13":"taxable","14":"shipping-taxable","15":"purchasable","16":"product-type-simple"},"yoast_head":"<!-- This site is optimized with the Yoast SEO plugin v26.9 - https:\/\/yoast.com\/product\/yoast-seo-wordpress\/ -->\n<title>A c\u00e9l\u00e1ll\u00edt\u00e1s szab\u00e1lyai - Seminar Consulting<\/title>\n<meta name=\"robots\" content=\"index, follow, max-snippet:-1, max-image-preview:large, max-video-preview:-1\" \/>\n<link rel=\"canonical\" href=\"https:\/\/seminarconsulting.ro\/a-celallitas-szabalyai\/\" \/>\n<meta property=\"og:locale\" content=\"ro_RO\" \/>\n<meta property=\"og:type\" content=\"article\" \/>\n<meta property=\"og:title\" content=\"A c\u00e9l\u00e1ll\u00edt\u00e1s szab\u00e1lyai - Seminar Consulting\" \/>\n<meta property=\"og:description\" content=\"Vigy\u00e1zz! Ez a k\u00f6nyv nem csak a c\u00e9l\u00e1ll\u00edt\u00e1s szab\u00e1lyair\u00f3l sz\u00f3l! Akkor meg mir\u0151l? 52 fejezetben olvashatsz c\u00e9gvezet\u00e9si probl\u00e9m\u00e1kr\u00f3l, melyekre \u00faj \u00f6tleteket szerzel sz\u00f3rakoztat\u00f3 sztorikon kereszt\u00fcl.\" \/>\n<meta property=\"og:url\" content=\"https:\/\/seminarconsulting.ro\/a-celallitas-szabalyai\/\" \/>\n<meta property=\"og:site_name\" content=\"Seminar Consulting\" \/>\n<meta property=\"article:modified_time\" content=\"2025-12-16T08:35:41+00:00\" \/>\n<meta property=\"og:image\" content=\"https:\/\/seminarconsulting.ro\/wp-content\/uploads\/2020\/04\/PiroskaGyula_A_celallitas_szabalyai_elolap.jpg\" \/>\n\t<meta property=\"og:image:width\" content=\"300\" \/>\n\t<meta property=\"og:image:height\" content=\"460\" \/>\n\t<meta property=\"og:image:type\" content=\"image\/jpeg\" \/>\n<meta name=\"twitter:card\" content=\"summary_large_image\" \/>\n<meta name=\"twitter:label1\" content=\"Timp estimat pentru citire\" \/>\n\t<meta name=\"twitter:data1\" content=\"8 minute\" \/>\n<script type=\"application\/ld+json\" class=\"yoast-schema-graph\">{\"@context\":\"https:\/\/schema.org\",\"@graph\":[{\"@type\":\"WebPage\",\"@id\":\"https:\/\/seminarconsulting.ro\/a-celallitas-szabalyai\/\",\"url\":\"https:\/\/seminarconsulting.ro\/a-celallitas-szabalyai\/\",\"name\":\"A c\u00e9l\u00e1ll\u00edt\u00e1s szab\u00e1lyai - Seminar Consulting\",\"isPartOf\":{\"@id\":\"https:\/\/seminarconsulting.ro\/#website\"},\"primaryImageOfPage\":{\"@id\":\"https:\/\/seminarconsulting.ro\/a-celallitas-szabalyai\/#primaryimage\"},\"image\":{\"@id\":\"https:\/\/seminarconsulting.ro\/a-celallitas-szabalyai\/#primaryimage\"},\"thumbnailUrl\":\"https:\/\/seminarconsulting.ro\/wp-content\/uploads\/2020\/04\/PiroskaGyula_A_celallitas_szabalyai_elolap.jpg\",\"datePublished\":\"2020-04-23T08:40:09+00:00\",\"dateModified\":\"2025-12-16T08:35:41+00:00\",\"breadcrumb\":{\"@id\":\"https:\/\/seminarconsulting.ro\/a-celallitas-szabalyai\/#breadcrumb\"},\"inLanguage\":\"ro-RO\",\"potentialAction\":[{\"@type\":\"ReadAction\",\"target\":[\"https:\/\/seminarconsulting.ro\/a-celallitas-szabalyai\/\"]}]},{\"@type\":\"ImageObject\",\"inLanguage\":\"ro-RO\",\"@id\":\"https:\/\/seminarconsulting.ro\/a-celallitas-szabalyai\/#primaryimage\",\"url\":\"https:\/\/seminarconsulting.ro\/wp-content\/uploads\/2020\/04\/PiroskaGyula_A_celallitas_szabalyai_elolap.jpg\",\"contentUrl\":\"https:\/\/seminarconsulting.ro\/wp-content\/uploads\/2020\/04\/PiroskaGyula_A_celallitas_szabalyai_elolap.jpg\",\"width\":300,\"height\":460,\"caption\":\"A c\u00e9l\u00e1ll\u00edt\u00e1s szab\u00e1lyai\"},{\"@type\":\"BreadcrumbList\",\"@id\":\"https:\/\/seminarconsulting.ro\/a-celallitas-szabalyai\/#breadcrumb\",\"itemListElement\":[{\"@type\":\"ListItem\",\"position\":1,\"name\":\"Home\",\"item\":\"https:\/\/seminarconsulting.ro\/\"},{\"@type\":\"ListItem\",\"position\":2,\"name\":\"C\u0103r\u021bi\",\"item\":\"https:\/\/seminarconsulting.ro\/ro\/carti\/\"},{\"@type\":\"ListItem\",\"position\":3,\"name\":\"A c\u00e9l\u00e1ll\u00edt\u00e1s szab\u00e1lyai\"}]},{\"@type\":\"WebSite\",\"@id\":\"https:\/\/seminarconsulting.ro\/#website\",\"url\":\"https:\/\/seminarconsulting.ro\/\",\"name\":\"Seminar Consulting\",\"description\":\"A c&eacute;gvezet\u0151k bar&aacute;tja\",\"publisher\":{\"@id\":\"https:\/\/seminarconsulting.ro\/#organization\"},\"potentialAction\":[{\"@type\":\"SearchAction\",\"target\":{\"@type\":\"EntryPoint\",\"urlTemplate\":\"https:\/\/seminarconsulting.ro\/?s={search_term_string}\"},\"query-input\":{\"@type\":\"PropertyValueSpecification\",\"valueRequired\":true,\"valueName\":\"search_term_string\"}}],\"inLanguage\":\"ro-RO\"},{\"@type\":\"Organization\",\"@id\":\"https:\/\/seminarconsulting.ro\/#organization\",\"name\":\"Seminar Consulting\",\"url\":\"https:\/\/seminarconsulting.ro\/\",\"logo\":{\"@type\":\"ImageObject\",\"inLanguage\":\"ro-RO\",\"@id\":\"https:\/\/seminarconsulting.ro\/#\/schema\/logo\/image\/\",\"url\":\"https:\/\/seminarconsulting.ro\/wp-content\/uploads\/2024\/11\/cropped-Logo-RGB.png\",\"contentUrl\":\"https:\/\/seminarconsulting.ro\/wp-content\/uploads\/2024\/11\/cropped-Logo-RGB.png\",\"width\":1656,\"height\":406,\"caption\":\"Seminar Consulting\"},\"image\":{\"@id\":\"https:\/\/seminarconsulting.ro\/#\/schema\/logo\/image\/\"}}]}<\/script>\n<!-- \/ Yoast SEO plugin. -->","yoast_head_json":{"title":"A c\u00e9l\u00e1ll\u00edt\u00e1s szab\u00e1lyai - Seminar Consulting","robots":{"index":"index","follow":"follow","max-snippet":"max-snippet:-1","max-image-preview":"max-image-preview:large","max-video-preview":"max-video-preview:-1"},"canonical":"https:\/\/seminarconsulting.ro\/a-celallitas-szabalyai\/","og_locale":"ro_RO","og_type":"article","og_title":"A c\u00e9l\u00e1ll\u00edt\u00e1s szab\u00e1lyai - Seminar Consulting","og_description":"Vigy\u00e1zz! Ez a k\u00f6nyv nem csak a c\u00e9l\u00e1ll\u00edt\u00e1s szab\u00e1lyair\u00f3l sz\u00f3l! Akkor meg mir\u0151l? 52 fejezetben olvashatsz c\u00e9gvezet\u00e9si probl\u00e9m\u00e1kr\u00f3l, melyekre \u00faj \u00f6tleteket szerzel sz\u00f3rakoztat\u00f3 sztorikon kereszt\u00fcl.","og_url":"https:\/\/seminarconsulting.ro\/a-celallitas-szabalyai\/","og_site_name":"Seminar Consulting","article_modified_time":"2025-12-16T08:35:41+00:00","og_image":[{"width":300,"height":460,"url":"https:\/\/seminarconsulting.ro\/wp-content\/uploads\/2020\/04\/PiroskaGyula_A_celallitas_szabalyai_elolap.jpg","type":"image\/jpeg"}],"twitter_card":"summary_large_image","twitter_misc":{"Timp estimat pentru citire":"8 minute"},"schema":{"@context":"https:\/\/schema.org","@graph":[{"@type":"WebPage","@id":"https:\/\/seminarconsulting.ro\/a-celallitas-szabalyai\/","url":"https:\/\/seminarconsulting.ro\/a-celallitas-szabalyai\/","name":"A c\u00e9l\u00e1ll\u00edt\u00e1s szab\u00e1lyai - Seminar Consulting","isPartOf":{"@id":"https:\/\/seminarconsulting.ro\/#website"},"primaryImageOfPage":{"@id":"https:\/\/seminarconsulting.ro\/a-celallitas-szabalyai\/#primaryimage"},"image":{"@id":"https:\/\/seminarconsulting.ro\/a-celallitas-szabalyai\/#primaryimage"},"thumbnailUrl":"https:\/\/seminarconsulting.ro\/wp-content\/uploads\/2020\/04\/PiroskaGyula_A_celallitas_szabalyai_elolap.jpg","datePublished":"2020-04-23T08:40:09+00:00","dateModified":"2025-12-16T08:35:41+00:00","breadcrumb":{"@id":"https:\/\/seminarconsulting.ro\/a-celallitas-szabalyai\/#breadcrumb"},"inLanguage":"ro-RO","potentialAction":[{"@type":"ReadAction","target":["https:\/\/seminarconsulting.ro\/a-celallitas-szabalyai\/"]}]},{"@type":"ImageObject","inLanguage":"ro-RO","@id":"https:\/\/seminarconsulting.ro\/a-celallitas-szabalyai\/#primaryimage","url":"https:\/\/seminarconsulting.ro\/wp-content\/uploads\/2020\/04\/PiroskaGyula_A_celallitas_szabalyai_elolap.jpg","contentUrl":"https:\/\/seminarconsulting.ro\/wp-content\/uploads\/2020\/04\/PiroskaGyula_A_celallitas_szabalyai_elolap.jpg","width":300,"height":460,"caption":"A c\u00e9l\u00e1ll\u00edt\u00e1s szab\u00e1lyai"},{"@type":"BreadcrumbList","@id":"https:\/\/seminarconsulting.ro\/a-celallitas-szabalyai\/#breadcrumb","itemListElement":[{"@type":"ListItem","position":1,"name":"Home","item":"https:\/\/seminarconsulting.ro\/"},{"@type":"ListItem","position":2,"name":"C\u0103r\u021bi","item":"https:\/\/seminarconsulting.ro\/ro\/carti\/"},{"@type":"ListItem","position":3,"name":"A c\u00e9l\u00e1ll\u00edt\u00e1s szab\u00e1lyai"}]},{"@type":"WebSite","@id":"https:\/\/seminarconsulting.ro\/#website","url":"https:\/\/seminarconsulting.ro\/","name":"Seminar Consulting","description":"A c&eacute;gvezet\u0151k bar&aacute;tja","publisher":{"@id":"https:\/\/seminarconsulting.ro\/#organization"},"potentialAction":[{"@type":"SearchAction","target":{"@type":"EntryPoint","urlTemplate":"https:\/\/seminarconsulting.ro\/?s={search_term_string}"},"query-input":{"@type":"PropertyValueSpecification","valueRequired":true,"valueName":"search_term_string"}}],"inLanguage":"ro-RO"},{"@type":"Organization","@id":"https:\/\/seminarconsulting.ro\/#organization","name":"Seminar Consulting","url":"https:\/\/seminarconsulting.ro\/","logo":{"@type":"ImageObject","inLanguage":"ro-RO","@id":"https:\/\/seminarconsulting.ro\/#\/schema\/logo\/image\/","url":"https:\/\/seminarconsulting.ro\/wp-content\/uploads\/2024\/11\/cropped-Logo-RGB.png","contentUrl":"https:\/\/seminarconsulting.ro\/wp-content\/uploads\/2024\/11\/cropped-Logo-RGB.png","width":1656,"height":406,"caption":"Seminar Consulting"},"image":{"@id":"https:\/\/seminarconsulting.ro\/#\/schema\/logo\/image\/"}}]}},"_links":{"self":[{"href":"https:\/\/seminarconsulting.ro\/ro\/wp-json\/wp\/v2\/product\/2347","targetHints":{"allow":["GET"]}}],"collection":[{"href":"https:\/\/seminarconsulting.ro\/ro\/wp-json\/wp\/v2\/product"}],"about":[{"href":"https:\/\/seminarconsulting.ro\/ro\/wp-json\/wp\/v2\/types\/product"}],"version-history":[{"count":0,"href":"https:\/\/seminarconsulting.ro\/ro\/wp-json\/wp\/v2\/product\/2347\/revisions"}],"wp:featuredmedia":[{"embeddable":true,"href":"https:\/\/seminarconsulting.ro\/ro\/wp-json\/wp\/v2\/media\/2348"}],"wp:attachment":[{"href":"https:\/\/seminarconsulting.ro\/ro\/wp-json\/wp\/v2\/media?parent=2347"}],"wp:term":[{"taxonomy":"product_brand","embeddable":true,"href":"https:\/\/seminarconsulting.ro\/ro\/wp-json\/wp\/v2\/product_brand?post=2347"},{"taxonomy":"product_cat","embeddable":true,"href":"https:\/\/seminarconsulting.ro\/ro\/wp-json\/wp\/v2\/product_cat?post=2347"},{"taxonomy":"product_tag","embeddable":true,"href":"https:\/\/seminarconsulting.ro\/ro\/wp-json\/wp\/v2\/product_tag?post=2347"}],"curies":[{"name":"wp","href":"https:\/\/api.w.org\/{rel}","templated":true}]}}