{"id":2350,"date":"2020-04-23T08:43:15","date_gmt":"2020-04-23T08:43:15","guid":{"rendered":"https:\/\/seminarconsulting.web-staging.eu\/?post_type=product&#038;p=2350"},"modified":"2025-12-16T08:34:58","modified_gmt":"2025-12-16T08:34:58","slug":"lokd-a-kecsket-a-szakadekba","status":"publish","type":"product","link":"https:\/\/seminarconsulting.ro\/ro\/lokd-a-kecsket-a-szakadekba\/","title":{"rendered":"L\u00f6kd a kecsk\u00e9t a szakad\u00e9kba!"},"content":{"rendered":"<p><em>H\u00e9tz\u00e1r\u00f3 gondolataimat<\/em>\u00a0t\u00f6bbsz\u00e1zezres h\u00edrlev\u00e9l lista olvassa h\u00e9tv\u00e9genk\u00e9nt. Ez a k\u00f6nyv egy \u00e9vnyit tartalmaz bel\u0151l\u00fck. R\u00f6vid, k\u00f6nnyed, sz\u00f3rakoztat\u00f3, m\u00e9gis m\u00e9ly gondolatokat \u00e1tad\u00f3 \u00edr\u00e1sok. Mir\u0151l sz\u00f3lnak? Seg\u00edtenek Neked, mint vezet\u0151nek\u00a0<strong>\u00faj n\u00e9z\u0151pontokat felvenni<\/strong>, hogy min\u00e9l t\u00f6bb eszk\u00f6z\u00f6d legyen a c\u00e9ges probl\u00e9m\u00e1k megold\u00e1s\u00e1hoz. Ha k\u00fczdesz azzal,\u00a0<strong>hogyan tal\u00e1lj megfelel\u0151 munkaer\u0151t<\/strong>, hogyan kezeld \u00e9s motiv\u00e1ld az embereidet vagy \u00e9pp azzal, hogyan \u00e9rj el nagy c\u00e9lokat \u00e9s maradj etikus, k\u00f6vetkezetes vezet\u0151, akkor hasznos olvasm\u00e1ny lesz Sz\u00e1modra.<\/p>\n<p><strong>N\u00e9h\u00e1ny fejezetc\u00edm:<\/strong><\/p>\n<p>\u2013 Legy\u00e9l Te is \u00f6reg k\u00ednai, ne pedig\u00a0<em>Pavlov\u00a0<\/em>kuty\u00e1ja! \u2013 Te vagy a c\u00e9ged\u00e9rt, vagy a c\u00e9ged van \u00e9rted? \u2013 Tanulj\u00a0<em>Abramovicst\u00f3l<\/em>, a\u00a0<em>Chelsea FC<\/em>\u00a0tulajdonos\u00e1t\u00f3l! \u2013 Mit \u00edrj\u00e1l az \u00e1ll\u00e1shirdet\u00e9sbe? \u2013 Ne l\u00e9gy a gy\u00f3gyszergy\u00e1rak \u00e1ldozata! \u2013 Nyugodtan n\u00e9zel-e szembe a hal\u00e1llal? \u2013 Trag\u00e9dia a magyar oktat\u00e1sban \u2013 A nemzet aljas vagy m\u0171veletlen? \u2013\u00a0<em>Koncz Zsuzsa<\/em>\u00a0\u00e9s\u00a0<em>Br\u00f3dy\u00a0<\/em>m\u00e1r megint igazat mondott<\/p>\n<p>&nbsp;<\/p>\n<p><strong>\u00cdzel\u00edt\u0151\u00fcl \u00e1lljon itt a k\u00f6nyv el\u0151szava:<\/strong><\/p>\n<p><strong>Kedves Bar\u00e1tom! <\/strong><em>D\u00f3ri\u00a0<\/em>l\u00e1nyom \u00f6tlet\u00e9re, h\u00e1rom \u00e9vvel ezel\u0151tt kezdtem el\u00a0<em>H\u00e9tz\u00e1r\u00f3 gondolatokat<\/em>\u00a0\u00edrni a h\u00edrlev\u00e9l list\u00e1nknak. Az eredeti sz\u00e1nd\u00e9k az volt, hogy emelj\u00fck a marketing\u00fcnk sz\u00ednvonal\u00e1t. M\u00e1ra azonban eg\u00e9sz nagy, lelkes olvas\u00f3t\u00e1bora lett a\u00a0<em>H\u00e9tz\u00e1r\u00f3 gondolatoknak<\/em>. Ha n\u00e9ha k\u00e9sve k\u00fcld\u00f6m ki, az olvas\u00f3im felel\u0151ss\u00e9gre vonnak. Sok pozit\u00edv visszajelz\u00e9st kapok m\u00e9g hat\u00e1rainkon t\u00falr\u00f3l is az egyes \u00edr\u00e1sokra. <strong>Ilyeneket p\u00e9ld\u00e1ul:<\/strong><em>\u00a0\u00a0\u00a0\u00a0 \u201eK\u00f6sz\u00f6n\u00f6m, hogy ilyen j\u00f3 \u00e9s tanuls\u00e1gos dolgokat k\u00fcldesz sok embernek, k\u00f6zt\u00fck nekem is. Sose hagyd abba!\u201d \u201e\u00d6r\u00fcl\u00f6k, hogy ilyen felejthetetlen pillanatokat tudsz ny\u00fajtani mindny\u00e1junknak: oktat\u00e1ssal, zen\u00e9vel, mes\u00e9l\u00e9ssel egyar\u00e1nt.\u201d \u201eA leveleidhez l\u00e1ncolt\u00e1l az eredetis\u00e9geddel, \u00e9letszer\u0171s\u00e9geddel, olykor meglep\u0151en \u0151szinte \u00e9rzelmi felt\u00e1rulkoz\u00e1soddal.\u201d \u201eK\u00f6sz\u00f6n\u00f6m Neked, hogy h\u00e9tr\u0151l h\u00e9tre megosztod a gondolataidat. Elgondolkoztat\u00f3k, \u00f6r\u00f6mteliek, inspir\u00e1l\u00f3ak, felemel\u0151k. Hasznosak. Val\u00f3ban a c\u00e9gvezet\u0151k bar\u00e1tja vagy.\u201d \u201eSzeretem az \u00edr\u00e1saidat, sz\u00edvesen olvasom \u0151ket. Egyeznek az \u00e9n gondolkod\u00e1sm\u00f3dommal.\u201d \u201eOlyat \u00edrt\u00e1l most, hogy esk\u00fcsz\u00f6m, megk\u00f6nnyeztem. Annyi \u00e9let, er\u0151, szeretet, hit volt benne, hogy ihaj.\u201d \u201eNa, ilyet m\u00e9g nem \u00edrtam senkinek. De AZ ISTEN \u00c1LDJON MEG! Ez annyira sz\u00e9p \u00edr\u00e1s, hogy h\u0171ha! Nagyon nagy k\u00f6sz\u00f6net, hogy le\u00edrtad!\u201d \u201eKellemesebb\u00e9 var\u00e1zsoltad a vas\u00e1rnapunkat. Szeretem a H\u00e9tz\u00e1r\u00f3 gondolataidat! Nagyon j\u00f3kat \u00edrsz, \u00e9s a v\u00e9g\u00e9re sz\u00e9pen kihozod bel\u0151le a l\u00e9nyeget!\u201d<\/em><em>\u00a0\u00a0\u00a0 \u201eKlassz vagy! Ez a leveled egy igazi szenz\u00e1ci\u00f3! Gratul\u00e1lok hozz\u00e1! Minden r\u00e9szlet brili\u00e1ns, kidolgozott, hib\u00e1tlan. Tank\u00f6nyvekbe ill\u0151 kicsiknek \u00e9s nagyoknak. Ki fogom nyomtatni, \u00e9s j\u00f3l l\u00e1that\u00f3 helyre teszem, \u00e9s nagyon sokszor el fogom olvasni. Eg\u00e9szen addig, m\u00edg k\u00edv\u00fclr\u0151l betanulom, \u00e9s a saj\u00e1tomk\u00e9nt mindenkinek tov\u00e1bbadom.\u201d \u201eSzeretn\u00e9lek meger\u0151s\u00edteni, hogy amit l\u00e1tok itt a h\u00edrlevelekben, az nagyon b\u00e1tor, \u00e9s nagyon kem\u00e9ny v\u00e1ltoz\u00e1st s\u00fcrget\u0151. Sok ilyen kellene m\u00e9g!\u201d<\/em> \u0150k nyilv\u00e1n t\u00faloznak! Tal\u00e1n szerelmesek bel\u00e9m!<\/p>\n<p>Vagy valami ilyesmi! \ud83d\ude42 De att\u00f3l m\u00e9g j\u00f3l esnek az ilyen \u00e9s ehhez hasonl\u00f3 visszajelz\u00e9sek. Az elej\u00e9n egy hetente kipip\u00e1land\u00f3 marketing feladat volt csup\u00e1n a<em>H\u00e9tz\u00e1r\u00f3 gondolat\u00a0<\/em>\u00edr\u00e1s a sz\u00e1momra. M\u00e1ra azonban rendszeres sz\u00f3rakoz\u00e1ss\u00e1 v\u00e1lt a h\u00e9tv\u00e9gi \u00edr\u00f3i munka. Ez a k\u00f6nyv egy \u00e9vnyi\u00a0<em>H\u00e9tz\u00e1r\u00f3 gondolatot\u00a0<\/em>tartalmaz, 2013. november 1-t\u0151l 2014. okt\u00f3ber 26-ig. Alapvet\u0151en c\u00e9gtulajdonosoknak, v\u00e1llalkoz\u00f3knak, c\u00e9gvezet\u0151knek sz\u00e1ntam ezeket az \u00edr\u00e1sokat. Azonban m\u00e1ra a legk\u00fcl\u00f6nb\u00f6z\u0151bb emberek olvass\u00e1k, a csal\u00e1dany\u00e1t\u00f3l a k\u00e9tkezi munk\u00e1sig. <strong>\u00a0\u00a0\u00a0<\/strong>\u00a0\u00c9n meg tavaly ny\u00e1ron r\u00e1j\u00f6ttem, hogy tulajdonk\u00e9ppen a gyermekeimnek is \u00edrom \u0151ket. <em>George Samuel Clason<\/em>\u00a0k\u00f6nyve, a<em>\u00a0Babilon leggazdagabb embere<\/em>\u00a0jut az eszembe err\u0151l. 1926-ban \u00edrta a k\u00f6nyvet, amely tulajdonk\u00e9ppen a p\u00e9nz\u00fcgyi sikerr\u0151l, a takar\u00e9koskod\u00e1sr\u00f3l \u00e9s a gazd\u00e1lkod\u00e1sr\u00f3l sz\u00f3l\u00f3 babiloni tanmes\u00e9kb\u0151l \u00e1ll. Sokmilli\u00f3 p\u00e9ld\u00e1nyban adt\u00e1k az \u00e9vek sor\u00e1n. A benne l\u00e9v\u0151 gondolatok a mai kor embere sz\u00e1m\u00e1ra is hasznosak \u00e9s aktu\u00e1lisak. <em>\u00a0\u00a0\u00a0 \u201eAz arany \u00f6t szab\u00e1lya\u201d\u00a0<\/em>c\u00edm\u0171 t\u00f6rt\u00e9net Babilon leggazdagabb ember\u00e9nek,\u00a0<em>Arkadnak\u00a0<\/em>a fi\u00e1r\u00f3l sz\u00f3l. <em>Nomasirnak\u00a0<\/em>h\u00edvt\u00e1k! Babilonban az volt a szok\u00e1s, hogy a m\u00f3dos sz\u00fcl\u0151k gyermekei egy\u00fctt laktak a sz\u00fcleikkel, \u00e9s k\u00e9s\u0151bb \u0151k \u00f6r\u00f6k\u00f6lt\u00e9k a vagyont, a birtokot. <em>Nomasir\u00a0<\/em>apj\u00e1nak nem tetszett ez a szok\u00e1s. Szerette volna, ha a fia bebizony\u00edtja a r\u00e1termetts\u00e9g\u00e9t. Ez\u00e9rt adott neki egy zs\u00e1k aranyat \u00e9s egy agyagt\u00e1bl\u00e1t, melyre r\u00e1\u00edrta az arany \u00f6t szab\u00e1ly\u00e1t. Azt\u00e1n \u00fatra bocs\u00e1jtotta\u00a0<em>Nomasirt\u00a0<\/em>azzal, hogy t\u00edz \u00e9v m\u00falva visszav\u00e1rja. Addig bizony\u00edtsa be, hogy tud b\u00e1nni az arannyal, \u00e9s ki tudja v\u00edvni az embert\u00e1rsai tisztelet\u00e9t, megbecs\u00fcl\u00e9s\u00e9t. <em>Nomasir\u00a0<\/em>\u00fatra kelt, \u00e9s t\u00edz \u00e9v m\u00falva visszat\u00e9rt a sz\u00fcleihez. Besz\u00e1molt a k\u00f6zben eltelt t\u00edz \u00e9vr\u0151l. Elmes\u00e9lte, hogy kezdetben az agyagt\u00e1bl\u00e1t nem is tanulm\u00e1nyozta. Viszont az aranyat hamar elherd\u00e1lta. Koldusbotra jutott! Akkor v\u00e9gre gondosan \u00e1ttanulm\u00e1nyozta apja agyagt\u00e1bl\u00e1ra \u00edrt b\u00f6lcsess\u00e9geit. R\u00e1j\u00f6tt, hogy ezek t\u00f6bbet \u00e9rnek minden aranyn\u00e1l. A szab\u00e1lyok betart\u00e1s\u00e1val a semmib\u0151l vagyont teremtett mag\u00e1nak. \u00cdgy, nagy b\u00fcszk\u00e9n, h\u00e1rom zs\u00e1k arannyal t\u00e9rt vissza apja h\u00e1z\u00e1ba. Valahogy \u00e9n is \u00edgy vagyok a l\u00e1nyaimmal. Tudom, hogy mindegyik\u00fck, \u00e9s a vejem is olvass\u00e1k az \u00edr\u00e1saimat. J\u00f3 \u00e9rz\u00e9s! Ez\u00e9rt azt\u00e1n minden alkalommal, amikor le\u00fcl\u00f6k H\u00e9tz\u00e1r\u00f3 gondolatot \u00edrni, legal\u00e1bb annyira nekik \u00edrom, mint a v\u00e1llalkoz\u00f3knak, c\u00e9gtulajdonosoknak, c\u00e9gvezet\u0151knek. Nagyon rem\u00e9lem, hogy a gyermekeimnek is a haszn\u00e1ra v\u00e1lik. \u00dagy gondolom, hogy a legt\u00f6bbet adom a sz\u00e1mukra, amit egy apa adhat a l\u00e1nyainak. \u00c9rt\u00e9krendet! Gondolkod\u00e1sm\u00f3dot! \u00c9s ir\u00e1nyelveket az \u00c9lethez! Nagyon k\u00f6sz\u00f6n\u00f6m Neked kedves\u00a0<em>Olvas\u00f3<\/em>, hogy megvetted \u00e9s elolvasod ezt a k\u00f6nyvet! Rem\u00e9lem, hogy tetszeni fog!<\/p>\n<p><strong>Legyen bel\u0151le Neked is legal\u00e1bb h\u00e1rom zs\u00e1k aranyad, mint <em>Nomasirnak<\/em>!<\/strong><strong> Kedves Bar\u00e1tom! J\u00f3 olvas\u00e1st k\u00edv\u00e1nok<em>!<\/em><\/strong><\/p>\n<p>&nbsp;<\/p>\n<p><strong>Ha a fentiek felkeltett\u00e9k az \u00e9rdekl\u0151d\u00e9sedet, javaslom, hogy\u00a0r<b>endeld meg MOST<\/b>\u00a0a k\u00f6nyvet!<\/strong><\/p>\n","protected":false},"excerpt":{"rendered":"<p>H\u00e9tz\u00e1r\u00f3 gondolataimat t\u00f6bbsz\u00e1zezres h\u00edrlev\u00e9l lista olvassa h\u00e9tv\u00e9genk\u00e9nt. Ez a k\u00f6nyv egy \u00e9vnyit tartalmaz bel\u0151l\u00fck. R\u00f6vid, k\u00f6nnyed, sz\u00f3rakoztat\u00f3, m\u00e9gis m\u00e9ly gondolatokat \u00e1tad\u00f3 \u00edr\u00e1sok.<\/p>\n","protected":false},"featured_media":2351,"template":"","meta":{"site-sidebar-layout":"default","site-content-layout":"","ast-site-content-layout":"default","site-content-style":"default","site-sidebar-style":"default","ast-global-header-display":"","ast-banner-title-visibility":"","ast-main-header-display":"","ast-hfb-above-header-display":"","ast-hfb-below-header-display":"","ast-hfb-mobile-header-display":"","site-post-title":"","ast-breadcrumbs-content":"","ast-featured-img":"","footer-sml-layout":"","ast-disable-related-posts":"","theme-transparent-header-meta":"","adv-header-id-meta":"","stick-header-meta":"","header-above-stick-meta":"","header-main-stick-meta":"","header-below-stick-meta":"","astra-migrate-meta-layouts":"default","ast-page-background-enabled":"default","ast-page-background-meta":{"desktop":{"background-color":"var(--ast-global-color-4)","background-image":"","background-repeat":"repeat","background-position":"center center","background-size":"auto","background-attachment":"scroll","background-type":"","background-media":"","overlay-type":"","overlay-color":"","overlay-opacity":"","overlay-gradient":""},"tablet":{"background-color":"","background-image":"","background-repeat":"repeat","background-position":"center center","background-size":"auto","background-attachment":"scroll","background-type":"","background-media":"","overlay-type":"","overlay-color":"","overlay-opacity":"","overlay-gradient":""},"mobile":{"background-color":"","background-image":"","background-repeat":"repeat","background-position":"center center","background-size":"auto","background-attachment":"scroll","background-type":"","background-media":"","overlay-type":"","overlay-color":"","overlay-opacity":"","overlay-gradient":""}},"ast-content-background-meta":{"desktop":{"background-color":"var(--ast-global-color-5)","background-image":"","background-repeat":"repeat","background-position":"center center","background-size":"auto","background-attachment":"scroll","background-type":"","background-media":"","overlay-type":"","overlay-color":"","overlay-opacity":"","overlay-gradient":""},"tablet":{"background-color":"var(--ast-global-color-5)","background-image":"","background-repeat":"repeat","background-position":"center center","background-size":"auto","background-attachment":"scroll","background-type":"","background-media":"","overlay-type":"","overlay-color":"","overlay-opacity":"","overlay-gradient":""},"mobile":{"background-color":"var(--ast-global-color-5)","background-image":"","background-repeat":"repeat","background-position":"center center","background-size":"auto","background-attachment":"scroll","background-type":"","background-media":"","overlay-type":"","overlay-color":"","overlay-opacity":"","overlay-gradient":""}}},"product_brand":[],"product_cat":[43],"product_tag":[],"class_list":{"0":"post-2350","1":"product","2":"type-product","3":"status-publish","4":"has-post-thumbnail","6":"product_cat-konyveink","7":"desktop-align-left","8":"tablet-align-left","9":"mobile-align-left","11":"first","12":"instock","13":"taxable","14":"shipping-taxable","15":"purchasable","16":"product-type-simple"},"yoast_head":"<!-- This site is optimized with the Yoast SEO plugin v26.9 - https:\/\/yoast.com\/product\/yoast-seo-wordpress\/ -->\n<title>L\u00f6kd a kecsk\u00e9t a szakad\u00e9kba! - Seminar Consulting<\/title>\n<meta name=\"robots\" content=\"index, follow, max-snippet:-1, max-image-preview:large, max-video-preview:-1\" \/>\n<link rel=\"canonical\" href=\"https:\/\/seminarconsulting.ro\/lokd-a-kecsket-a-szakadekba\/\" \/>\n<meta property=\"og:locale\" content=\"ro_RO\" \/>\n<meta property=\"og:type\" content=\"article\" \/>\n<meta property=\"og:title\" content=\"L\u00f6kd a kecsk\u00e9t a szakad\u00e9kba! - Seminar Consulting\" \/>\n<meta property=\"og:description\" content=\"H\u00e9tz\u00e1r\u00f3 gondolataimat t\u00f6bbsz\u00e1zezres h\u00edrlev\u00e9l lista olvassa h\u00e9tv\u00e9genk\u00e9nt. Ez a k\u00f6nyv egy \u00e9vnyit tartalmaz bel\u0151l\u00fck. R\u00f6vid, k\u00f6nnyed, sz\u00f3rakoztat\u00f3, m\u00e9gis m\u00e9ly gondolatokat \u00e1tad\u00f3 \u00edr\u00e1sok.\" \/>\n<meta property=\"og:url\" content=\"https:\/\/seminarconsulting.ro\/lokd-a-kecsket-a-szakadekba\/\" \/>\n<meta property=\"og:site_name\" content=\"Seminar Consulting\" \/>\n<meta property=\"article:modified_time\" content=\"2025-12-16T08:34:58+00:00\" \/>\n<meta property=\"og:image\" content=\"https:\/\/seminarconsulting.ro\/wp-content\/uploads\/2020\/04\/kecske-borito.jpg\" \/>\n\t<meta property=\"og:image:width\" content=\"300\" \/>\n\t<meta property=\"og:image:height\" content=\"460\" \/>\n\t<meta property=\"og:image:type\" content=\"image\/jpeg\" \/>\n<meta name=\"twitter:card\" content=\"summary_large_image\" \/>\n<meta name=\"twitter:label1\" content=\"Timp estimat pentru citire\" \/>\n\t<meta name=\"twitter:data1\" content=\"6 minute\" \/>\n<script type=\"application\/ld+json\" class=\"yoast-schema-graph\">{\"@context\":\"https:\/\/schema.org\",\"@graph\":[{\"@type\":\"WebPage\",\"@id\":\"https:\/\/seminarconsulting.ro\/lokd-a-kecsket-a-szakadekba\/\",\"url\":\"https:\/\/seminarconsulting.ro\/lokd-a-kecsket-a-szakadekba\/\",\"name\":\"L\u00f6kd a kecsk\u00e9t a szakad\u00e9kba! - Seminar Consulting\",\"isPartOf\":{\"@id\":\"https:\/\/seminarconsulting.ro\/#website\"},\"primaryImageOfPage\":{\"@id\":\"https:\/\/seminarconsulting.ro\/lokd-a-kecsket-a-szakadekba\/#primaryimage\"},\"image\":{\"@id\":\"https:\/\/seminarconsulting.ro\/lokd-a-kecsket-a-szakadekba\/#primaryimage\"},\"thumbnailUrl\":\"https:\/\/seminarconsulting.ro\/wp-content\/uploads\/2020\/04\/kecske-borito.jpg\",\"datePublished\":\"2020-04-23T08:43:15+00:00\",\"dateModified\":\"2025-12-16T08:34:58+00:00\",\"breadcrumb\":{\"@id\":\"https:\/\/seminarconsulting.ro\/lokd-a-kecsket-a-szakadekba\/#breadcrumb\"},\"inLanguage\":\"ro-RO\",\"potentialAction\":[{\"@type\":\"ReadAction\",\"target\":[\"https:\/\/seminarconsulting.ro\/lokd-a-kecsket-a-szakadekba\/\"]}]},{\"@type\":\"ImageObject\",\"inLanguage\":\"ro-RO\",\"@id\":\"https:\/\/seminarconsulting.ro\/lokd-a-kecsket-a-szakadekba\/#primaryimage\",\"url\":\"https:\/\/seminarconsulting.ro\/wp-content\/uploads\/2020\/04\/kecske-borito.jpg\",\"contentUrl\":\"https:\/\/seminarconsulting.ro\/wp-content\/uploads\/2020\/04\/kecske-borito.jpg\",\"width\":300,\"height\":460,\"caption\":\"L\u00f6kd a kecsk\u00e9t a szakad\u00e9kba\"},{\"@type\":\"BreadcrumbList\",\"@id\":\"https:\/\/seminarconsulting.ro\/lokd-a-kecsket-a-szakadekba\/#breadcrumb\",\"itemListElement\":[{\"@type\":\"ListItem\",\"position\":1,\"name\":\"Home\",\"item\":\"https:\/\/seminarconsulting.ro\/\"},{\"@type\":\"ListItem\",\"position\":2,\"name\":\"C\u0103r\u021bi\",\"item\":\"https:\/\/seminarconsulting.ro\/ro\/carti\/\"},{\"@type\":\"ListItem\",\"position\":3,\"name\":\"L\u00f6kd a kecsk\u00e9t a szakad\u00e9kba!\"}]},{\"@type\":\"WebSite\",\"@id\":\"https:\/\/seminarconsulting.ro\/#website\",\"url\":\"https:\/\/seminarconsulting.ro\/\",\"name\":\"Seminar Consulting\",\"description\":\"A c&eacute;gvezet\u0151k bar&aacute;tja\",\"publisher\":{\"@id\":\"https:\/\/seminarconsulting.ro\/#organization\"},\"potentialAction\":[{\"@type\":\"SearchAction\",\"target\":{\"@type\":\"EntryPoint\",\"urlTemplate\":\"https:\/\/seminarconsulting.ro\/?s={search_term_string}\"},\"query-input\":{\"@type\":\"PropertyValueSpecification\",\"valueRequired\":true,\"valueName\":\"search_term_string\"}}],\"inLanguage\":\"ro-RO\"},{\"@type\":\"Organization\",\"@id\":\"https:\/\/seminarconsulting.ro\/#organization\",\"name\":\"Seminar Consulting\",\"url\":\"https:\/\/seminarconsulting.ro\/\",\"logo\":{\"@type\":\"ImageObject\",\"inLanguage\":\"ro-RO\",\"@id\":\"https:\/\/seminarconsulting.ro\/#\/schema\/logo\/image\/\",\"url\":\"https:\/\/seminarconsulting.ro\/wp-content\/uploads\/2024\/11\/cropped-Logo-RGB.png\",\"contentUrl\":\"https:\/\/seminarconsulting.ro\/wp-content\/uploads\/2024\/11\/cropped-Logo-RGB.png\",\"width\":1656,\"height\":406,\"caption\":\"Seminar Consulting\"},\"image\":{\"@id\":\"https:\/\/seminarconsulting.ro\/#\/schema\/logo\/image\/\"}}]}<\/script>\n<!-- \/ Yoast SEO plugin. -->","yoast_head_json":{"title":"L\u00f6kd a kecsk\u00e9t a szakad\u00e9kba! - Seminar Consulting","robots":{"index":"index","follow":"follow","max-snippet":"max-snippet:-1","max-image-preview":"max-image-preview:large","max-video-preview":"max-video-preview:-1"},"canonical":"https:\/\/seminarconsulting.ro\/lokd-a-kecsket-a-szakadekba\/","og_locale":"ro_RO","og_type":"article","og_title":"L\u00f6kd a kecsk\u00e9t a szakad\u00e9kba! - Seminar Consulting","og_description":"H\u00e9tz\u00e1r\u00f3 gondolataimat t\u00f6bbsz\u00e1zezres h\u00edrlev\u00e9l lista olvassa h\u00e9tv\u00e9genk\u00e9nt. Ez a k\u00f6nyv egy \u00e9vnyit tartalmaz bel\u0151l\u00fck. R\u00f6vid, k\u00f6nnyed, sz\u00f3rakoztat\u00f3, m\u00e9gis m\u00e9ly gondolatokat \u00e1tad\u00f3 \u00edr\u00e1sok.","og_url":"https:\/\/seminarconsulting.ro\/lokd-a-kecsket-a-szakadekba\/","og_site_name":"Seminar Consulting","article_modified_time":"2025-12-16T08:34:58+00:00","og_image":[{"width":300,"height":460,"url":"https:\/\/seminarconsulting.ro\/wp-content\/uploads\/2020\/04\/kecske-borito.jpg","type":"image\/jpeg"}],"twitter_card":"summary_large_image","twitter_misc":{"Timp estimat pentru citire":"6 minute"},"schema":{"@context":"https:\/\/schema.org","@graph":[{"@type":"WebPage","@id":"https:\/\/seminarconsulting.ro\/lokd-a-kecsket-a-szakadekba\/","url":"https:\/\/seminarconsulting.ro\/lokd-a-kecsket-a-szakadekba\/","name":"L\u00f6kd a kecsk\u00e9t a szakad\u00e9kba! - Seminar Consulting","isPartOf":{"@id":"https:\/\/seminarconsulting.ro\/#website"},"primaryImageOfPage":{"@id":"https:\/\/seminarconsulting.ro\/lokd-a-kecsket-a-szakadekba\/#primaryimage"},"image":{"@id":"https:\/\/seminarconsulting.ro\/lokd-a-kecsket-a-szakadekba\/#primaryimage"},"thumbnailUrl":"https:\/\/seminarconsulting.ro\/wp-content\/uploads\/2020\/04\/kecske-borito.jpg","datePublished":"2020-04-23T08:43:15+00:00","dateModified":"2025-12-16T08:34:58+00:00","breadcrumb":{"@id":"https:\/\/seminarconsulting.ro\/lokd-a-kecsket-a-szakadekba\/#breadcrumb"},"inLanguage":"ro-RO","potentialAction":[{"@type":"ReadAction","target":["https:\/\/seminarconsulting.ro\/lokd-a-kecsket-a-szakadekba\/"]}]},{"@type":"ImageObject","inLanguage":"ro-RO","@id":"https:\/\/seminarconsulting.ro\/lokd-a-kecsket-a-szakadekba\/#primaryimage","url":"https:\/\/seminarconsulting.ro\/wp-content\/uploads\/2020\/04\/kecske-borito.jpg","contentUrl":"https:\/\/seminarconsulting.ro\/wp-content\/uploads\/2020\/04\/kecske-borito.jpg","width":300,"height":460,"caption":"L\u00f6kd a kecsk\u00e9t a szakad\u00e9kba"},{"@type":"BreadcrumbList","@id":"https:\/\/seminarconsulting.ro\/lokd-a-kecsket-a-szakadekba\/#breadcrumb","itemListElement":[{"@type":"ListItem","position":1,"name":"Home","item":"https:\/\/seminarconsulting.ro\/"},{"@type":"ListItem","position":2,"name":"C\u0103r\u021bi","item":"https:\/\/seminarconsulting.ro\/ro\/carti\/"},{"@type":"ListItem","position":3,"name":"L\u00f6kd a kecsk\u00e9t a szakad\u00e9kba!"}]},{"@type":"WebSite","@id":"https:\/\/seminarconsulting.ro\/#website","url":"https:\/\/seminarconsulting.ro\/","name":"Seminar Consulting","description":"A c&eacute;gvezet\u0151k bar&aacute;tja","publisher":{"@id":"https:\/\/seminarconsulting.ro\/#organization"},"potentialAction":[{"@type":"SearchAction","target":{"@type":"EntryPoint","urlTemplate":"https:\/\/seminarconsulting.ro\/?s={search_term_string}"},"query-input":{"@type":"PropertyValueSpecification","valueRequired":true,"valueName":"search_term_string"}}],"inLanguage":"ro-RO"},{"@type":"Organization","@id":"https:\/\/seminarconsulting.ro\/#organization","name":"Seminar Consulting","url":"https:\/\/seminarconsulting.ro\/","logo":{"@type":"ImageObject","inLanguage":"ro-RO","@id":"https:\/\/seminarconsulting.ro\/#\/schema\/logo\/image\/","url":"https:\/\/seminarconsulting.ro\/wp-content\/uploads\/2024\/11\/cropped-Logo-RGB.png","contentUrl":"https:\/\/seminarconsulting.ro\/wp-content\/uploads\/2024\/11\/cropped-Logo-RGB.png","width":1656,"height":406,"caption":"Seminar Consulting"},"image":{"@id":"https:\/\/seminarconsulting.ro\/#\/schema\/logo\/image\/"}}]}},"_links":{"self":[{"href":"https:\/\/seminarconsulting.ro\/ro\/wp-json\/wp\/v2\/product\/2350","targetHints":{"allow":["GET"]}}],"collection":[{"href":"https:\/\/seminarconsulting.ro\/ro\/wp-json\/wp\/v2\/product"}],"about":[{"href":"https:\/\/seminarconsulting.ro\/ro\/wp-json\/wp\/v2\/types\/product"}],"version-history":[{"count":0,"href":"https:\/\/seminarconsulting.ro\/ro\/wp-json\/wp\/v2\/product\/2350\/revisions"}],"wp:featuredmedia":[{"embeddable":true,"href":"https:\/\/seminarconsulting.ro\/ro\/wp-json\/wp\/v2\/media\/2351"}],"wp:attachment":[{"href":"https:\/\/seminarconsulting.ro\/ro\/wp-json\/wp\/v2\/media?parent=2350"}],"wp:term":[{"taxonomy":"product_brand","embeddable":true,"href":"https:\/\/seminarconsulting.ro\/ro\/wp-json\/wp\/v2\/product_brand?post=2350"},{"taxonomy":"product_cat","embeddable":true,"href":"https:\/\/seminarconsulting.ro\/ro\/wp-json\/wp\/v2\/product_cat?post=2350"},{"taxonomy":"product_tag","embeddable":true,"href":"https:\/\/seminarconsulting.ro\/ro\/wp-json\/wp\/v2\/product_tag?post=2350"}],"curies":[{"name":"wp","href":"https:\/\/api.w.org\/{rel}","templated":true}]}}