{"id":2353,"date":"2020-04-23T08:48:15","date_gmt":"2020-04-23T08:48:15","guid":{"rendered":"https:\/\/seminarconsulting.web-staging.eu\/?post_type=product&#038;p=2353"},"modified":"2025-12-16T08:34:37","modified_gmt":"2025-12-16T08:34:37","slug":"mi-kozuk-a-kubai-luxuskurvaknak-a-vallalkozasodhoz","status":"publish","type":"product","link":"https:\/\/seminarconsulting.ro\/ro\/mi-kozuk-a-kubai-luxuskurvaknak-a-vallalkozasodhoz\/","title":{"rendered":"Mi k\u00f6z\u00fck a kubai luxuskurv\u00e1knak a v\u00e1llalkoz\u00e1sodhoz?"},"content":{"rendered":"<p>Mi k\u00f6z\u00fck a\u00a0kubai luxuskurv\u00e1knak\u00a0<strong>a v\u00e1llalkoz\u00e1sodhoz?<\/strong><\/p>\n<p>&nbsp;<\/p>\n<p><strong>Nincs megfelel\u0151 munkaer\u0151?\u00a0<\/strong><strong>Lemarad a c\u00e9ged?\u00a0<\/strong><strong>Motiv\u00e1latlanok a munkat\u00e1rsaid?<\/strong><\/p>\n<p>Hogyan tud egy magyar v\u00e1llalkoz\u00e1s ilyen k\u00ednkeserves helyzetben is t\u00fal\u00e9lni? J\u00f3 seg\u00edts\u00e9g hozz\u00e1 ez a k\u00f6nyv. \u00dcde sz\u00ednfolt \u00e9s \u00e9lvezetes olvasm\u00e1ny a magyar \u00fczletemberek, v\u00e1llalkoz\u00f3k \u00e9s c\u00e9gvezet\u0151k sz\u00e1m\u00e1ra. Egyenes, sz\u00f3kimond\u00f3, humoros. <strong>N\u00e9h\u00e1ny fejezetc\u00edm:<\/strong> \u2013 A politikusaink h\u00fcly\u00e9bbek, mint az \u00f3vod\u00e1sok? \u2013 Vagy olyan frank\u00f3 cs\u00e1k\u00f3, mint Edison? \u2013 Mi k\u00f6ze Koml\u00f3sk\u00e1nak Yannihoz? \u2013 K\u00f6vess el sok hib\u00e1t! \u2013 K\u00fcldd el ezt a levelet a bunk\u00f3knak! \u2013 Koncz Zsuzsa \u00e9s Sebesty\u00e9n M\u00e1rti \u2013 Ne akarj primadonn\u00e1kkal j\u00e1tszani! \u2013 Mi a fen\u00e9nek kell nek\u00fcnk ez az internet? \u2013 Nem a Te k\u00e9sz\u00fcl\u00e9kedben van a hiba<\/p>\n<p>&nbsp;<\/p>\n<p><strong>Egy kis \u00edzel\u00edt\u0151\u00fcl \u00e1lljon itt a k\u00f6nyv el\u0151szava:<\/strong><\/p>\n<p><em>Ez nem egy megszokott k\u00f6nyv a c\u00e9gvezet\u00e9sr\u0151l. Azt gondolom, hogy egyed\u00fcl\u00e1ll\u00f3 a maga nem\u00e9ben.<\/em><em>\u00a0\u00a0\u00a0 Mi\u00e9rt?<\/em><em><strong>1.\u00a0<\/strong>El\u00e9g szabadsz\u00e1j\u00faan fogalmazok benne. N\u00e9ha lehet, hogy megh\u00f6kkent\u0151 vagy ak\u00e1r nyers is vagyok. Sokszor komolytalanul komoly. De nem kenyerem a szemforgat\u00f3 \u00e1jtatoskod\u00e1s. Szeretem az egyenes besz\u00e9det.<\/em><em>\u00a0\u00a0\u00a0 A tr\u00e9ningjeimen ezt \u00fagy szoktam megfogalmazni, hogy nem szemles\u00fct\u0151s, r\u00f3zsasz\u00edn bugyis szende sz\u0171zl\u00e1nyok h\u00edmz\u0151 szakk\u00f6r\u00e9r\u0151l besz\u00e9lek, hanem mag\u00e1r\u00f3l az \u00e9letr\u0151l.<\/em><em>\u00a0\u00a0\u00a0 P\u00e9ld\u00e1ul, amikor az egyik \u00fcgyfelem felolvasta a munkat\u00e1rsainak a \u201eNe akarj primadonn\u00e1kkal j\u00e1tszani!\u201d c\u00edm\u0171 \u00edr\u00e1somat, h\u00e1rman azonnal felmondtak. Egyiket sem sajn\u00e1lta.<\/em><em>\u00a0\u00a0\u00a0 De volt olyan is, hogy egy munkat\u00e1rs bement a f\u0151n\u00f6k\u00e9hez, \u00e9s megk\u00e9rdezte t\u0151le, hogy \u201eMi\u00e9rt k\u00fcldte nekem a Piroska Gyula ezt a levelet?\u201d Rajta k\u00edv\u00fcl m\u00e9g t\u00f6bb mint 170.000 embernek k\u00fcldtem, de \u0151 \u00fagy l\u00e1tszik mag\u00e1ra vette. Biztos nem volt v\u00e9letlen.<\/em><em>\u00a0\u00a0\u00a0 M\u00e1r mag\u00e1nak a k\u00f6nyvnek a c\u00edme is szokatlan \u00e9s megh\u00f6kkent\u0151. Ez sem v\u00e9letlen.<\/em><em>\u00a0\u00a0\u00a0 Ugyanis ez volt az egyik tavalyi H\u00e9tz\u00e1r\u00f3 gondolatom c\u00edme. Ez az \u00edr\u00e1som is benne van ebben a k\u00f6nyvben. \u00cdgy a H\u00e9tz\u00e1r\u00f3 gondolat c\u00edme lett a k\u00f6nyv c\u00edme is.<\/em><em><strong>2.<\/strong>\u00a0Tegez\u0151 st\u00edlusban \u00edrtam a k\u00f6nyvet. Egyr\u00e9szt, mert az \u00fcgyfeleim t\u00f6bbs\u00e9g\u00e9t am\u00fagy is tegezem. M\u00e1sr\u00e9szt az interneten a tegez\u0151d\u00e9s terjedt el. Harmadr\u00e9szt az \u00f6tvenh\u00e1rom \u00e9vemmel val\u00f3sz\u00edn\u0171leg \u00fagyis \u00f6regebb vagyok N\u00e1lad.<\/em><em>\u00a0\u00a0\u00a0 Szem\u00e9lyesen Hozz\u00e1d sz\u00f3lok, szem\u00e9lyesen Hozz\u00e1d besz\u00e9lek, szem\u00e9lyesen Neked \u00edrok, nem csak \u00fagy \u00e1ltal\u00e1ban bele a nagyvil\u00e1gba.<\/em><em><strong>3.\u00a0<\/strong>Nem k\u00f6nyvk\u00e9nt \u00edrtam meg az egyes fejezeteket, hanem heti H\u00e9tz\u00e1r\u00f3 gondolatokban, e-mailk\u00e9nt.<\/em><em>\u00a0\u00a0\u00a0 Ugyanis tavaly okt\u00f3berben \u00fagy d\u00f6nt\u00f6ttem, hogy minden p\u00e9nteken \u00edrok a h\u00edrlev\u00e9l list\u00e1mnak egy H\u00e9tz\u00e1r\u00f3 gondolatot. Ebben mindig azokr\u00f3l a dolgokr\u00f3l \u00edrok, ami \u00e9ppen a fejemben j\u00e1r.<\/em><em>\u00a0\u00a0\u00a0 \u00cdgy indult el 2012. november 2-\u00e1n \u201eH\u00e9tz\u00e1r\u00f3 gondolatok\u201d c\u00edmmel egy e-mail sorozat. Ez a k\u00f6nyv az elm\u00falt egy \u00e9v \u00f6tvenk\u00e9t H\u00e9tz\u00e1r\u00f3 gondolat\u00e1t tartalmazza sorrendben, ahogy \u00edrtam \u0151ket. Mindegyik ut\u00e1n oda \u00edrtam a kik\u00fcld\u00e9s id\u0151pontj\u00e1t is.<\/em><em>\u00a0\u00a0\u00a0 Kicsit igaz\u00edtottam rajtuk, de a t\u00f6bbs\u00e9g\u00e9t v\u00e1ltozatlan form\u00e1ban adom itt k\u00f6zre. N\u00e9melyiket stilisztikailag jav\u00edtottam, n\u00e9melyiket kicsit \u00e1t\u00edrtam.<\/em><em><strong>4.\u00a0<\/strong>El\u00e9g szem\u00e9lyes jelleg\u0171 ez a k\u00f6nyv. Rengeteg saj\u00e1t \u00e9lm\u00e9ny van benne. Sok saj\u00e1t \u00e9rz\u00e9s, n\u00e9z\u0151pont \u00e9s gondolat. Van olyan \u00edr\u00e1s is, ami kifejezetten marh\u00e1skod\u00e1s, de rem\u00e9lem, hogy Neked is tetszeni fog, mint a h\u00edrlev\u00e9l list\u00e1mnak.<\/em><em>\u00a0\u00a0\u00a0 Igyekeztem mindig olyan gondolatokat \u00edrni, amit haszn\u00e1lni tudsz a c\u00e9gedben, s\u0151t az \u00e9leted m\u00e1s ter\u00fcletein is: csal\u00e1dban, gyereknevel\u00e9sben, p\u00e1rkapcsolatban, bar\u00e1ts\u00e1gban. Arra gondoltam, hogy tanuls\u00e1gos lehet a Sz\u00e1modra, ha minden egyes H\u00e9tz\u00e1r\u00f3 gondolat ut\u00e1n oda\u00edrom az adott \u00edr\u00e1s megnyit\u00e1si ar\u00e1ny\u00e1t. Tanulhatsz bel\u0151le. Tudod, az okos mindig m\u00e1s k\u00e1r\u00e1n tanul.<\/em><em>\u00a0\u00a0\u00a0 Mi is ez a megnyit\u00e1si ar\u00e1ny?<\/em><em>\u00a0\u00a0\u00a0 Azt mutatja meg, hogy egy kik\u00fcld\u00f6tt e-mailnek h\u00e1ny sz\u00e1zal\u00e9k\u00e1t nyitott\u00e1k meg. Ez az e-mail t\u00e1rgysor\u00e1n m\u00falik. A k\u00f6nyv egyes fejezeteinek a c\u00edme volt az adott h\u00e9ten e-mailben kik\u00fcld\u00f6tt H\u00e9tz\u00e1r\u00f3 gondolat t\u00e1rgysor\u00e1ban.<\/em><em>\u00a0\u00a0\u00a0 Ily m\u00f3don l\u00e1thatod, hogy milyen nagy k\u00fcl\u00f6nbs\u00e9g van a megnyit\u00e1si ar\u00e1nyban egy j\u00f3l siker\u00fclt, illetve egy kev\u00e9sb\u00e9 j\u00f3l siker\u00fclt t\u00e1rgysor eset\u00e9n.<\/em><em>\u00a0\u00a0\u00a0 Mindebb\u0151l azt is l\u00e1thatod, hogy az e-mailed t\u00e1rgysor\u00e1nak nem kell hogy t\u00fal nagy k\u00f6ze legyen a mondanival\u00f3dhoz, az \u00fczenetedhez.<\/em><em>\u00a0\u00a0\u00a0\u00a0 Az index.hu t\u00f6rt\u00e9net\u00e9ben \u00e1ll\u00edt\u00f3lag a k\u00f6vetkez\u0151 t\u00e1rgysorral \u00e9rt\u00e9k el a legnagyobb megnyit\u00e1si ar\u00e1nyt 2006-ban: \u201eA nyolc\u00e9ves G\u00e9za farka a f\u00f6ldig \u00e9r.\u201d<\/em><em>\u00a0\u00a0\u00a0\u00a0 Majd a cikk a k\u00f6vetkez\u0151 c\u00edmsorral folytat\u00f3dott: \u201eG\u00e9za m\u00e9g csak nyolc\u00e9ves, de farka m\u00e1r a f\u00f6ldig \u00e9r. Teste mutogat\u00e1s\u00e1val keresi kenyer\u00e9t, \u00e9s begerjed, ha vakargatj\u00e1k a combj\u00e1t.\u201d<\/em><em>\u00a0\u00a0\u00a0\u00a0 G\u00e9za a Budapesti \u00c1llatkert tap\u00edrja, r\u00f3la sz\u00f3l ez a cikk. A t\u00e1rgysor eg\u00e9szen m\u00e1st sugall. De a l\u00e9nyeg, hogy megnyitj\u00e1k a cikket.<\/em><em>\u00a0\u00a0\u00a0\u00a0 Ha azt akarod, hogy elolvass\u00e1k az \u00c1ltalad k\u00fcld\u00f6tt e-maileket, legy\u00e9l csak nyugodtan megh\u00f6kkent\u0151 \u00e9s \u00e9rdekes! Haszn\u00e1lhatsz k\u00e9rd\u00e9st a t\u00e1rgysorban, mert az k\u00edv\u00e1ncsiv\u00e1 teszi az embereket.<\/em><em>\u00a0\u00a0\u00a0\u00a0 Az utols\u00f3 n\u00e9h\u00e1ny H\u00e9tz\u00e1r\u00f3 gondolat megnyit\u00e1si ar\u00e1ny\u00e1t nem k\u00f6z\u00f6ltem le, mert a lust\u00e1bbak a kik\u00fcld\u00e9s ut\u00e1ni n\u00e9h\u00e1ny h\u00e9tben nyitj\u00e1k csak meg az e-mailjeiket. \u00cdgy, ebben a n\u00e9h\u00e1ny h\u00e9tben m\u00e9g sokat v\u00e1ltozhat a megnyit\u00e1si ar\u00e1ny.<\/em><em>\u00a0\u00a0\u00a0\u00a0 Ha nincs tapasztalatod t\u00f6meges e-mail k\u00fcld\u00e9sben, lehet hogy azt gondolod, nem t\u00fal j\u00f3k az \u00edr\u00e1saim megnyit\u00e1si ar\u00e1nyai. Tudjad, hogy a marketing szakma szerint ezek el\u00e9g j\u00f3 megnyit\u00e1si ar\u00e1nyok.<\/em><em>\u00a0\u00a0\u00a0\u00a0 Nagy \u00f6r\u00f6m a sz\u00e1momra, ha m\u00e1r ennek az el\u0151sz\u00f3nak a marketing n\u00e9z\u0151pontjaival is seg\u00edthettem az \u00e9leted.<\/em><em>\u00a0\u00a0\u00a0\u00a0 K\u00f6sz\u00f6n\u00f6m, hogy megvetted ezt a k\u00f6nyvet. Nagyon rem\u00e9lem, hogy \u00e9lvezni fogod minden sor\u00e1t.<\/em><\/p>\n<p><em><strong>Kedves Bar\u00e1tom! J\u00f3 olvas\u00e1st k\u00edv\u00e1nok!<\/strong><\/em><\/p>\n<p><strong>Ha a fentiek felkeltett\u00e9k az \u00e9rdekl\u0151d\u00e9sedet, javaslom, hogy rendeld meg a k\u00f6nyvet!<\/strong><\/p>\n","protected":false},"excerpt":{"rendered":"<p>Hogyan tud egy magyar v\u00e1llalkoz\u00e1s ilyen k\u00ednkeserves helyzetben is t\u00fal\u00e9lni? J\u00f3 seg\u00edts\u00e9g hozz\u00e1 ez a k\u00f6nyv. \u00dcde sz\u00ednfolt \u00e9s \u00e9lvezetes olvasm\u00e1ny a magyar \u00fczletemberek, v\u00e1llalkoz\u00f3k \u00e9s c\u00e9gvezet\u0151k sz\u00e1m\u00e1ra.<\/p>\n","protected":false},"featured_media":2354,"template":"","meta":{"site-sidebar-layout":"default","site-content-layout":"","ast-site-content-layout":"default","site-content-style":"default","site-sidebar-style":"default","ast-global-header-display":"","ast-banner-title-visibility":"","ast-main-header-display":"","ast-hfb-above-header-display":"","ast-hfb-below-header-display":"","ast-hfb-mobile-header-display":"","site-post-title":"","ast-breadcrumbs-content":"","ast-featured-img":"","footer-sml-layout":"","ast-disable-related-posts":"","theme-transparent-header-meta":"","adv-header-id-meta":"","stick-header-meta":"","header-above-stick-meta":"","header-main-stick-meta":"","header-below-stick-meta":"","astra-migrate-meta-layouts":"default","ast-page-background-enabled":"default","ast-page-background-meta":{"desktop":{"background-color":"var(--ast-global-color-4)","background-image":"","background-repeat":"repeat","background-position":"center center","background-size":"auto","background-attachment":"scroll","background-type":"","background-media":"","overlay-type":"","overlay-color":"","overlay-opacity":"","overlay-gradient":""},"tablet":{"background-color":"","background-image":"","background-repeat":"repeat","background-position":"center center","background-size":"auto","background-attachment":"scroll","background-type":"","background-media":"","overlay-type":"","overlay-color":"","overlay-opacity":"","overlay-gradient":""},"mobile":{"background-color":"","background-image":"","background-repeat":"repeat","background-position":"center center","background-size":"auto","background-attachment":"scroll","background-type":"","background-media":"","overlay-type":"","overlay-color":"","overlay-opacity":"","overlay-gradient":""}},"ast-content-background-meta":{"desktop":{"background-color":"var(--ast-global-color-5)","background-image":"","background-repeat":"repeat","background-position":"center center","background-size":"auto","background-attachment":"scroll","background-type":"","background-media":"","overlay-type":"","overlay-color":"","overlay-opacity":"","overlay-gradient":""},"tablet":{"background-color":"var(--ast-global-color-5)","background-image":"","background-repeat":"repeat","background-position":"center center","background-size":"auto","background-attachment":"scroll","background-type":"","background-media":"","overlay-type":"","overlay-color":"","overlay-opacity":"","overlay-gradient":""},"mobile":{"background-color":"var(--ast-global-color-5)","background-image":"","background-repeat":"repeat","background-position":"center center","background-size":"auto","background-attachment":"scroll","background-type":"","background-media":"","overlay-type":"","overlay-color":"","overlay-opacity":"","overlay-gradient":""}}},"product_brand":[],"product_cat":[43],"product_tag":[],"class_list":{"0":"post-2353","1":"product","2":"type-product","3":"status-publish","4":"has-post-thumbnail","6":"product_cat-konyveink","7":"desktop-align-left","8":"tablet-align-left","9":"mobile-align-left","11":"first","12":"instock","13":"taxable","14":"shipping-taxable","15":"purchasable","16":"product-type-simple"},"yoast_head":"<!-- This site is optimized with the Yoast SEO plugin v26.9 - https:\/\/yoast.com\/product\/yoast-seo-wordpress\/ -->\n<title>Mi k\u00f6z\u00fck a kubai luxuskurv\u00e1knak a v\u00e1llalkoz\u00e1sodhoz? - Seminar Consulting<\/title>\n<meta name=\"robots\" content=\"index, follow, max-snippet:-1, max-image-preview:large, max-video-preview:-1\" \/>\n<link rel=\"canonical\" href=\"https:\/\/seminarconsulting.ro\/mi-kozuk-a-kubai-luxuskurvaknak-a-vallalkozasodhoz\/\" \/>\n<meta property=\"og:locale\" content=\"ro_RO\" \/>\n<meta property=\"og:type\" content=\"article\" \/>\n<meta property=\"og:title\" content=\"Mi k\u00f6z\u00fck a kubai luxuskurv\u00e1knak a v\u00e1llalkoz\u00e1sodhoz? - Seminar Consulting\" \/>\n<meta property=\"og:description\" content=\"Hogyan tud egy magyar v\u00e1llalkoz\u00e1s ilyen k\u00ednkeserves helyzetben is t\u00fal\u00e9lni? J\u00f3 seg\u00edts\u00e9g hozz\u00e1 ez a k\u00f6nyv. \u00dcde sz\u00ednfolt \u00e9s \u00e9lvezetes olvasm\u00e1ny a magyar \u00fczletemberek, v\u00e1llalkoz\u00f3k \u00e9s c\u00e9gvezet\u0151k sz\u00e1m\u00e1ra.\" \/>\n<meta property=\"og:url\" content=\"https:\/\/seminarconsulting.ro\/mi-kozuk-a-kubai-luxuskurvaknak-a-vallalkozasodhoz\/\" \/>\n<meta property=\"og:site_name\" content=\"Seminar Consulting\" \/>\n<meta property=\"article:modified_time\" content=\"2025-12-16T08:34:37+00:00\" \/>\n<meta property=\"og:image\" content=\"https:\/\/seminarconsulting.ro\/wp-content\/uploads\/2020\/04\/kubai-konyv-elolap.jpg\" \/>\n\t<meta property=\"og:image:width\" content=\"300\" \/>\n\t<meta property=\"og:image:height\" content=\"460\" \/>\n\t<meta property=\"og:image:type\" content=\"image\/jpeg\" \/>\n<meta name=\"twitter:card\" content=\"summary_large_image\" \/>\n<meta name=\"twitter:label1\" content=\"Timp estimat pentru citire\" \/>\n\t<meta name=\"twitter:data1\" content=\"6 minute\" \/>\n<script type=\"application\/ld+json\" class=\"yoast-schema-graph\">{\"@context\":\"https:\/\/schema.org\",\"@graph\":[{\"@type\":\"WebPage\",\"@id\":\"https:\/\/seminarconsulting.ro\/mi-kozuk-a-kubai-luxuskurvaknak-a-vallalkozasodhoz\/\",\"url\":\"https:\/\/seminarconsulting.ro\/mi-kozuk-a-kubai-luxuskurvaknak-a-vallalkozasodhoz\/\",\"name\":\"Mi k\u00f6z\u00fck a kubai luxuskurv\u00e1knak a v\u00e1llalkoz\u00e1sodhoz? - Seminar Consulting\",\"isPartOf\":{\"@id\":\"https:\/\/seminarconsulting.ro\/#website\"},\"primaryImageOfPage\":{\"@id\":\"https:\/\/seminarconsulting.ro\/mi-kozuk-a-kubai-luxuskurvaknak-a-vallalkozasodhoz\/#primaryimage\"},\"image\":{\"@id\":\"https:\/\/seminarconsulting.ro\/mi-kozuk-a-kubai-luxuskurvaknak-a-vallalkozasodhoz\/#primaryimage\"},\"thumbnailUrl\":\"https:\/\/seminarconsulting.ro\/wp-content\/uploads\/2020\/04\/kubai-konyv-elolap.jpg\",\"datePublished\":\"2020-04-23T08:48:15+00:00\",\"dateModified\":\"2025-12-16T08:34:37+00:00\",\"breadcrumb\":{\"@id\":\"https:\/\/seminarconsulting.ro\/mi-kozuk-a-kubai-luxuskurvaknak-a-vallalkozasodhoz\/#breadcrumb\"},\"inLanguage\":\"ro-RO\",\"potentialAction\":[{\"@type\":\"ReadAction\",\"target\":[\"https:\/\/seminarconsulting.ro\/mi-kozuk-a-kubai-luxuskurvaknak-a-vallalkozasodhoz\/\"]}]},{\"@type\":\"ImageObject\",\"inLanguage\":\"ro-RO\",\"@id\":\"https:\/\/seminarconsulting.ro\/mi-kozuk-a-kubai-luxuskurvaknak-a-vallalkozasodhoz\/#primaryimage\",\"url\":\"https:\/\/seminarconsulting.ro\/wp-content\/uploads\/2020\/04\/kubai-konyv-elolap.jpg\",\"contentUrl\":\"https:\/\/seminarconsulting.ro\/wp-content\/uploads\/2020\/04\/kubai-konyv-elolap.jpg\",\"width\":300,\"height\":460,\"caption\":\"Mi k\u00f6z\u00fck a kubai luxuskurv\u00e1knak a v\u00e1llalkoz\u00e1sodhoz\"},{\"@type\":\"BreadcrumbList\",\"@id\":\"https:\/\/seminarconsulting.ro\/mi-kozuk-a-kubai-luxuskurvaknak-a-vallalkozasodhoz\/#breadcrumb\",\"itemListElement\":[{\"@type\":\"ListItem\",\"position\":1,\"name\":\"Home\",\"item\":\"https:\/\/seminarconsulting.ro\/\"},{\"@type\":\"ListItem\",\"position\":2,\"name\":\"C\u0103r\u021bi\",\"item\":\"https:\/\/seminarconsulting.ro\/ro\/carti\/\"},{\"@type\":\"ListItem\",\"position\":3,\"name\":\"Mi k\u00f6z\u00fck a kubai luxuskurv\u00e1knak a v\u00e1llalkoz\u00e1sodhoz?\"}]},{\"@type\":\"WebSite\",\"@id\":\"https:\/\/seminarconsulting.ro\/#website\",\"url\":\"https:\/\/seminarconsulting.ro\/\",\"name\":\"Seminar Consulting\",\"description\":\"A c&eacute;gvezet\u0151k bar&aacute;tja\",\"publisher\":{\"@id\":\"https:\/\/seminarconsulting.ro\/#organization\"},\"potentialAction\":[{\"@type\":\"SearchAction\",\"target\":{\"@type\":\"EntryPoint\",\"urlTemplate\":\"https:\/\/seminarconsulting.ro\/?s={search_term_string}\"},\"query-input\":{\"@type\":\"PropertyValueSpecification\",\"valueRequired\":true,\"valueName\":\"search_term_string\"}}],\"inLanguage\":\"ro-RO\"},{\"@type\":\"Organization\",\"@id\":\"https:\/\/seminarconsulting.ro\/#organization\",\"name\":\"Seminar Consulting\",\"url\":\"https:\/\/seminarconsulting.ro\/\",\"logo\":{\"@type\":\"ImageObject\",\"inLanguage\":\"ro-RO\",\"@id\":\"https:\/\/seminarconsulting.ro\/#\/schema\/logo\/image\/\",\"url\":\"https:\/\/seminarconsulting.ro\/wp-content\/uploads\/2024\/11\/cropped-Logo-RGB.png\",\"contentUrl\":\"https:\/\/seminarconsulting.ro\/wp-content\/uploads\/2024\/11\/cropped-Logo-RGB.png\",\"width\":1656,\"height\":406,\"caption\":\"Seminar Consulting\"},\"image\":{\"@id\":\"https:\/\/seminarconsulting.ro\/#\/schema\/logo\/image\/\"}}]}<\/script>\n<!-- \/ Yoast SEO plugin. -->","yoast_head_json":{"title":"Mi k\u00f6z\u00fck a kubai luxuskurv\u00e1knak a v\u00e1llalkoz\u00e1sodhoz? - Seminar Consulting","robots":{"index":"index","follow":"follow","max-snippet":"max-snippet:-1","max-image-preview":"max-image-preview:large","max-video-preview":"max-video-preview:-1"},"canonical":"https:\/\/seminarconsulting.ro\/mi-kozuk-a-kubai-luxuskurvaknak-a-vallalkozasodhoz\/","og_locale":"ro_RO","og_type":"article","og_title":"Mi k\u00f6z\u00fck a kubai luxuskurv\u00e1knak a v\u00e1llalkoz\u00e1sodhoz? - Seminar Consulting","og_description":"Hogyan tud egy magyar v\u00e1llalkoz\u00e1s ilyen k\u00ednkeserves helyzetben is t\u00fal\u00e9lni? J\u00f3 seg\u00edts\u00e9g hozz\u00e1 ez a k\u00f6nyv. \u00dcde sz\u00ednfolt \u00e9s \u00e9lvezetes olvasm\u00e1ny a magyar \u00fczletemberek, v\u00e1llalkoz\u00f3k \u00e9s c\u00e9gvezet\u0151k sz\u00e1m\u00e1ra.","og_url":"https:\/\/seminarconsulting.ro\/mi-kozuk-a-kubai-luxuskurvaknak-a-vallalkozasodhoz\/","og_site_name":"Seminar Consulting","article_modified_time":"2025-12-16T08:34:37+00:00","og_image":[{"width":300,"height":460,"url":"https:\/\/seminarconsulting.ro\/wp-content\/uploads\/2020\/04\/kubai-konyv-elolap.jpg","type":"image\/jpeg"}],"twitter_card":"summary_large_image","twitter_misc":{"Timp estimat pentru citire":"6 minute"},"schema":{"@context":"https:\/\/schema.org","@graph":[{"@type":"WebPage","@id":"https:\/\/seminarconsulting.ro\/mi-kozuk-a-kubai-luxuskurvaknak-a-vallalkozasodhoz\/","url":"https:\/\/seminarconsulting.ro\/mi-kozuk-a-kubai-luxuskurvaknak-a-vallalkozasodhoz\/","name":"Mi k\u00f6z\u00fck a kubai luxuskurv\u00e1knak a v\u00e1llalkoz\u00e1sodhoz? - Seminar Consulting","isPartOf":{"@id":"https:\/\/seminarconsulting.ro\/#website"},"primaryImageOfPage":{"@id":"https:\/\/seminarconsulting.ro\/mi-kozuk-a-kubai-luxuskurvaknak-a-vallalkozasodhoz\/#primaryimage"},"image":{"@id":"https:\/\/seminarconsulting.ro\/mi-kozuk-a-kubai-luxuskurvaknak-a-vallalkozasodhoz\/#primaryimage"},"thumbnailUrl":"https:\/\/seminarconsulting.ro\/wp-content\/uploads\/2020\/04\/kubai-konyv-elolap.jpg","datePublished":"2020-04-23T08:48:15+00:00","dateModified":"2025-12-16T08:34:37+00:00","breadcrumb":{"@id":"https:\/\/seminarconsulting.ro\/mi-kozuk-a-kubai-luxuskurvaknak-a-vallalkozasodhoz\/#breadcrumb"},"inLanguage":"ro-RO","potentialAction":[{"@type":"ReadAction","target":["https:\/\/seminarconsulting.ro\/mi-kozuk-a-kubai-luxuskurvaknak-a-vallalkozasodhoz\/"]}]},{"@type":"ImageObject","inLanguage":"ro-RO","@id":"https:\/\/seminarconsulting.ro\/mi-kozuk-a-kubai-luxuskurvaknak-a-vallalkozasodhoz\/#primaryimage","url":"https:\/\/seminarconsulting.ro\/wp-content\/uploads\/2020\/04\/kubai-konyv-elolap.jpg","contentUrl":"https:\/\/seminarconsulting.ro\/wp-content\/uploads\/2020\/04\/kubai-konyv-elolap.jpg","width":300,"height":460,"caption":"Mi k\u00f6z\u00fck a kubai luxuskurv\u00e1knak a v\u00e1llalkoz\u00e1sodhoz"},{"@type":"BreadcrumbList","@id":"https:\/\/seminarconsulting.ro\/mi-kozuk-a-kubai-luxuskurvaknak-a-vallalkozasodhoz\/#breadcrumb","itemListElement":[{"@type":"ListItem","position":1,"name":"Home","item":"https:\/\/seminarconsulting.ro\/"},{"@type":"ListItem","position":2,"name":"C\u0103r\u021bi","item":"https:\/\/seminarconsulting.ro\/ro\/carti\/"},{"@type":"ListItem","position":3,"name":"Mi k\u00f6z\u00fck a kubai luxuskurv\u00e1knak a v\u00e1llalkoz\u00e1sodhoz?"}]},{"@type":"WebSite","@id":"https:\/\/seminarconsulting.ro\/#website","url":"https:\/\/seminarconsulting.ro\/","name":"Seminar Consulting","description":"A c&eacute;gvezet\u0151k bar&aacute;tja","publisher":{"@id":"https:\/\/seminarconsulting.ro\/#organization"},"potentialAction":[{"@type":"SearchAction","target":{"@type":"EntryPoint","urlTemplate":"https:\/\/seminarconsulting.ro\/?s={search_term_string}"},"query-input":{"@type":"PropertyValueSpecification","valueRequired":true,"valueName":"search_term_string"}}],"inLanguage":"ro-RO"},{"@type":"Organization","@id":"https:\/\/seminarconsulting.ro\/#organization","name":"Seminar Consulting","url":"https:\/\/seminarconsulting.ro\/","logo":{"@type":"ImageObject","inLanguage":"ro-RO","@id":"https:\/\/seminarconsulting.ro\/#\/schema\/logo\/image\/","url":"https:\/\/seminarconsulting.ro\/wp-content\/uploads\/2024\/11\/cropped-Logo-RGB.png","contentUrl":"https:\/\/seminarconsulting.ro\/wp-content\/uploads\/2024\/11\/cropped-Logo-RGB.png","width":1656,"height":406,"caption":"Seminar Consulting"},"image":{"@id":"https:\/\/seminarconsulting.ro\/#\/schema\/logo\/image\/"}}]}},"_links":{"self":[{"href":"https:\/\/seminarconsulting.ro\/ro\/wp-json\/wp\/v2\/product\/2353","targetHints":{"allow":["GET"]}}],"collection":[{"href":"https:\/\/seminarconsulting.ro\/ro\/wp-json\/wp\/v2\/product"}],"about":[{"href":"https:\/\/seminarconsulting.ro\/ro\/wp-json\/wp\/v2\/types\/product"}],"version-history":[{"count":0,"href":"https:\/\/seminarconsulting.ro\/ro\/wp-json\/wp\/v2\/product\/2353\/revisions"}],"wp:featuredmedia":[{"embeddable":true,"href":"https:\/\/seminarconsulting.ro\/ro\/wp-json\/wp\/v2\/media\/2354"}],"wp:attachment":[{"href":"https:\/\/seminarconsulting.ro\/ro\/wp-json\/wp\/v2\/media?parent=2353"}],"wp:term":[{"taxonomy":"product_brand","embeddable":true,"href":"https:\/\/seminarconsulting.ro\/ro\/wp-json\/wp\/v2\/product_brand?post=2353"},{"taxonomy":"product_cat","embeddable":true,"href":"https:\/\/seminarconsulting.ro\/ro\/wp-json\/wp\/v2\/product_cat?post=2353"},{"taxonomy":"product_tag","embeddable":true,"href":"https:\/\/seminarconsulting.ro\/ro\/wp-json\/wp\/v2\/product_tag?post=2353"}],"curies":[{"name":"wp","href":"https:\/\/api.w.org\/{rel}","templated":true}]}}