{"id":2371,"date":"2020-04-23T09:25:13","date_gmt":"2020-04-23T09:25:13","guid":{"rendered":"https:\/\/seminarconsulting.web-staging.eu\/?post_type=product&#038;p=2371"},"modified":"2025-12-16T08:33:49","modified_gmt":"2025-12-16T08:33:49","slug":"mosolyogj-szembe-a-halallal","status":"publish","type":"product","link":"https:\/\/seminarconsulting.ro\/ro\/mosolyogj-szembe-a-halallal\/","title":{"rendered":"Mosolyogj szembe a hal\u00e1llal!"},"content":{"rendered":"<p>Piroska Gyula H\u00e9tz\u00e1r\u00f3 gondolatai egyre t\u00f6bb rajong\u00f3t szereznek. Mi sem bizony\u00edtja ezt jobban, mint hogy sorozata a hatodik k\u00f6tethez \u00e9rkezett! Err\u0151l a k\u00f6tetr\u0151l is elmondhatjuk, hogy els\u0151sorban c\u00e9gvezet\u0151kh\u00f6z sz\u00f3l \u2012 de val\u00f3j\u00e1ban sokkal sz\u00e9lesebb k\u00f6z\u00f6ns\u00e9get c\u00e9loz meg. A H\u00e9tz\u00e1r\u00f3 gondolatok ugyanis <strong>motiv\u00e1lnak<\/strong>, <strong>megnevettetnek<\/strong>, <strong>er\u0151t adnak<\/strong>\u2026 \u00e9s mell\u00e9kesen <strong>praktikus c\u00e9gvezet\u00e9si tan\u00e1csokat is<\/strong> tudsz bel\u0151l\u00fck mer\u00edteni.<\/p>\n<p>Ha a k\u00f6nyvet a kezedbe veszed, \u00e9s le\u00fclsz az olvas\u00f3 foteledbe, egy eg\u00e9sz \u00e9vnyi \u00e9rt\u00e9kes gondolat, \u00faj n\u00e9z\u0151pont, vezet\u0151i tapasztalat v\u00e1r r\u00e1d, hogy elolvasd. Javasoljuk, hogy legyen a kezed \u00fcgy\u00e9ben egy toll \u00e9s egy notesz is, mert sok \u00f6tleted fog t\u00e1madni!<\/p>\n<p>Sz\u00f3rakozz, \u00e9s gy\u0171jts lelkesed\u00e9st a c\u00e9ged fejleszt\u00e9s\u00e9hez! T\u00f6k\u00e9letes v\u00e1laszt\u00e1s hozz\u00e1 ez a k\u00f6nyv.<\/p>\n<h3>N\u00e9h\u00e1ny fejezetc\u00edm \u00edzel\u00edt\u0151\u00fcl:<\/h3>\n<p>\u2022 GDPR? A j\u00f3 \u00e9des any\u00e1d!<br \/>\n\u2022 V\u00e1ltoztass!!!<br \/>\n\u2022 Hogyan cseszd el az \u00e9leted<br \/>\n\u2022 Mit gondol a j\u00f6v\u0151r\u0151l a Mercedes vez\u00e9rigazgat\u00f3ja<br \/>\n\u2022 Mi\u00e9rt git\u00e1roztam az APEH ellen\u0151rnek<br \/>\n\u2022 Meghalsz, ha T\u00e9ged simogatnak<br \/>\n\u2022 H\u00e1zass\u00e1g vagy \u00e9lett\u00e1rsi kapcsolat?<br \/>\n\u2022 A viselked\u00e9sek fert\u0151z\u0151ek. A Ti\u00e9det \u00e9rdemes elkapni?<\/p>\n","protected":false},"excerpt":{"rendered":"<p>Piroska Gyula H\u00e9tz\u00e1r\u00f3 gondolatai egyre t\u00f6bb rajong\u00f3t szereznek. Mi sem bizony\u00edtja ezt jobban, mint hogy sorozata a hatodik k\u00f6tethez \u00e9rkezett! Err\u0151l a k\u00f6tetr\u0151l is elmondhatjuk, hogy els\u0151sorban c\u00e9gvezet\u0151kh\u00f6z sz\u00f3l \u2012 de val\u00f3j\u00e1ban sokkal sz\u00e9lesebb k\u00f6z\u00f6ns\u00e9get c\u00e9loz meg.<\/p>\n","protected":false},"featured_media":4994,"template":"","meta":{"site-sidebar-layout":"default","site-content-layout":"","ast-site-content-layout":"default","site-content-style":"default","site-sidebar-style":"default","ast-global-header-display":"","ast-banner-title-visibility":"","ast-main-header-display":"","ast-hfb-above-header-display":"","ast-hfb-below-header-display":"","ast-hfb-mobile-header-display":"","site-post-title":"","ast-breadcrumbs-content":"","ast-featured-img":"","footer-sml-layout":"","ast-disable-related-posts":"","theme-transparent-header-meta":"default","adv-header-id-meta":"","stick-header-meta":"","header-above-stick-meta":"","header-main-stick-meta":"","header-below-stick-meta":"","astra-migrate-meta-layouts":"set","ast-page-background-enabled":"default","ast-page-background-meta":{"desktop":{"background-color":"var(--ast-global-color-4)","background-image":"","background-repeat":"repeat","background-position":"center center","background-size":"auto","background-attachment":"scroll","background-type":"","background-media":"","overlay-type":"","overlay-color":"","overlay-opacity":"","overlay-gradient":""},"tablet":{"background-color":"","background-image":"","background-repeat":"repeat","background-position":"center center","background-size":"auto","background-attachment":"scroll","background-type":"","background-media":"","overlay-type":"","overlay-color":"","overlay-opacity":"","overlay-gradient":""},"mobile":{"background-color":"","background-image":"","background-repeat":"repeat","background-position":"center center","background-size":"auto","background-attachment":"scroll","background-type":"","background-media":"","overlay-type":"","overlay-color":"","overlay-opacity":"","overlay-gradient":""}},"ast-content-background-meta":{"desktop":{"background-color":"var(--ast-global-color-5)","background-image":"","background-repeat":"repeat","background-position":"center center","background-size":"auto","background-attachment":"scroll","background-type":"","background-media":"","overlay-type":"","overlay-color":"","overlay-opacity":"","overlay-gradient":""},"tablet":{"background-color":"var(--ast-global-color-5)","background-image":"","background-repeat":"repeat","background-position":"center center","background-size":"auto","background-attachment":"scroll","background-type":"","background-media":"","overlay-type":"","overlay-color":"","overlay-opacity":"","overlay-gradient":""},"mobile":{"background-color":"var(--ast-global-color-5)","background-image":"","background-repeat":"repeat","background-position":"center center","background-size":"auto","background-attachment":"scroll","background-type":"","background-media":"","overlay-type":"","overlay-color":"","overlay-opacity":"","overlay-gradient":""}}},"product_brand":[],"product_cat":[43],"product_tag":[],"class_list":{"0":"post-2371","1":"product","2":"type-product","3":"status-publish","4":"has-post-thumbnail","6":"product_cat-konyveink","7":"desktop-align-left","8":"tablet-align-left","9":"mobile-align-left","11":"first","12":"instock","13":"taxable","14":"shipping-taxable","15":"purchasable","16":"product-type-simple"},"yoast_head":"<!-- This site is optimized with the Yoast SEO plugin v26.9 - https:\/\/yoast.com\/product\/yoast-seo-wordpress\/ -->\n<title>Mosolyogj szembe a hal\u00e1llal! - Seminar Consulting<\/title>\n<meta name=\"robots\" content=\"index, follow, max-snippet:-1, max-image-preview:large, max-video-preview:-1\" \/>\n<link rel=\"canonical\" href=\"https:\/\/seminarconsulting.ro\/mosolyogj-szembe-a-halallal\/\" \/>\n<meta property=\"og:locale\" content=\"ro_RO\" \/>\n<meta property=\"og:type\" content=\"article\" \/>\n<meta property=\"og:title\" content=\"Mosolyogj szembe a hal\u00e1llal! - Seminar Consulting\" \/>\n<meta property=\"og:description\" content=\"Piroska Gyula H\u00e9tz\u00e1r\u00f3 gondolatai egyre t\u00f6bb rajong\u00f3t szereznek. Mi sem bizony\u00edtja ezt jobban, mint hogy sorozata a hatodik k\u00f6tethez \u00e9rkezett! Err\u0151l a k\u00f6tetr\u0151l is elmondhatjuk, hogy els\u0151sorban c\u00e9gvezet\u0151kh\u00f6z sz\u00f3l \u2012 de val\u00f3j\u00e1ban sokkal sz\u00e9lesebb k\u00f6z\u00f6ns\u00e9get c\u00e9loz meg.\" \/>\n<meta property=\"og:url\" content=\"https:\/\/seminarconsulting.ro\/mosolyogj-szembe-a-halallal\/\" \/>\n<meta property=\"og:site_name\" content=\"Seminar Consulting\" \/>\n<meta property=\"article:modified_time\" content=\"2025-12-16T08:33:49+00:00\" \/>\n<meta property=\"og:image\" content=\"https:\/\/seminarconsulting.ro\/wp-content\/uploads\/2020\/04\/Piroska-Gyula_0004_BSS_8494-copy.png\" \/>\n\t<meta property=\"og:image:width\" content=\"613\" \/>\n\t<meta property=\"og:image:height\" content=\"934\" \/>\n\t<meta property=\"og:image:type\" content=\"image\/png\" \/>\n<meta name=\"twitter:card\" content=\"summary_large_image\" \/>\n<meta name=\"twitter:label1\" content=\"Timp estimat pentru citire\" \/>\n\t<meta name=\"twitter:data1\" content=\"2 minute\" \/>\n<script type=\"application\/ld+json\" class=\"yoast-schema-graph\">{\"@context\":\"https:\/\/schema.org\",\"@graph\":[{\"@type\":\"WebPage\",\"@id\":\"https:\/\/seminarconsulting.ro\/mosolyogj-szembe-a-halallal\/\",\"url\":\"https:\/\/seminarconsulting.ro\/mosolyogj-szembe-a-halallal\/\",\"name\":\"Mosolyogj szembe a hal\u00e1llal! - Seminar Consulting\",\"isPartOf\":{\"@id\":\"https:\/\/seminarconsulting.ro\/#website\"},\"primaryImageOfPage\":{\"@id\":\"https:\/\/seminarconsulting.ro\/mosolyogj-szembe-a-halallal\/#primaryimage\"},\"image\":{\"@id\":\"https:\/\/seminarconsulting.ro\/mosolyogj-szembe-a-halallal\/#primaryimage\"},\"thumbnailUrl\":\"https:\/\/seminarconsulting.ro\/wp-content\/uploads\/2020\/04\/Piroska-Gyula_0004_BSS_8494-copy.png\",\"datePublished\":\"2020-04-23T09:25:13+00:00\",\"dateModified\":\"2025-12-16T08:33:49+00:00\",\"breadcrumb\":{\"@id\":\"https:\/\/seminarconsulting.ro\/mosolyogj-szembe-a-halallal\/#breadcrumb\"},\"inLanguage\":\"ro-RO\",\"potentialAction\":[{\"@type\":\"ReadAction\",\"target\":[\"https:\/\/seminarconsulting.ro\/mosolyogj-szembe-a-halallal\/\"]}]},{\"@type\":\"ImageObject\",\"inLanguage\":\"ro-RO\",\"@id\":\"https:\/\/seminarconsulting.ro\/mosolyogj-szembe-a-halallal\/#primaryimage\",\"url\":\"https:\/\/seminarconsulting.ro\/wp-content\/uploads\/2020\/04\/Piroska-Gyula_0004_BSS_8494-copy.png\",\"contentUrl\":\"https:\/\/seminarconsulting.ro\/wp-content\/uploads\/2020\/04\/Piroska-Gyula_0004_BSS_8494-copy.png\",\"width\":613,\"height\":934,\"caption\":\"Mosolyogj szembe a hal\u00e1llal\"},{\"@type\":\"BreadcrumbList\",\"@id\":\"https:\/\/seminarconsulting.ro\/mosolyogj-szembe-a-halallal\/#breadcrumb\",\"itemListElement\":[{\"@type\":\"ListItem\",\"position\":1,\"name\":\"Home\",\"item\":\"https:\/\/seminarconsulting.ro\/\"},{\"@type\":\"ListItem\",\"position\":2,\"name\":\"C\u0103r\u021bi\",\"item\":\"https:\/\/seminarconsulting.ro\/ro\/carti\/\"},{\"@type\":\"ListItem\",\"position\":3,\"name\":\"Mosolyogj szembe a hal\u00e1llal!\"}]},{\"@type\":\"WebSite\",\"@id\":\"https:\/\/seminarconsulting.ro\/#website\",\"url\":\"https:\/\/seminarconsulting.ro\/\",\"name\":\"Seminar Consulting\",\"description\":\"A c&eacute;gvezet\u0151k bar&aacute;tja\",\"publisher\":{\"@id\":\"https:\/\/seminarconsulting.ro\/#organization\"},\"potentialAction\":[{\"@type\":\"SearchAction\",\"target\":{\"@type\":\"EntryPoint\",\"urlTemplate\":\"https:\/\/seminarconsulting.ro\/?s={search_term_string}\"},\"query-input\":{\"@type\":\"PropertyValueSpecification\",\"valueRequired\":true,\"valueName\":\"search_term_string\"}}],\"inLanguage\":\"ro-RO\"},{\"@type\":\"Organization\",\"@id\":\"https:\/\/seminarconsulting.ro\/#organization\",\"name\":\"Seminar Consulting\",\"url\":\"https:\/\/seminarconsulting.ro\/\",\"logo\":{\"@type\":\"ImageObject\",\"inLanguage\":\"ro-RO\",\"@id\":\"https:\/\/seminarconsulting.ro\/#\/schema\/logo\/image\/\",\"url\":\"https:\/\/seminarconsulting.ro\/wp-content\/uploads\/2024\/11\/cropped-Logo-RGB.png\",\"contentUrl\":\"https:\/\/seminarconsulting.ro\/wp-content\/uploads\/2024\/11\/cropped-Logo-RGB.png\",\"width\":1656,\"height\":406,\"caption\":\"Seminar Consulting\"},\"image\":{\"@id\":\"https:\/\/seminarconsulting.ro\/#\/schema\/logo\/image\/\"}}]}<\/script>\n<!-- \/ Yoast SEO plugin. -->","yoast_head_json":{"title":"Mosolyogj szembe a hal\u00e1llal! - Seminar Consulting","robots":{"index":"index","follow":"follow","max-snippet":"max-snippet:-1","max-image-preview":"max-image-preview:large","max-video-preview":"max-video-preview:-1"},"canonical":"https:\/\/seminarconsulting.ro\/mosolyogj-szembe-a-halallal\/","og_locale":"ro_RO","og_type":"article","og_title":"Mosolyogj szembe a hal\u00e1llal! - Seminar Consulting","og_description":"Piroska Gyula H\u00e9tz\u00e1r\u00f3 gondolatai egyre t\u00f6bb rajong\u00f3t szereznek. Mi sem bizony\u00edtja ezt jobban, mint hogy sorozata a hatodik k\u00f6tethez \u00e9rkezett! Err\u0151l a k\u00f6tetr\u0151l is elmondhatjuk, hogy els\u0151sorban c\u00e9gvezet\u0151kh\u00f6z sz\u00f3l \u2012 de val\u00f3j\u00e1ban sokkal sz\u00e9lesebb k\u00f6z\u00f6ns\u00e9get c\u00e9loz meg.","og_url":"https:\/\/seminarconsulting.ro\/mosolyogj-szembe-a-halallal\/","og_site_name":"Seminar Consulting","article_modified_time":"2025-12-16T08:33:49+00:00","og_image":[{"width":613,"height":934,"url":"https:\/\/seminarconsulting.ro\/wp-content\/uploads\/2020\/04\/Piroska-Gyula_0004_BSS_8494-copy.png","type":"image\/png"}],"twitter_card":"summary_large_image","twitter_misc":{"Timp estimat pentru citire":"2 minute"},"schema":{"@context":"https:\/\/schema.org","@graph":[{"@type":"WebPage","@id":"https:\/\/seminarconsulting.ro\/mosolyogj-szembe-a-halallal\/","url":"https:\/\/seminarconsulting.ro\/mosolyogj-szembe-a-halallal\/","name":"Mosolyogj szembe a hal\u00e1llal! - Seminar Consulting","isPartOf":{"@id":"https:\/\/seminarconsulting.ro\/#website"},"primaryImageOfPage":{"@id":"https:\/\/seminarconsulting.ro\/mosolyogj-szembe-a-halallal\/#primaryimage"},"image":{"@id":"https:\/\/seminarconsulting.ro\/mosolyogj-szembe-a-halallal\/#primaryimage"},"thumbnailUrl":"https:\/\/seminarconsulting.ro\/wp-content\/uploads\/2020\/04\/Piroska-Gyula_0004_BSS_8494-copy.png","datePublished":"2020-04-23T09:25:13+00:00","dateModified":"2025-12-16T08:33:49+00:00","breadcrumb":{"@id":"https:\/\/seminarconsulting.ro\/mosolyogj-szembe-a-halallal\/#breadcrumb"},"inLanguage":"ro-RO","potentialAction":[{"@type":"ReadAction","target":["https:\/\/seminarconsulting.ro\/mosolyogj-szembe-a-halallal\/"]}]},{"@type":"ImageObject","inLanguage":"ro-RO","@id":"https:\/\/seminarconsulting.ro\/mosolyogj-szembe-a-halallal\/#primaryimage","url":"https:\/\/seminarconsulting.ro\/wp-content\/uploads\/2020\/04\/Piroska-Gyula_0004_BSS_8494-copy.png","contentUrl":"https:\/\/seminarconsulting.ro\/wp-content\/uploads\/2020\/04\/Piroska-Gyula_0004_BSS_8494-copy.png","width":613,"height":934,"caption":"Mosolyogj szembe a hal\u00e1llal"},{"@type":"BreadcrumbList","@id":"https:\/\/seminarconsulting.ro\/mosolyogj-szembe-a-halallal\/#breadcrumb","itemListElement":[{"@type":"ListItem","position":1,"name":"Home","item":"https:\/\/seminarconsulting.ro\/"},{"@type":"ListItem","position":2,"name":"C\u0103r\u021bi","item":"https:\/\/seminarconsulting.ro\/ro\/carti\/"},{"@type":"ListItem","position":3,"name":"Mosolyogj szembe a hal\u00e1llal!"}]},{"@type":"WebSite","@id":"https:\/\/seminarconsulting.ro\/#website","url":"https:\/\/seminarconsulting.ro\/","name":"Seminar Consulting","description":"A c&eacute;gvezet\u0151k bar&aacute;tja","publisher":{"@id":"https:\/\/seminarconsulting.ro\/#organization"},"potentialAction":[{"@type":"SearchAction","target":{"@type":"EntryPoint","urlTemplate":"https:\/\/seminarconsulting.ro\/?s={search_term_string}"},"query-input":{"@type":"PropertyValueSpecification","valueRequired":true,"valueName":"search_term_string"}}],"inLanguage":"ro-RO"},{"@type":"Organization","@id":"https:\/\/seminarconsulting.ro\/#organization","name":"Seminar Consulting","url":"https:\/\/seminarconsulting.ro\/","logo":{"@type":"ImageObject","inLanguage":"ro-RO","@id":"https:\/\/seminarconsulting.ro\/#\/schema\/logo\/image\/","url":"https:\/\/seminarconsulting.ro\/wp-content\/uploads\/2024\/11\/cropped-Logo-RGB.png","contentUrl":"https:\/\/seminarconsulting.ro\/wp-content\/uploads\/2024\/11\/cropped-Logo-RGB.png","width":1656,"height":406,"caption":"Seminar Consulting"},"image":{"@id":"https:\/\/seminarconsulting.ro\/#\/schema\/logo\/image\/"}}]}},"_links":{"self":[{"href":"https:\/\/seminarconsulting.ro\/ro\/wp-json\/wp\/v2\/product\/2371","targetHints":{"allow":["GET"]}}],"collection":[{"href":"https:\/\/seminarconsulting.ro\/ro\/wp-json\/wp\/v2\/product"}],"about":[{"href":"https:\/\/seminarconsulting.ro\/ro\/wp-json\/wp\/v2\/types\/product"}],"version-history":[{"count":0,"href":"https:\/\/seminarconsulting.ro\/ro\/wp-json\/wp\/v2\/product\/2371\/revisions"}],"wp:featuredmedia":[{"embeddable":true,"href":"https:\/\/seminarconsulting.ro\/ro\/wp-json\/wp\/v2\/media\/4994"}],"wp:attachment":[{"href":"https:\/\/seminarconsulting.ro\/ro\/wp-json\/wp\/v2\/media?parent=2371"}],"wp:term":[{"taxonomy":"product_brand","embeddable":true,"href":"https:\/\/seminarconsulting.ro\/ro\/wp-json\/wp\/v2\/product_brand?post=2371"},{"taxonomy":"product_cat","embeddable":true,"href":"https:\/\/seminarconsulting.ro\/ro\/wp-json\/wp\/v2\/product_cat?post=2371"},{"taxonomy":"product_tag","embeddable":true,"href":"https:\/\/seminarconsulting.ro\/ro\/wp-json\/wp\/v2\/product_tag?post=2371"}],"curies":[{"name":"wp","href":"https:\/\/api.w.org\/{rel}","templated":true}]}}