{"id":4193,"date":"2021-04-09T10:40:11","date_gmt":"2021-04-09T10:40:11","guid":{"rendered":"https:\/\/seminarconsulting.ro\/?post_type=product&#038;p=4193"},"modified":"2025-12-16T08:30:05","modified_gmt":"2025-12-16T08:30:05","slug":"a-forras","status":"publish","type":"product","link":"https:\/\/seminarconsulting.ro\/ro\/a-forras\/","title":{"rendered":"A forr\u00e1s"},"content":{"rendered":"<p>Soha ne a kudarct\u00f3l f\u00e9ljen, hanem a meg nem \u00e9lt \u00e9lett\u0151l!<\/p>\n<p>Az igazi \u00e9letet a h\u00e9tk\u00f6znapokban kell j\u00f3l meg\u00e9lni, nem csak kiv\u00e9teles pillanatokban, a h\u00e9tv\u00e9g\u00e9kre vagy az \u00fcnnepekre v\u00e1rva.<\/p>\n<p>Ezt a k\u00f6nyvet kiz\u00e1r\u00f3lag azzal a sz\u00e1nd\u00e9kkal \u00edrtam, hogy seg\u00edtsek az embereknek kit\u00f6rni a sz\u00fcrke h\u00e9tk\u00f6znapok mindennapi egyhang\u00fas\u00e1g\u00e1b\u00f3l.<\/p>\n<p>Szeretn\u00e9k utat mutatni a sz\u00e1mukra, hogy mindannyian visszanyerj\u00e9k azt a vel\u00fck sz\u00fcletett, v\u00e9gtelen bels\u0151 teremt\u0151 energi\u00e1t, amellyel gyermekkorukban m\u00e9g k\u00e9pesek voltak szinte b\u00e1rmit el\u00e9rni, amit csak akartak.<\/p>\n<p>Ez a k\u00f6nyv egy \u00faj \u00e9letszeml\u00e9let \u00e9s egyben egy \u00fatmutat\u00e1s is arra, hogyan \u00e9lj\u00fck meg tartalmasan \u00e9s boldogan a mindennapjainkat.<\/p>\n<p>Kijel\u00f6li azt a keskeny de biztos \u00f6sv\u00e9nyt, amelyen tudatosan j\u00e1rva nagyon sikeres, tartalmas \u00e9s a k\u00f6rnyezet\u00fcnk sz\u00e1m\u00e1ra is hasznos \u00e9letet lehet \u00e9lni.<\/p>\n<p>Ebb\u0151l a k\u00f6nyvb\u0151l megtudhatja, hogy egy sz\u00fcrke \u00e9s unalmas \u00e9let helyett hogyan \u00e9lje meg boldog feln\u0151ttk\u00e9nt \u00fajra, gyermekkora var\u00e1zslatos \u00e9s izgalmakkal teli sz\u00ednes vil\u00e1g\u00e1t.<\/p>\n<p>Azoknak sz\u00f3l, akik tartalmas \u00e9s kiegyens\u00falyozott \u00e9letre v\u00e1gynak \u00e9s ez\u00e9rt hajland\u00f3ak tenni is valamit.<\/p>\n<p>Ha \u00d6n semmi m\u00e1st nem tesz, mint, hogy elkezdi k\u00f6vetni, \u00e9s a mindennapi \u00e9let\u00e9ben l\u00e9p\u00e9sr\u0151l-l\u00e9p\u00e9sre alkalmazni azokat az \u00e9letre vonatkoz\u00f3 t\u00f6rv\u00e9nyeket, amelyeket ebben a k\u00f6nyvben megtal\u00e1l, teljes bizonyoss\u00e1ggal tudom, hogy sokkal tartalmasabb\u00e1 \u00e9s sikeresebb\u00e9 v\u00e1lik az \u00e9lete.<\/p>\n<p>Egy sikeres \u00e9s boldog \u00e9let megteremt\u00e9s\u00e9nek k\u00e9pess\u00e9ge ott\u00a0 van \u00d6nben is.<\/p>\n<p>\u00dajra fel\u00e9lesztheti \u00e9s tudatosan \u00e9letben is tarthatja az \u00d6nben m\u00e9lyen szunnyad\u00f3 krist\u00e1lytiszta teremt\u0151 er\u0151t, amellyel sikeress\u00e9 tud v\u00e1lni, \u00e9s el\u00e9g er\u0151s \u00e9s stabil is tud maradni ahhoz, hogy az \u00e9let\u00e9ben elker\u00fclje a kudarcokat, vagy ha kell, gyors \u00e9s biztos kiutat tal\u00e1ljon a probl\u00e9m\u00e1k \u00fatveszt\u0151ib\u0151l.<\/p>\n<p>Tegyen meg ennyit \u00f6nmag\u00e1\u00e9rt.<\/p>\n<p>\u00cdgy k\u00e9pes lesz arra, hogy szinte b\u00e1rmilyen c\u00e9lt el\u00e9rjen \u00e9s egy j\u00f3val\u00a0 magasabb \u00e9letsz\u00ednvonalon \u00e9ljen.<\/p>\n<p>\u0150szint\u00e9n rem\u00e9lem, hogy tudok seg\u00edteni abban, hogy \u00fajra visszatal\u00e1ljon r\u00e9gi \u00f6nmag\u00e1hoz.<\/p>\n<p>B\u00edzom benne, hogy \u00d6n is megleli a saj\u00e1t \u00fatj\u00e1t.<\/p>\n<p>Ha e k\u00f6nyv hat\u00e1s\u00e1ra csak egy kicsit is jobb\u00e1 v\u00e1lik az \u00e9lete, \u00e9n m\u00e1r el\u00e9rtem amit akartam.<\/p>\n","protected":false},"excerpt":{"rendered":"<p>Soha ne a kudarct\u00f3l f\u00e9lj, hanem a meg nem \u00e9lt \u00e9lett\u0151l! Az igazi \u00e9letet a h\u00e9tk\u00f6znapokban kell j\u00f3l meg\u00e9lni, nem csak kiv\u00e9teles pillanatokban, a h\u00e9tv\u00e9g\u00e9kre vagy az \u00fcnnepekre v\u00e1rva.<\/p>\n","protected":false},"featured_media":4194,"template":"","meta":{"site-sidebar-layout":"default","site-content-layout":"","ast-site-content-layout":"default","site-content-style":"default","site-sidebar-style":"default","ast-global-header-display":"","ast-banner-title-visibility":"","ast-main-header-display":"","ast-hfb-above-header-display":"","ast-hfb-below-header-display":"","ast-hfb-mobile-header-display":"","site-post-title":"","ast-breadcrumbs-content":"","ast-featured-img":"","footer-sml-layout":"","ast-disable-related-posts":"","theme-transparent-header-meta":"","adv-header-id-meta":"","stick-header-meta":"","header-above-stick-meta":"","header-main-stick-meta":"","header-below-stick-meta":"","astra-migrate-meta-layouts":"default","ast-page-background-enabled":"default","ast-page-background-meta":{"desktop":{"background-color":"var(--ast-global-color-4)","background-image":"","background-repeat":"repeat","background-position":"center center","background-size":"auto","background-attachment":"scroll","background-type":"","background-media":"","overlay-type":"","overlay-color":"","overlay-opacity":"","overlay-gradient":""},"tablet":{"background-color":"","background-image":"","background-repeat":"repeat","background-position":"center center","background-size":"auto","background-attachment":"scroll","background-type":"","background-media":"","overlay-type":"","overlay-color":"","overlay-opacity":"","overlay-gradient":""},"mobile":{"background-color":"","background-image":"","background-repeat":"repeat","background-position":"center center","background-size":"auto","background-attachment":"scroll","background-type":"","background-media":"","overlay-type":"","overlay-color":"","overlay-opacity":"","overlay-gradient":""}},"ast-content-background-meta":{"desktop":{"background-color":"var(--ast-global-color-5)","background-image":"","background-repeat":"repeat","background-position":"center center","background-size":"auto","background-attachment":"scroll","background-type":"","background-media":"","overlay-type":"","overlay-color":"","overlay-opacity":"","overlay-gradient":""},"tablet":{"background-color":"var(--ast-global-color-5)","background-image":"","background-repeat":"repeat","background-position":"center center","background-size":"auto","background-attachment":"scroll","background-type":"","background-media":"","overlay-type":"","overlay-color":"","overlay-opacity":"","overlay-gradient":""},"mobile":{"background-color":"var(--ast-global-color-5)","background-image":"","background-repeat":"repeat","background-position":"center center","background-size":"auto","background-attachment":"scroll","background-type":"","background-media":"","overlay-type":"","overlay-color":"","overlay-opacity":"","overlay-gradient":""}}},"product_brand":[],"product_cat":[43],"product_tag":[],"class_list":{"0":"post-4193","1":"product","2":"type-product","3":"status-publish","4":"has-post-thumbnail","6":"product_cat-konyveink","7":"desktop-align-left","8":"tablet-align-left","9":"mobile-align-left","11":"first","12":"instock","13":"taxable","14":"shipping-taxable","15":"purchasable","16":"product-type-simple"},"yoast_head":"<!-- This site is optimized with the Yoast SEO plugin v26.9 - https:\/\/yoast.com\/product\/yoast-seo-wordpress\/ -->\n<title>A forr\u00e1s - Seminar Consulting<\/title>\n<meta name=\"robots\" content=\"index, follow, max-snippet:-1, max-image-preview:large, max-video-preview:-1\" \/>\n<link rel=\"canonical\" href=\"https:\/\/seminarconsulting.ro\/a-forras\/\" \/>\n<meta property=\"og:locale\" content=\"ro_RO\" \/>\n<meta property=\"og:type\" content=\"article\" \/>\n<meta property=\"og:title\" content=\"A forr\u00e1s - Seminar Consulting\" \/>\n<meta property=\"og:description\" content=\"Soha ne a kudarct\u00f3l f\u00e9lj, hanem a meg nem \u00e9lt \u00e9lett\u0151l! Az igazi \u00e9letet a h\u00e9tk\u00f6znapokban kell j\u00f3l meg\u00e9lni, nem csak kiv\u00e9teles pillanatokban, a h\u00e9tv\u00e9g\u00e9kre vagy az \u00fcnnepekre v\u00e1rva.\" \/>\n<meta property=\"og:url\" content=\"https:\/\/seminarconsulting.ro\/a-forras\/\" \/>\n<meta property=\"og:site_name\" content=\"Seminar Consulting\" \/>\n<meta property=\"article:modified_time\" content=\"2025-12-16T08:30:05+00:00\" \/>\n<meta property=\"og:image\" content=\"https:\/\/seminarconsulting.ro\/wp-content\/uploads\/2021\/04\/konyv_forras.png\" \/>\n\t<meta property=\"og:image:width\" content=\"359\" \/>\n\t<meta property=\"og:image:height\" content=\"476\" \/>\n\t<meta property=\"og:image:type\" content=\"image\/png\" \/>\n<meta name=\"twitter:card\" content=\"summary_large_image\" \/>\n<meta name=\"twitter:label1\" content=\"Timp estimat pentru citire\" \/>\n\t<meta name=\"twitter:data1\" content=\"2 minute\" \/>\n<script type=\"application\/ld+json\" class=\"yoast-schema-graph\">{\"@context\":\"https:\/\/schema.org\",\"@graph\":[{\"@type\":\"WebPage\",\"@id\":\"https:\/\/seminarconsulting.ro\/a-forras\/\",\"url\":\"https:\/\/seminarconsulting.ro\/a-forras\/\",\"name\":\"A forr\u00e1s - Seminar Consulting\",\"isPartOf\":{\"@id\":\"https:\/\/seminarconsulting.ro\/#website\"},\"primaryImageOfPage\":{\"@id\":\"https:\/\/seminarconsulting.ro\/a-forras\/#primaryimage\"},\"image\":{\"@id\":\"https:\/\/seminarconsulting.ro\/a-forras\/#primaryimage\"},\"thumbnailUrl\":\"https:\/\/seminarconsulting.ro\/wp-content\/uploads\/2021\/04\/konyv_forras.png\",\"datePublished\":\"2021-04-09T10:40:11+00:00\",\"dateModified\":\"2025-12-16T08:30:05+00:00\",\"breadcrumb\":{\"@id\":\"https:\/\/seminarconsulting.ro\/a-forras\/#breadcrumb\"},\"inLanguage\":\"ro-RO\",\"potentialAction\":[{\"@type\":\"ReadAction\",\"target\":[\"https:\/\/seminarconsulting.ro\/a-forras\/\"]}]},{\"@type\":\"ImageObject\",\"inLanguage\":\"ro-RO\",\"@id\":\"https:\/\/seminarconsulting.ro\/a-forras\/#primaryimage\",\"url\":\"https:\/\/seminarconsulting.ro\/wp-content\/uploads\/2021\/04\/konyv_forras.png\",\"contentUrl\":\"https:\/\/seminarconsulting.ro\/wp-content\/uploads\/2021\/04\/konyv_forras.png\",\"width\":359,\"height\":476,\"caption\":\"A forr\u00e1s\"},{\"@type\":\"BreadcrumbList\",\"@id\":\"https:\/\/seminarconsulting.ro\/a-forras\/#breadcrumb\",\"itemListElement\":[{\"@type\":\"ListItem\",\"position\":1,\"name\":\"Home\",\"item\":\"https:\/\/seminarconsulting.ro\/\"},{\"@type\":\"ListItem\",\"position\":2,\"name\":\"C\u0103r\u021bi\",\"item\":\"https:\/\/seminarconsulting.ro\/ro\/carti\/\"},{\"@type\":\"ListItem\",\"position\":3,\"name\":\"A forr\u00e1s\"}]},{\"@type\":\"WebSite\",\"@id\":\"https:\/\/seminarconsulting.ro\/#website\",\"url\":\"https:\/\/seminarconsulting.ro\/\",\"name\":\"Seminar Consulting\",\"description\":\"A c&eacute;gvezet\u0151k bar&aacute;tja\",\"publisher\":{\"@id\":\"https:\/\/seminarconsulting.ro\/#organization\"},\"potentialAction\":[{\"@type\":\"SearchAction\",\"target\":{\"@type\":\"EntryPoint\",\"urlTemplate\":\"https:\/\/seminarconsulting.ro\/?s={search_term_string}\"},\"query-input\":{\"@type\":\"PropertyValueSpecification\",\"valueRequired\":true,\"valueName\":\"search_term_string\"}}],\"inLanguage\":\"ro-RO\"},{\"@type\":\"Organization\",\"@id\":\"https:\/\/seminarconsulting.ro\/#organization\",\"name\":\"Seminar Consulting\",\"url\":\"https:\/\/seminarconsulting.ro\/\",\"logo\":{\"@type\":\"ImageObject\",\"inLanguage\":\"ro-RO\",\"@id\":\"https:\/\/seminarconsulting.ro\/#\/schema\/logo\/image\/\",\"url\":\"https:\/\/seminarconsulting.ro\/wp-content\/uploads\/2024\/11\/cropped-Logo-RGB.png\",\"contentUrl\":\"https:\/\/seminarconsulting.ro\/wp-content\/uploads\/2024\/11\/cropped-Logo-RGB.png\",\"width\":1656,\"height\":406,\"caption\":\"Seminar Consulting\"},\"image\":{\"@id\":\"https:\/\/seminarconsulting.ro\/#\/schema\/logo\/image\/\"}}]}<\/script>\n<!-- \/ Yoast SEO plugin. -->","yoast_head_json":{"title":"A forr\u00e1s - Seminar Consulting","robots":{"index":"index","follow":"follow","max-snippet":"max-snippet:-1","max-image-preview":"max-image-preview:large","max-video-preview":"max-video-preview:-1"},"canonical":"https:\/\/seminarconsulting.ro\/a-forras\/","og_locale":"ro_RO","og_type":"article","og_title":"A forr\u00e1s - Seminar Consulting","og_description":"Soha ne a kudarct\u00f3l f\u00e9lj, hanem a meg nem \u00e9lt \u00e9lett\u0151l! Az igazi \u00e9letet a h\u00e9tk\u00f6znapokban kell j\u00f3l meg\u00e9lni, nem csak kiv\u00e9teles pillanatokban, a h\u00e9tv\u00e9g\u00e9kre vagy az \u00fcnnepekre v\u00e1rva.","og_url":"https:\/\/seminarconsulting.ro\/a-forras\/","og_site_name":"Seminar Consulting","article_modified_time":"2025-12-16T08:30:05+00:00","og_image":[{"width":359,"height":476,"url":"https:\/\/seminarconsulting.ro\/wp-content\/uploads\/2021\/04\/konyv_forras.png","type":"image\/png"}],"twitter_card":"summary_large_image","twitter_misc":{"Timp estimat pentru citire":"2 minute"},"schema":{"@context":"https:\/\/schema.org","@graph":[{"@type":"WebPage","@id":"https:\/\/seminarconsulting.ro\/a-forras\/","url":"https:\/\/seminarconsulting.ro\/a-forras\/","name":"A forr\u00e1s - Seminar Consulting","isPartOf":{"@id":"https:\/\/seminarconsulting.ro\/#website"},"primaryImageOfPage":{"@id":"https:\/\/seminarconsulting.ro\/a-forras\/#primaryimage"},"image":{"@id":"https:\/\/seminarconsulting.ro\/a-forras\/#primaryimage"},"thumbnailUrl":"https:\/\/seminarconsulting.ro\/wp-content\/uploads\/2021\/04\/konyv_forras.png","datePublished":"2021-04-09T10:40:11+00:00","dateModified":"2025-12-16T08:30:05+00:00","breadcrumb":{"@id":"https:\/\/seminarconsulting.ro\/a-forras\/#breadcrumb"},"inLanguage":"ro-RO","potentialAction":[{"@type":"ReadAction","target":["https:\/\/seminarconsulting.ro\/a-forras\/"]}]},{"@type":"ImageObject","inLanguage":"ro-RO","@id":"https:\/\/seminarconsulting.ro\/a-forras\/#primaryimage","url":"https:\/\/seminarconsulting.ro\/wp-content\/uploads\/2021\/04\/konyv_forras.png","contentUrl":"https:\/\/seminarconsulting.ro\/wp-content\/uploads\/2021\/04\/konyv_forras.png","width":359,"height":476,"caption":"A forr\u00e1s"},{"@type":"BreadcrumbList","@id":"https:\/\/seminarconsulting.ro\/a-forras\/#breadcrumb","itemListElement":[{"@type":"ListItem","position":1,"name":"Home","item":"https:\/\/seminarconsulting.ro\/"},{"@type":"ListItem","position":2,"name":"C\u0103r\u021bi","item":"https:\/\/seminarconsulting.ro\/ro\/carti\/"},{"@type":"ListItem","position":3,"name":"A forr\u00e1s"}]},{"@type":"WebSite","@id":"https:\/\/seminarconsulting.ro\/#website","url":"https:\/\/seminarconsulting.ro\/","name":"Seminar Consulting","description":"A c&eacute;gvezet\u0151k bar&aacute;tja","publisher":{"@id":"https:\/\/seminarconsulting.ro\/#organization"},"potentialAction":[{"@type":"SearchAction","target":{"@type":"EntryPoint","urlTemplate":"https:\/\/seminarconsulting.ro\/?s={search_term_string}"},"query-input":{"@type":"PropertyValueSpecification","valueRequired":true,"valueName":"search_term_string"}}],"inLanguage":"ro-RO"},{"@type":"Organization","@id":"https:\/\/seminarconsulting.ro\/#organization","name":"Seminar Consulting","url":"https:\/\/seminarconsulting.ro\/","logo":{"@type":"ImageObject","inLanguage":"ro-RO","@id":"https:\/\/seminarconsulting.ro\/#\/schema\/logo\/image\/","url":"https:\/\/seminarconsulting.ro\/wp-content\/uploads\/2024\/11\/cropped-Logo-RGB.png","contentUrl":"https:\/\/seminarconsulting.ro\/wp-content\/uploads\/2024\/11\/cropped-Logo-RGB.png","width":1656,"height":406,"caption":"Seminar Consulting"},"image":{"@id":"https:\/\/seminarconsulting.ro\/#\/schema\/logo\/image\/"}}]}},"_links":{"self":[{"href":"https:\/\/seminarconsulting.ro\/ro\/wp-json\/wp\/v2\/product\/4193","targetHints":{"allow":["GET"]}}],"collection":[{"href":"https:\/\/seminarconsulting.ro\/ro\/wp-json\/wp\/v2\/product"}],"about":[{"href":"https:\/\/seminarconsulting.ro\/ro\/wp-json\/wp\/v2\/types\/product"}],"version-history":[{"count":0,"href":"https:\/\/seminarconsulting.ro\/ro\/wp-json\/wp\/v2\/product\/4193\/revisions"}],"wp:featuredmedia":[{"embeddable":true,"href":"https:\/\/seminarconsulting.ro\/ro\/wp-json\/wp\/v2\/media\/4194"}],"wp:attachment":[{"href":"https:\/\/seminarconsulting.ro\/ro\/wp-json\/wp\/v2\/media?parent=4193"}],"wp:term":[{"taxonomy":"product_brand","embeddable":true,"href":"https:\/\/seminarconsulting.ro\/ro\/wp-json\/wp\/v2\/product_brand?post=4193"},{"taxonomy":"product_cat","embeddable":true,"href":"https:\/\/seminarconsulting.ro\/ro\/wp-json\/wp\/v2\/product_cat?post=4193"},{"taxonomy":"product_tag","embeddable":true,"href":"https:\/\/seminarconsulting.ro\/ro\/wp-json\/wp\/v2\/product_tag?post=4193"}],"curies":[{"name":"wp","href":"https:\/\/api.w.org\/{rel}","templated":true}]}}