{"id":4944,"date":"2022-01-26T12:51:22","date_gmt":"2022-01-26T12:51:22","guid":{"rendered":"https:\/\/seminarconsulting.ro\/?post_type=product&#038;p=4944"},"modified":"2025-12-16T08:29:52","modified_gmt":"2025-12-16T08:29:52","slug":"nagy-bela-az-ertekesites-nem-szerencsejatek","status":"publish","type":"product","link":"https:\/\/seminarconsulting.ro\/ro\/nagy-bela-az-ertekesites-nem-szerencsejatek\/","title":{"rendered":"Az \u00e9rt\u00e9kes\u00edt\u00e9s nem szerencsej\u00e1t\u00e9k"},"content":{"rendered":"<h1>Az \u00e9rt\u00e9kes\u00edt\u00e9s nem szerencsej\u00e1t\u00e9k<\/h1>\n<p>Nagy B\u00e9la hossz\u00fa \u00e9rt\u00e9kes\u00edt\u0151i m\u00faltja alatt ugyanazokkal a kifog\u00e1sokkal, \u00fcgyf\u00e9lveszt\u00e9sekkel \u00e9s megoldhatatlan \u00fczletekkel tal\u00e1lkozott, mint te. Ez\u00e9rt pontosan tudja (\u00e9s le\u00edrja), hogy mi az a n\u00e9h\u00e1ny dolog, amit\u0151l egyszer\u0171bb \u00e9s \u00e9lvezhet\u0151bb lesz a munk\u00e1d.<\/p>\n<p>&nbsp;<\/p>\n<p>A legt\u00f6bb \u00e9rt\u00e9kes\u00edt\u0151 csak telefon\u00e1lGAT, kapcsolatokat \u00e9p\u00edtGET \u00e9s \u00e9rt\u00e9kes\u00edtGET. Emiatt nem tudja kez\u00e9ben tartani az ir\u00e1ny\u00edt\u00e1st:<\/p>\n<ol>\n<li>A TELEFON\u00c1L\u00c1ST GYAKRAN F\u00c9LRETESZI (mert nem tartozik a kedvenc feladatai k\u00f6z\u00e9)<\/li>\n<li>A KAPCSOLATOKRA AD HOC \u00cdR R\u00c1, \u00c1POLGATJA<\/li>\n<li>A T\u00c1RGYAL\u00c1SAI PEDIG \u201evalahogy akkor bemutatom a term\u00e9kem\u201d ESETLEGESS\u00c9G\u0170EK<\/li>\n<\/ol>\n<p>Ismer\u0151s n\u00e9h\u00e1ny l\u00e9p\u00e9s? <strong>Van r\u00e1 megold\u00e1s!<\/strong><\/p>\n<p>Alak\u00edts ki magadnak egy rendszert (ennek l\u00e9p\u00e9seit megtudod a k\u00f6nyvb\u0151l) \u00e9s m\u00e1ris m\u00e9rf\u00f6ldekkel jobb \u00e9rt\u00e9kes\u00edt\u0151 v\u00e1lik bel\u0151led.<\/p>\n<p>&nbsp;<\/p>\n<h2>A profi \u00e9rt\u00e9kes\u00edt\u0151 fel\u00e1ll a rulettasztalt\u00f3l, kij\u00f6n a kaszin\u00f3b\u00f3l \u00e9s elkezd rendszert \u00e9p\u00edteni<\/h2>\n<ul>\n<li>\u201eSzesz\u00e9ly\u00e1ll\u00f3v\u00e1\u201d tetted a bev\u00e9teleidet, mert kisz\u00e1moltad, hogy a folyamatod mely l\u00e9pcs\u0151it h\u00e1ny \u00fcgyf\u00e9llel kell megt\u00f6ltened ahhoz, hogy mindig stabil bev\u00e9teled legyen. (\u00c9s \u00edgy nem sz\u00e1m\u00edt, ha egy \u00fcgyf\u00e9l hajmereszt\u0151 indokkal el\u00e1ll a v\u00e9telt\u0151l, mert ott van a cs\u0151ben 10 m\u00e1sik.)<\/li>\n<li>B\u0151ven 50% f\u00f6l\u00e9 viszed a lez\u00e1r\u00e1si ar\u00e1nyait, mert meg\u00e9rted a v\u00e1s\u00e1rl\u00f3 ment\u00e1lis l\u00e9pcs\u0151it (\u00e9s tudod, hogy melyik l\u00e9pcs\u0151n mit kell mondanod \u00e9s tenned).<\/li>\n<li>Olyan er\u0151s kapcsolatokat \u00e9p\u00edtesz, akiket m\u00e9g gazdas\u00e1gi v\u00e1ls\u00e1g eset\u00e9n is nyugodtan felh\u00edvhatsz \u2013 mert \u00e9rted, hogy milyen \u00fcgyf\u00e9lt\u00edpusok vannak, \u00e9s kivel hogyan tal\u00e1lhatod meg a k\u00f6z\u00f6s hangot.<\/li>\n<li>Alig \u00e9rnek meglepet\u00e9sek, mert tudod, hogyan m\u00e9rheted fel t\u00e1rgyal\u00e1s el\u0151tt az \u00fcgyf\u00e9l ig\u00e9nyeit (\u00e9s \u00edgy minden helyzetre van k\u00e9sz v\u00e1laszod).<\/li>\n<li>N\u00f6veled a bev\u00e9teleidet, mert seg\u00edtesz az \u00fcgyf\u00e9lnek d\u00f6nt\u00e9st hozni (a j\u00f3 pillanatban) \u00e9s egy sv\u00e1jci \u00f3ra precizit\u00e1s\u00e1val \u00e9p\u00edtetted fel az \u00e9rt\u00e9kes\u00edt\u00e9s menet\u00e9t.<\/li>\n<\/ul>\n<p>&nbsp;<\/p>\n<p><strong>EZ<\/strong> az a l\u00e9p\u00e9s, ami sorsford\u00edt\u00f3 lesz az \u00e9letedben.<\/p>\n<p>Teh\u00e1t te most nem csak egy zsebk\u00f6nyvre mondasz igent vagy nemet, hanem arr\u00f3l a szeml\u00e9letv\u00e1lt\u00e1sr\u00f3l d\u00f6ntesz, ami megalapozza az \u00e9leted.<\/p>\n","protected":false},"excerpt":{"rendered":"<p>Ha \u00e9rt\u00e9kes\u00edt\u0151k\u00e9nt \u00fagy \u00e9rzed, hogy t\u00f6bbet is ki tudn\u00e1l hozni magadb\u00f3l, ez a k\u00f6nyv a legjobb v\u00e1laszt\u00e1s a sz\u00e1modra.<\/p>\n<p>Ez a fordul\u00f3pont, amely sarkaiban v\u00e1ltoztatja meg az \u00e9leted, amelyre \u00e9vek m\u00falt\u00e1n is \u00fagy gondolsz vissza, hogy \u201eett\u0151l kezdve indultam el a sikeres \u00e9rt\u00e9kes\u00edt\u0151i p\u00e1ly\u00e1mon.\u201d<\/p>\n<p>Most elk\u00fcld\u00f6m neked ezt a fordul\u00f3pontot egy k\u00f6nyv form\u00e1j\u00e1ban, melynek tartalma maga az \u00faj \u00e9let, amelyben igaz\u00e1n profi \u00e9rt\u00e9kes\u00edt\u0151 vagy.<\/p>\n","protected":false},"featured_media":4945,"template":"","meta":{"site-sidebar-layout":"default","site-content-layout":"","ast-site-content-layout":"default","site-content-style":"default","site-sidebar-style":"default","ast-global-header-display":"","ast-banner-title-visibility":"","ast-main-header-display":"","ast-hfb-above-header-display":"","ast-hfb-below-header-display":"","ast-hfb-mobile-header-display":"","site-post-title":"","ast-breadcrumbs-content":"","ast-featured-img":"","footer-sml-layout":"","ast-disable-related-posts":"","theme-transparent-header-meta":"","adv-header-id-meta":"","stick-header-meta":"","header-above-stick-meta":"","header-main-stick-meta":"","header-below-stick-meta":"","astra-migrate-meta-layouts":"default","ast-page-background-enabled":"default","ast-page-background-meta":{"desktop":{"background-color":"var(--ast-global-color-4)","background-image":"","background-repeat":"repeat","background-position":"center center","background-size":"auto","background-attachment":"scroll","background-type":"","background-media":"","overlay-type":"","overlay-color":"","overlay-opacity":"","overlay-gradient":""},"tablet":{"background-color":"","background-image":"","background-repeat":"repeat","background-position":"center center","background-size":"auto","background-attachment":"scroll","background-type":"","background-media":"","overlay-type":"","overlay-color":"","overlay-opacity":"","overlay-gradient":""},"mobile":{"background-color":"","background-image":"","background-repeat":"repeat","background-position":"center center","background-size":"auto","background-attachment":"scroll","background-type":"","background-media":"","overlay-type":"","overlay-color":"","overlay-opacity":"","overlay-gradient":""}},"ast-content-background-meta":{"desktop":{"background-color":"var(--ast-global-color-5)","background-image":"","background-repeat":"repeat","background-position":"center center","background-size":"auto","background-attachment":"scroll","background-type":"","background-media":"","overlay-type":"","overlay-color":"","overlay-opacity":"","overlay-gradient":""},"tablet":{"background-color":"var(--ast-global-color-5)","background-image":"","background-repeat":"repeat","background-position":"center center","background-size":"auto","background-attachment":"scroll","background-type":"","background-media":"","overlay-type":"","overlay-color":"","overlay-opacity":"","overlay-gradient":""},"mobile":{"background-color":"var(--ast-global-color-5)","background-image":"","background-repeat":"repeat","background-position":"center center","background-size":"auto","background-attachment":"scroll","background-type":"","background-media":"","overlay-type":"","overlay-color":"","overlay-opacity":"","overlay-gradient":""}}},"product_brand":[],"product_cat":[43],"product_tag":[],"class_list":{"0":"post-4944","1":"product","2":"type-product","3":"status-publish","4":"has-post-thumbnail","6":"product_cat-konyveink","7":"desktop-align-left","8":"tablet-align-left","9":"mobile-align-left","11":"first","12":"instock","13":"taxable","14":"shipping-taxable","15":"purchasable","16":"product-type-simple"},"yoast_head":"<!-- This site is optimized with the Yoast SEO plugin v26.9 - https:\/\/yoast.com\/product\/yoast-seo-wordpress\/ -->\n<title>Az \u00e9rt\u00e9kes\u00edt\u00e9s nem szerencsej\u00e1t\u00e9k - Seminar Consulting<\/title>\n<meta name=\"robots\" content=\"index, follow, max-snippet:-1, max-image-preview:large, max-video-preview:-1\" \/>\n<link rel=\"canonical\" href=\"https:\/\/seminarconsulting.ro\/nagy-bela-az-ertekesites-nem-szerencsejatek\/\" \/>\n<meta property=\"og:locale\" content=\"ro_RO\" \/>\n<meta property=\"og:type\" content=\"article\" \/>\n<meta property=\"og:title\" content=\"Az \u00e9rt\u00e9kes\u00edt\u00e9s nem szerencsej\u00e1t\u00e9k - Seminar Consulting\" \/>\n<meta property=\"og:description\" content=\"Ha \u00e9rt\u00e9kes\u00edt\u0151k\u00e9nt \u00fagy \u00e9rzed, hogy t\u00f6bbet is ki tudn\u00e1l hozni magadb\u00f3l, ez a k\u00f6nyv a legjobb v\u00e1laszt\u00e1s a sz\u00e1modra. Ez a fordul\u00f3pont, amely sarkaiban v\u00e1ltoztatja meg az \u00e9leted, amelyre \u00e9vek m\u00falt\u00e1n is \u00fagy gondolsz vissza, hogy \u201eett\u0151l kezdve indultam el a sikeres \u00e9rt\u00e9kes\u00edt\u0151i p\u00e1ly\u00e1mon.\u201d Most elk\u00fcld\u00f6m neked ezt a fordul\u00f3pontot egy k\u00f6nyv form\u00e1j\u00e1ban, melynek tartalma maga az \u00faj \u00e9let, amelyben igaz\u00e1n profi \u00e9rt\u00e9kes\u00edt\u0151 vagy.\" \/>\n<meta property=\"og:url\" content=\"https:\/\/seminarconsulting.ro\/nagy-bela-az-ertekesites-nem-szerencsejatek\/\" \/>\n<meta property=\"og:site_name\" content=\"Seminar Consulting\" \/>\n<meta property=\"article:modified_time\" content=\"2025-12-16T08:29:52+00:00\" \/>\n<meta property=\"og:image\" content=\"https:\/\/seminarconsulting.ro\/wp-content\/uploads\/2022\/01\/Nagy-Bela.jpg\" \/>\n\t<meta property=\"og:image:width\" content=\"1080\" \/>\n\t<meta property=\"og:image:height\" content=\"1080\" \/>\n\t<meta property=\"og:image:type\" content=\"image\/jpeg\" \/>\n<meta name=\"twitter:card\" content=\"summary_large_image\" \/>\n<meta name=\"twitter:label1\" content=\"Timp estimat pentru citire\" \/>\n\t<meta name=\"twitter:data1\" content=\"2 minute\" \/>\n<script type=\"application\/ld+json\" class=\"yoast-schema-graph\">{\"@context\":\"https:\/\/schema.org\",\"@graph\":[{\"@type\":\"WebPage\",\"@id\":\"https:\/\/seminarconsulting.ro\/nagy-bela-az-ertekesites-nem-szerencsejatek\/\",\"url\":\"https:\/\/seminarconsulting.ro\/nagy-bela-az-ertekesites-nem-szerencsejatek\/\",\"name\":\"Az \u00e9rt\u00e9kes\u00edt\u00e9s nem szerencsej\u00e1t\u00e9k - Seminar Consulting\",\"isPartOf\":{\"@id\":\"https:\/\/seminarconsulting.ro\/#website\"},\"primaryImageOfPage\":{\"@id\":\"https:\/\/seminarconsulting.ro\/nagy-bela-az-ertekesites-nem-szerencsejatek\/#primaryimage\"},\"image\":{\"@id\":\"https:\/\/seminarconsulting.ro\/nagy-bela-az-ertekesites-nem-szerencsejatek\/#primaryimage\"},\"thumbnailUrl\":\"https:\/\/seminarconsulting.ro\/wp-content\/uploads\/2022\/01\/Nagy-Bela.jpg\",\"datePublished\":\"2022-01-26T12:51:22+00:00\",\"dateModified\":\"2025-12-16T08:29:52+00:00\",\"breadcrumb\":{\"@id\":\"https:\/\/seminarconsulting.ro\/nagy-bela-az-ertekesites-nem-szerencsejatek\/#breadcrumb\"},\"inLanguage\":\"ro-RO\",\"potentialAction\":[{\"@type\":\"ReadAction\",\"target\":[\"https:\/\/seminarconsulting.ro\/nagy-bela-az-ertekesites-nem-szerencsejatek\/\"]}]},{\"@type\":\"ImageObject\",\"inLanguage\":\"ro-RO\",\"@id\":\"https:\/\/seminarconsulting.ro\/nagy-bela-az-ertekesites-nem-szerencsejatek\/#primaryimage\",\"url\":\"https:\/\/seminarconsulting.ro\/wp-content\/uploads\/2022\/01\/Nagy-Bela.jpg\",\"contentUrl\":\"https:\/\/seminarconsulting.ro\/wp-content\/uploads\/2022\/01\/Nagy-Bela.jpg\",\"width\":1080,\"height\":1080,\"caption\":\"Az \u00e9rt\u00e9kes\u00edt\u00e9s nem szerencsej\u00e1t\u00e9k\"},{\"@type\":\"BreadcrumbList\",\"@id\":\"https:\/\/seminarconsulting.ro\/nagy-bela-az-ertekesites-nem-szerencsejatek\/#breadcrumb\",\"itemListElement\":[{\"@type\":\"ListItem\",\"position\":1,\"name\":\"Home\",\"item\":\"https:\/\/seminarconsulting.ro\/\"},{\"@type\":\"ListItem\",\"position\":2,\"name\":\"C\u0103r\u021bi\",\"item\":\"https:\/\/seminarconsulting.ro\/ro\/carti\/\"},{\"@type\":\"ListItem\",\"position\":3,\"name\":\"Az \u00e9rt\u00e9kes\u00edt\u00e9s nem szerencsej\u00e1t\u00e9k\"}]},{\"@type\":\"WebSite\",\"@id\":\"https:\/\/seminarconsulting.ro\/#website\",\"url\":\"https:\/\/seminarconsulting.ro\/\",\"name\":\"Seminar Consulting\",\"description\":\"A c&eacute;gvezet\u0151k bar&aacute;tja\",\"publisher\":{\"@id\":\"https:\/\/seminarconsulting.ro\/#organization\"},\"potentialAction\":[{\"@type\":\"SearchAction\",\"target\":{\"@type\":\"EntryPoint\",\"urlTemplate\":\"https:\/\/seminarconsulting.ro\/?s={search_term_string}\"},\"query-input\":{\"@type\":\"PropertyValueSpecification\",\"valueRequired\":true,\"valueName\":\"search_term_string\"}}],\"inLanguage\":\"ro-RO\"},{\"@type\":\"Organization\",\"@id\":\"https:\/\/seminarconsulting.ro\/#organization\",\"name\":\"Seminar Consulting\",\"url\":\"https:\/\/seminarconsulting.ro\/\",\"logo\":{\"@type\":\"ImageObject\",\"inLanguage\":\"ro-RO\",\"@id\":\"https:\/\/seminarconsulting.ro\/#\/schema\/logo\/image\/\",\"url\":\"https:\/\/seminarconsulting.ro\/wp-content\/uploads\/2024\/11\/cropped-Logo-RGB.png\",\"contentUrl\":\"https:\/\/seminarconsulting.ro\/wp-content\/uploads\/2024\/11\/cropped-Logo-RGB.png\",\"width\":1656,\"height\":406,\"caption\":\"Seminar Consulting\"},\"image\":{\"@id\":\"https:\/\/seminarconsulting.ro\/#\/schema\/logo\/image\/\"}}]}<\/script>\n<!-- \/ Yoast SEO plugin. -->","yoast_head_json":{"title":"Az \u00e9rt\u00e9kes\u00edt\u00e9s nem szerencsej\u00e1t\u00e9k - Seminar Consulting","robots":{"index":"index","follow":"follow","max-snippet":"max-snippet:-1","max-image-preview":"max-image-preview:large","max-video-preview":"max-video-preview:-1"},"canonical":"https:\/\/seminarconsulting.ro\/nagy-bela-az-ertekesites-nem-szerencsejatek\/","og_locale":"ro_RO","og_type":"article","og_title":"Az \u00e9rt\u00e9kes\u00edt\u00e9s nem szerencsej\u00e1t\u00e9k - Seminar Consulting","og_description":"Ha \u00e9rt\u00e9kes\u00edt\u0151k\u00e9nt \u00fagy \u00e9rzed, hogy t\u00f6bbet is ki tudn\u00e1l hozni magadb\u00f3l, ez a k\u00f6nyv a legjobb v\u00e1laszt\u00e1s a sz\u00e1modra. Ez a fordul\u00f3pont, amely sarkaiban v\u00e1ltoztatja meg az \u00e9leted, amelyre \u00e9vek m\u00falt\u00e1n is \u00fagy gondolsz vissza, hogy \u201eett\u0151l kezdve indultam el a sikeres \u00e9rt\u00e9kes\u00edt\u0151i p\u00e1ly\u00e1mon.\u201d Most elk\u00fcld\u00f6m neked ezt a fordul\u00f3pontot egy k\u00f6nyv form\u00e1j\u00e1ban, melynek tartalma maga az \u00faj \u00e9let, amelyben igaz\u00e1n profi \u00e9rt\u00e9kes\u00edt\u0151 vagy.","og_url":"https:\/\/seminarconsulting.ro\/nagy-bela-az-ertekesites-nem-szerencsejatek\/","og_site_name":"Seminar Consulting","article_modified_time":"2025-12-16T08:29:52+00:00","og_image":[{"width":1080,"height":1080,"url":"https:\/\/seminarconsulting.ro\/wp-content\/uploads\/2022\/01\/Nagy-Bela.jpg","type":"image\/jpeg"}],"twitter_card":"summary_large_image","twitter_misc":{"Timp estimat pentru citire":"2 minute"},"schema":{"@context":"https:\/\/schema.org","@graph":[{"@type":"WebPage","@id":"https:\/\/seminarconsulting.ro\/nagy-bela-az-ertekesites-nem-szerencsejatek\/","url":"https:\/\/seminarconsulting.ro\/nagy-bela-az-ertekesites-nem-szerencsejatek\/","name":"Az \u00e9rt\u00e9kes\u00edt\u00e9s nem szerencsej\u00e1t\u00e9k - Seminar Consulting","isPartOf":{"@id":"https:\/\/seminarconsulting.ro\/#website"},"primaryImageOfPage":{"@id":"https:\/\/seminarconsulting.ro\/nagy-bela-az-ertekesites-nem-szerencsejatek\/#primaryimage"},"image":{"@id":"https:\/\/seminarconsulting.ro\/nagy-bela-az-ertekesites-nem-szerencsejatek\/#primaryimage"},"thumbnailUrl":"https:\/\/seminarconsulting.ro\/wp-content\/uploads\/2022\/01\/Nagy-Bela.jpg","datePublished":"2022-01-26T12:51:22+00:00","dateModified":"2025-12-16T08:29:52+00:00","breadcrumb":{"@id":"https:\/\/seminarconsulting.ro\/nagy-bela-az-ertekesites-nem-szerencsejatek\/#breadcrumb"},"inLanguage":"ro-RO","potentialAction":[{"@type":"ReadAction","target":["https:\/\/seminarconsulting.ro\/nagy-bela-az-ertekesites-nem-szerencsejatek\/"]}]},{"@type":"ImageObject","inLanguage":"ro-RO","@id":"https:\/\/seminarconsulting.ro\/nagy-bela-az-ertekesites-nem-szerencsejatek\/#primaryimage","url":"https:\/\/seminarconsulting.ro\/wp-content\/uploads\/2022\/01\/Nagy-Bela.jpg","contentUrl":"https:\/\/seminarconsulting.ro\/wp-content\/uploads\/2022\/01\/Nagy-Bela.jpg","width":1080,"height":1080,"caption":"Az \u00e9rt\u00e9kes\u00edt\u00e9s nem szerencsej\u00e1t\u00e9k"},{"@type":"BreadcrumbList","@id":"https:\/\/seminarconsulting.ro\/nagy-bela-az-ertekesites-nem-szerencsejatek\/#breadcrumb","itemListElement":[{"@type":"ListItem","position":1,"name":"Home","item":"https:\/\/seminarconsulting.ro\/"},{"@type":"ListItem","position":2,"name":"C\u0103r\u021bi","item":"https:\/\/seminarconsulting.ro\/ro\/carti\/"},{"@type":"ListItem","position":3,"name":"Az \u00e9rt\u00e9kes\u00edt\u00e9s nem szerencsej\u00e1t\u00e9k"}]},{"@type":"WebSite","@id":"https:\/\/seminarconsulting.ro\/#website","url":"https:\/\/seminarconsulting.ro\/","name":"Seminar Consulting","description":"A c&eacute;gvezet\u0151k bar&aacute;tja","publisher":{"@id":"https:\/\/seminarconsulting.ro\/#organization"},"potentialAction":[{"@type":"SearchAction","target":{"@type":"EntryPoint","urlTemplate":"https:\/\/seminarconsulting.ro\/?s={search_term_string}"},"query-input":{"@type":"PropertyValueSpecification","valueRequired":true,"valueName":"search_term_string"}}],"inLanguage":"ro-RO"},{"@type":"Organization","@id":"https:\/\/seminarconsulting.ro\/#organization","name":"Seminar Consulting","url":"https:\/\/seminarconsulting.ro\/","logo":{"@type":"ImageObject","inLanguage":"ro-RO","@id":"https:\/\/seminarconsulting.ro\/#\/schema\/logo\/image\/","url":"https:\/\/seminarconsulting.ro\/wp-content\/uploads\/2024\/11\/cropped-Logo-RGB.png","contentUrl":"https:\/\/seminarconsulting.ro\/wp-content\/uploads\/2024\/11\/cropped-Logo-RGB.png","width":1656,"height":406,"caption":"Seminar Consulting"},"image":{"@id":"https:\/\/seminarconsulting.ro\/#\/schema\/logo\/image\/"}}]}},"_links":{"self":[{"href":"https:\/\/seminarconsulting.ro\/ro\/wp-json\/wp\/v2\/product\/4944","targetHints":{"allow":["GET"]}}],"collection":[{"href":"https:\/\/seminarconsulting.ro\/ro\/wp-json\/wp\/v2\/product"}],"about":[{"href":"https:\/\/seminarconsulting.ro\/ro\/wp-json\/wp\/v2\/types\/product"}],"version-history":[{"count":0,"href":"https:\/\/seminarconsulting.ro\/ro\/wp-json\/wp\/v2\/product\/4944\/revisions"}],"wp:featuredmedia":[{"embeddable":true,"href":"https:\/\/seminarconsulting.ro\/ro\/wp-json\/wp\/v2\/media\/4945"}],"wp:attachment":[{"href":"https:\/\/seminarconsulting.ro\/ro\/wp-json\/wp\/v2\/media?parent=4944"}],"wp:term":[{"taxonomy":"product_brand","embeddable":true,"href":"https:\/\/seminarconsulting.ro\/ro\/wp-json\/wp\/v2\/product_brand?post=4944"},{"taxonomy":"product_cat","embeddable":true,"href":"https:\/\/seminarconsulting.ro\/ro\/wp-json\/wp\/v2\/product_cat?post=4944"},{"taxonomy":"product_tag","embeddable":true,"href":"https:\/\/seminarconsulting.ro\/ro\/wp-json\/wp\/v2\/product_tag?post=4944"}],"curies":[{"name":"wp","href":"https:\/\/api.w.org\/{rel}","templated":true}]}}