{"id":5004,"date":"2022-02-03T09:36:49","date_gmt":"2022-02-03T09:36:49","guid":{"rendered":"https:\/\/seminarconsulting.ro\/?post_type=product&#038;p=5004"},"modified":"2025-12-16T08:29:32","modified_gmt":"2025-12-16T08:29:32","slug":"hogyan-ne-legyel-kapkodo-idegbeteg","status":"publish","type":"product","link":"https:\/\/seminarconsulting.ro\/ro\/hogyan-ne-legyel-kapkodo-idegbeteg\/","title":{"rendered":"Hogyan ne legy\u00e9l kapkod\u00f3 idegbeteg"},"content":{"rendered":"<p><strong>Egyszer\u0171 a k\u00e9plet: k\u00f6vesd Piroska Gyula tan\u00e1csait!<\/strong><\/p>\n<p>A szerz\u0151 m\u00e1r 8 \u00e9ve \u00edr a fentihez hasonl\u00f3 H\u00e9tz\u00e1r\u00f3 gondolatokat c\u00e9ge &#8211; a Seminar Consulting &#8211; h\u00edrlev\u00e9l list\u00e1j\u00e1nak. Egy \u00e9vnyi hasznos tan\u00e1csot, gondolatot olvashatsz ebben a k\u00f6tetben is.<br \/>\nKinek aj\u00e1nlott h\u00e1zi olvasm\u00e1ny?<br \/>\nLegf\u0151k\u00e9pp a c\u00e9gvezet\u0151knek! \u00c9s a legjobb benne, hogy m\u00e9g sz\u00f3rakoztat\u00f3 is!<\/p>\n<p><strong>N\u00e9h\u00e1ny fejezetc\u00edm, ami meghozhatja a kedved az olvas\u00e1shoz:<\/strong><br \/>\n&#8211; C\u00e9gen bel\u00fcli szex<br \/>\n&#8211; Az \u00e9let csakaz\u00e9rtis sz\u00e9p<br \/>\n&#8211; Ebola, korona \u00e9s egy\u00e9b baroms\u00e1gok<br \/>\n&#8211; Sz\u00f6rny\u0171 titok<br \/>\n&#8211; Beleg\u00e1zoltam egy ember \u00e9let\u00e9be<br \/>\n&#8211; A koronav\u00edrus nem k\u00f6zbeszerz\u00e9s \u00fatj\u00e1n terjed<\/p>\n<h2>\u00c9RDEMES ELOLVASNI!<\/h2>\n","protected":false},"excerpt":{"rendered":"<p>A szerz\u0151 m\u00e1r 8 \u00e9ve \u00edr a fentihez hasonl\u00f3 H\u00e9tz\u00e1r\u00f3 gondolatokat c\u00e9ge &#8211; a Seminar Consulting &#8211; h\u00edrlev\u00e9l list\u00e1j\u00e1nak. Egy \u00e9vnyi hasznos tan\u00e1csot, gondolatot olvashatsz ebben a k\u00f6tetben is.<\/p>\n","protected":false},"featured_media":5005,"template":"","meta":{"site-sidebar-layout":"default","site-content-layout":"","ast-site-content-layout":"default","site-content-style":"default","site-sidebar-style":"default","ast-global-header-display":"","ast-banner-title-visibility":"","ast-main-header-display":"","ast-hfb-above-header-display":"","ast-hfb-below-header-display":"","ast-hfb-mobile-header-display":"","site-post-title":"","ast-breadcrumbs-content":"","ast-featured-img":"","footer-sml-layout":"","ast-disable-related-posts":"","theme-transparent-header-meta":"","adv-header-id-meta":"","stick-header-meta":"","header-above-stick-meta":"","header-main-stick-meta":"","header-below-stick-meta":"","astra-migrate-meta-layouts":"default","ast-page-background-enabled":"default","ast-page-background-meta":{"desktop":{"background-color":"var(--ast-global-color-4)","background-image":"","background-repeat":"repeat","background-position":"center center","background-size":"auto","background-attachment":"scroll","background-type":"","background-media":"","overlay-type":"","overlay-color":"","overlay-opacity":"","overlay-gradient":""},"tablet":{"background-color":"","background-image":"","background-repeat":"repeat","background-position":"center center","background-size":"auto","background-attachment":"scroll","background-type":"","background-media":"","overlay-type":"","overlay-color":"","overlay-opacity":"","overlay-gradient":""},"mobile":{"background-color":"","background-image":"","background-repeat":"repeat","background-position":"center center","background-size":"auto","background-attachment":"scroll","background-type":"","background-media":"","overlay-type":"","overlay-color":"","overlay-opacity":"","overlay-gradient":""}},"ast-content-background-meta":{"desktop":{"background-color":"var(--ast-global-color-5)","background-image":"","background-repeat":"repeat","background-position":"center center","background-size":"auto","background-attachment":"scroll","background-type":"","background-media":"","overlay-type":"","overlay-color":"","overlay-opacity":"","overlay-gradient":""},"tablet":{"background-color":"var(--ast-global-color-5)","background-image":"","background-repeat":"repeat","background-position":"center center","background-size":"auto","background-attachment":"scroll","background-type":"","background-media":"","overlay-type":"","overlay-color":"","overlay-opacity":"","overlay-gradient":""},"mobile":{"background-color":"var(--ast-global-color-5)","background-image":"","background-repeat":"repeat","background-position":"center center","background-size":"auto","background-attachment":"scroll","background-type":"","background-media":"","overlay-type":"","overlay-color":"","overlay-opacity":"","overlay-gradient":""}}},"product_brand":[],"product_cat":[43],"product_tag":[],"class_list":{"0":"post-5004","1":"product","2":"type-product","3":"status-publish","4":"has-post-thumbnail","6":"product_cat-konyveink","7":"desktop-align-left","8":"tablet-align-left","9":"mobile-align-left","11":"first","12":"instock","13":"taxable","14":"shipping-taxable","15":"purchasable","16":"product-type-simple"},"yoast_head":"<!-- This site is optimized with the Yoast SEO plugin v26.9 - https:\/\/yoast.com\/product\/yoast-seo-wordpress\/ -->\n<title>Hogyan ne legy\u00e9l kapkod\u00f3 idegbeteg - Seminar Consulting<\/title>\n<meta name=\"robots\" content=\"index, follow, max-snippet:-1, max-image-preview:large, max-video-preview:-1\" \/>\n<link rel=\"canonical\" href=\"https:\/\/seminarconsulting.ro\/hogyan-ne-legyel-kapkodo-idegbeteg\/\" \/>\n<meta property=\"og:locale\" content=\"ro_RO\" \/>\n<meta property=\"og:type\" content=\"article\" \/>\n<meta property=\"og:title\" content=\"Hogyan ne legy\u00e9l kapkod\u00f3 idegbeteg - Seminar Consulting\" \/>\n<meta property=\"og:description\" content=\"A szerz\u0151 m\u00e1r 8 \u00e9ve \u00edr a fentihez hasonl\u00f3 H\u00e9tz\u00e1r\u00f3 gondolatokat c\u00e9ge - a Seminar Consulting - h\u00edrlev\u00e9l list\u00e1j\u00e1nak. Egy \u00e9vnyi hasznos tan\u00e1csot, gondolatot olvashatsz ebben a k\u00f6tetben is.\" \/>\n<meta property=\"og:url\" content=\"https:\/\/seminarconsulting.ro\/hogyan-ne-legyel-kapkodo-idegbeteg\/\" \/>\n<meta property=\"og:site_name\" content=\"Seminar Consulting\" \/>\n<meta property=\"article:modified_time\" content=\"2025-12-16T08:29:32+00:00\" \/>\n<meta property=\"og:image\" content=\"https:\/\/seminarconsulting.ro\/wp-content\/uploads\/2022\/02\/Piroska-Gyula_0000_Idegbeteg-konyv-elolap-tortara-es-weboldalra.png\" \/>\n\t<meta property=\"og:image:width\" content=\"626\" \/>\n\t<meta property=\"og:image:height\" content=\"955\" \/>\n\t<meta property=\"og:image:type\" content=\"image\/png\" \/>\n<meta name=\"twitter:card\" content=\"summary_large_image\" \/>\n<meta name=\"twitter:label1\" content=\"Timp estimat pentru citire\" \/>\n\t<meta name=\"twitter:data1\" content=\"1 minut\" \/>\n<script type=\"application\/ld+json\" class=\"yoast-schema-graph\">{\"@context\":\"https:\/\/schema.org\",\"@graph\":[{\"@type\":\"WebPage\",\"@id\":\"https:\/\/seminarconsulting.ro\/hogyan-ne-legyel-kapkodo-idegbeteg\/\",\"url\":\"https:\/\/seminarconsulting.ro\/hogyan-ne-legyel-kapkodo-idegbeteg\/\",\"name\":\"Hogyan ne legy\u00e9l kapkod\u00f3 idegbeteg - Seminar Consulting\",\"isPartOf\":{\"@id\":\"https:\/\/seminarconsulting.ro\/#website\"},\"primaryImageOfPage\":{\"@id\":\"https:\/\/seminarconsulting.ro\/hogyan-ne-legyel-kapkodo-idegbeteg\/#primaryimage\"},\"image\":{\"@id\":\"https:\/\/seminarconsulting.ro\/hogyan-ne-legyel-kapkodo-idegbeteg\/#primaryimage\"},\"thumbnailUrl\":\"https:\/\/seminarconsulting.ro\/wp-content\/uploads\/2022\/02\/Piroska-Gyula_0000_Idegbeteg-konyv-elolap-tortara-es-weboldalra.png\",\"datePublished\":\"2022-02-03T09:36:49+00:00\",\"dateModified\":\"2025-12-16T08:29:32+00:00\",\"breadcrumb\":{\"@id\":\"https:\/\/seminarconsulting.ro\/hogyan-ne-legyel-kapkodo-idegbeteg\/#breadcrumb\"},\"inLanguage\":\"ro-RO\",\"potentialAction\":[{\"@type\":\"ReadAction\",\"target\":[\"https:\/\/seminarconsulting.ro\/hogyan-ne-legyel-kapkodo-idegbeteg\/\"]}]},{\"@type\":\"ImageObject\",\"inLanguage\":\"ro-RO\",\"@id\":\"https:\/\/seminarconsulting.ro\/hogyan-ne-legyel-kapkodo-idegbeteg\/#primaryimage\",\"url\":\"https:\/\/seminarconsulting.ro\/wp-content\/uploads\/2022\/02\/Piroska-Gyula_0000_Idegbeteg-konyv-elolap-tortara-es-weboldalra.png\",\"contentUrl\":\"https:\/\/seminarconsulting.ro\/wp-content\/uploads\/2022\/02\/Piroska-Gyula_0000_Idegbeteg-konyv-elolap-tortara-es-weboldalra.png\",\"width\":626,\"height\":955,\"caption\":\"Hogyan ne legy\u00e9l kapkod\u00f3 idegbeteg\"},{\"@type\":\"BreadcrumbList\",\"@id\":\"https:\/\/seminarconsulting.ro\/hogyan-ne-legyel-kapkodo-idegbeteg\/#breadcrumb\",\"itemListElement\":[{\"@type\":\"ListItem\",\"position\":1,\"name\":\"Home\",\"item\":\"https:\/\/seminarconsulting.ro\/\"},{\"@type\":\"ListItem\",\"position\":2,\"name\":\"C\u0103r\u021bi\",\"item\":\"https:\/\/seminarconsulting.ro\/ro\/carti\/\"},{\"@type\":\"ListItem\",\"position\":3,\"name\":\"Hogyan ne legy\u00e9l kapkod\u00f3 idegbeteg\"}]},{\"@type\":\"WebSite\",\"@id\":\"https:\/\/seminarconsulting.ro\/#website\",\"url\":\"https:\/\/seminarconsulting.ro\/\",\"name\":\"Seminar Consulting\",\"description\":\"A c&eacute;gvezet\u0151k bar&aacute;tja\",\"publisher\":{\"@id\":\"https:\/\/seminarconsulting.ro\/#organization\"},\"potentialAction\":[{\"@type\":\"SearchAction\",\"target\":{\"@type\":\"EntryPoint\",\"urlTemplate\":\"https:\/\/seminarconsulting.ro\/?s={search_term_string}\"},\"query-input\":{\"@type\":\"PropertyValueSpecification\",\"valueRequired\":true,\"valueName\":\"search_term_string\"}}],\"inLanguage\":\"ro-RO\"},{\"@type\":\"Organization\",\"@id\":\"https:\/\/seminarconsulting.ro\/#organization\",\"name\":\"Seminar Consulting\",\"url\":\"https:\/\/seminarconsulting.ro\/\",\"logo\":{\"@type\":\"ImageObject\",\"inLanguage\":\"ro-RO\",\"@id\":\"https:\/\/seminarconsulting.ro\/#\/schema\/logo\/image\/\",\"url\":\"https:\/\/seminarconsulting.ro\/wp-content\/uploads\/2024\/11\/cropped-Logo-RGB.png\",\"contentUrl\":\"https:\/\/seminarconsulting.ro\/wp-content\/uploads\/2024\/11\/cropped-Logo-RGB.png\",\"width\":1656,\"height\":406,\"caption\":\"Seminar Consulting\"},\"image\":{\"@id\":\"https:\/\/seminarconsulting.ro\/#\/schema\/logo\/image\/\"}}]}<\/script>\n<!-- \/ Yoast SEO plugin. -->","yoast_head_json":{"title":"Hogyan ne legy\u00e9l kapkod\u00f3 idegbeteg - Seminar Consulting","robots":{"index":"index","follow":"follow","max-snippet":"max-snippet:-1","max-image-preview":"max-image-preview:large","max-video-preview":"max-video-preview:-1"},"canonical":"https:\/\/seminarconsulting.ro\/hogyan-ne-legyel-kapkodo-idegbeteg\/","og_locale":"ro_RO","og_type":"article","og_title":"Hogyan ne legy\u00e9l kapkod\u00f3 idegbeteg - Seminar Consulting","og_description":"A szerz\u0151 m\u00e1r 8 \u00e9ve \u00edr a fentihez hasonl\u00f3 H\u00e9tz\u00e1r\u00f3 gondolatokat c\u00e9ge - a Seminar Consulting - h\u00edrlev\u00e9l list\u00e1j\u00e1nak. Egy \u00e9vnyi hasznos tan\u00e1csot, gondolatot olvashatsz ebben a k\u00f6tetben is.","og_url":"https:\/\/seminarconsulting.ro\/hogyan-ne-legyel-kapkodo-idegbeteg\/","og_site_name":"Seminar Consulting","article_modified_time":"2025-12-16T08:29:32+00:00","og_image":[{"width":626,"height":955,"url":"https:\/\/seminarconsulting.ro\/wp-content\/uploads\/2022\/02\/Piroska-Gyula_0000_Idegbeteg-konyv-elolap-tortara-es-weboldalra.png","type":"image\/png"}],"twitter_card":"summary_large_image","twitter_misc":{"Timp estimat pentru citire":"1 minut"},"schema":{"@context":"https:\/\/schema.org","@graph":[{"@type":"WebPage","@id":"https:\/\/seminarconsulting.ro\/hogyan-ne-legyel-kapkodo-idegbeteg\/","url":"https:\/\/seminarconsulting.ro\/hogyan-ne-legyel-kapkodo-idegbeteg\/","name":"Hogyan ne legy\u00e9l kapkod\u00f3 idegbeteg - Seminar Consulting","isPartOf":{"@id":"https:\/\/seminarconsulting.ro\/#website"},"primaryImageOfPage":{"@id":"https:\/\/seminarconsulting.ro\/hogyan-ne-legyel-kapkodo-idegbeteg\/#primaryimage"},"image":{"@id":"https:\/\/seminarconsulting.ro\/hogyan-ne-legyel-kapkodo-idegbeteg\/#primaryimage"},"thumbnailUrl":"https:\/\/seminarconsulting.ro\/wp-content\/uploads\/2022\/02\/Piroska-Gyula_0000_Idegbeteg-konyv-elolap-tortara-es-weboldalra.png","datePublished":"2022-02-03T09:36:49+00:00","dateModified":"2025-12-16T08:29:32+00:00","breadcrumb":{"@id":"https:\/\/seminarconsulting.ro\/hogyan-ne-legyel-kapkodo-idegbeteg\/#breadcrumb"},"inLanguage":"ro-RO","potentialAction":[{"@type":"ReadAction","target":["https:\/\/seminarconsulting.ro\/hogyan-ne-legyel-kapkodo-idegbeteg\/"]}]},{"@type":"ImageObject","inLanguage":"ro-RO","@id":"https:\/\/seminarconsulting.ro\/hogyan-ne-legyel-kapkodo-idegbeteg\/#primaryimage","url":"https:\/\/seminarconsulting.ro\/wp-content\/uploads\/2022\/02\/Piroska-Gyula_0000_Idegbeteg-konyv-elolap-tortara-es-weboldalra.png","contentUrl":"https:\/\/seminarconsulting.ro\/wp-content\/uploads\/2022\/02\/Piroska-Gyula_0000_Idegbeteg-konyv-elolap-tortara-es-weboldalra.png","width":626,"height":955,"caption":"Hogyan ne legy\u00e9l kapkod\u00f3 idegbeteg"},{"@type":"BreadcrumbList","@id":"https:\/\/seminarconsulting.ro\/hogyan-ne-legyel-kapkodo-idegbeteg\/#breadcrumb","itemListElement":[{"@type":"ListItem","position":1,"name":"Home","item":"https:\/\/seminarconsulting.ro\/"},{"@type":"ListItem","position":2,"name":"C\u0103r\u021bi","item":"https:\/\/seminarconsulting.ro\/ro\/carti\/"},{"@type":"ListItem","position":3,"name":"Hogyan ne legy\u00e9l kapkod\u00f3 idegbeteg"}]},{"@type":"WebSite","@id":"https:\/\/seminarconsulting.ro\/#website","url":"https:\/\/seminarconsulting.ro\/","name":"Seminar Consulting","description":"A c&eacute;gvezet\u0151k bar&aacute;tja","publisher":{"@id":"https:\/\/seminarconsulting.ro\/#organization"},"potentialAction":[{"@type":"SearchAction","target":{"@type":"EntryPoint","urlTemplate":"https:\/\/seminarconsulting.ro\/?s={search_term_string}"},"query-input":{"@type":"PropertyValueSpecification","valueRequired":true,"valueName":"search_term_string"}}],"inLanguage":"ro-RO"},{"@type":"Organization","@id":"https:\/\/seminarconsulting.ro\/#organization","name":"Seminar Consulting","url":"https:\/\/seminarconsulting.ro\/","logo":{"@type":"ImageObject","inLanguage":"ro-RO","@id":"https:\/\/seminarconsulting.ro\/#\/schema\/logo\/image\/","url":"https:\/\/seminarconsulting.ro\/wp-content\/uploads\/2024\/11\/cropped-Logo-RGB.png","contentUrl":"https:\/\/seminarconsulting.ro\/wp-content\/uploads\/2024\/11\/cropped-Logo-RGB.png","width":1656,"height":406,"caption":"Seminar Consulting"},"image":{"@id":"https:\/\/seminarconsulting.ro\/#\/schema\/logo\/image\/"}}]}},"_links":{"self":[{"href":"https:\/\/seminarconsulting.ro\/ro\/wp-json\/wp\/v2\/product\/5004","targetHints":{"allow":["GET"]}}],"collection":[{"href":"https:\/\/seminarconsulting.ro\/ro\/wp-json\/wp\/v2\/product"}],"about":[{"href":"https:\/\/seminarconsulting.ro\/ro\/wp-json\/wp\/v2\/types\/product"}],"version-history":[{"count":0,"href":"https:\/\/seminarconsulting.ro\/ro\/wp-json\/wp\/v2\/product\/5004\/revisions"}],"wp:featuredmedia":[{"embeddable":true,"href":"https:\/\/seminarconsulting.ro\/ro\/wp-json\/wp\/v2\/media\/5005"}],"wp:attachment":[{"href":"https:\/\/seminarconsulting.ro\/ro\/wp-json\/wp\/v2\/media?parent=5004"}],"wp:term":[{"taxonomy":"product_brand","embeddable":true,"href":"https:\/\/seminarconsulting.ro\/ro\/wp-json\/wp\/v2\/product_brand?post=5004"},{"taxonomy":"product_cat","embeddable":true,"href":"https:\/\/seminarconsulting.ro\/ro\/wp-json\/wp\/v2\/product_cat?post=5004"},{"taxonomy":"product_tag","embeddable":true,"href":"https:\/\/seminarconsulting.ro\/ro\/wp-json\/wp\/v2\/product_tag?post=5004"}],"curies":[{"name":"wp","href":"https:\/\/api.w.org\/{rel}","templated":true}]}}