{"id":5989,"date":"2023-01-06T20:28:30","date_gmt":"2023-01-06T20:28:30","guid":{"rendered":"https:\/\/seminarconsulting.ro\/?post_type=product&#038;p=5989"},"modified":"2025-12-16T08:28:10","modified_gmt":"2025-12-16T08:28:10","slug":"szabad-cegvezeto","status":"publish","type":"product","link":"https:\/\/seminarconsulting.ro\/ro\/szabad-cegvezeto\/","title":{"rendered":"Szabad C\u00e9gvezet\u0151"},"content":{"rendered":"<p>Ideges\u00edt, hogy Te dolgozol a legt\u00f6bbet, Te m\u00e9sz haza legk\u00e9s\u0151bb, Te l\u00e1tod a legkevesebbet a csal\u00e1dot, mik\u00f6zben TE vagy a F\u0151n\u00f6k?<br \/>\n\u00dagy n\u00e9z ki, hogy ha nem vagy bent a c\u00e9gben, akkor meg\u00e1ll az \u00e9let.<\/p>\n<p>Vagy reggelt\u0151l estig bent vagy, \u00e9s akkor van p\u00e9nzed, de nincs id\u0151d. Vagy nem vagy bent a c\u00e9gben, \u00e9s akkor \u2013 b\u00e1r l\u00e1tsz\u00f3lag van valamennyi id\u0151d \u2013 nincs p\u00e9nzed.<\/p>\n<p>Ha Te is ebben a helyzetben vagy, akkor a Szabad C\u00e9gvezet\u0151 c\u00edm\u0171 k\u00f6nyv megv\u00e1lt\u00e1s lesz a sz\u00e1modra!<\/p>\n<p>Ez az els\u0151 \u00e9s egyetlen erd\u00e9lyi \u00e1ltal \u00edrt, erd\u00e9lyi sztorikat tartalmaz\u00f3 v\u00e1llalkoz\u00f3i k\u00e9zik\u00f6nyv. Mi lehetne enn\u00e9l k\u00e9zenfekv\u0151bb egy rom\u00e1niai v\u00e1llalkoz\u00f3nak?<\/p>\n<p>Rendeld meg a k\u00f6nyvet most!<\/p>\n","protected":false},"excerpt":{"rendered":"<p>Ez az els\u0151 \u00e9s egyetlen erd\u00e9lyi \u00e1ltal \u00edrt, erd\u00e9lyi sztorikat tartalmaz\u00f3 v\u00e1llalkoz\u00f3i k\u00e9zik\u00f6nyv.<\/p>\n","protected":false},"featured_media":5387,"template":"","meta":{"site-sidebar-layout":"default","site-content-layout":"","ast-site-content-layout":"default","site-content-style":"default","site-sidebar-style":"default","ast-global-header-display":"","ast-banner-title-visibility":"","ast-main-header-display":"","ast-hfb-above-header-display":"","ast-hfb-below-header-display":"","ast-hfb-mobile-header-display":"","site-post-title":"","ast-breadcrumbs-content":"","ast-featured-img":"","footer-sml-layout":"","ast-disable-related-posts":"","theme-transparent-header-meta":"","adv-header-id-meta":"","stick-header-meta":"","header-above-stick-meta":"","header-main-stick-meta":"","header-below-stick-meta":"","astra-migrate-meta-layouts":"default","ast-page-background-enabled":"default","ast-page-background-meta":{"desktop":{"background-color":"var(--ast-global-color-4)","background-image":"","background-repeat":"repeat","background-position":"center center","background-size":"auto","background-attachment":"scroll","background-type":"","background-media":"","overlay-type":"","overlay-color":"","overlay-opacity":"","overlay-gradient":""},"tablet":{"background-color":"","background-image":"","background-repeat":"repeat","background-position":"center center","background-size":"auto","background-attachment":"scroll","background-type":"","background-media":"","overlay-type":"","overlay-color":"","overlay-opacity":"","overlay-gradient":""},"mobile":{"background-color":"","background-image":"","background-repeat":"repeat","background-position":"center center","background-size":"auto","background-attachment":"scroll","background-type":"","background-media":"","overlay-type":"","overlay-color":"","overlay-opacity":"","overlay-gradient":""}},"ast-content-background-meta":{"desktop":{"background-color":"var(--ast-global-color-5)","background-image":"","background-repeat":"repeat","background-position":"center center","background-size":"auto","background-attachment":"scroll","background-type":"","background-media":"","overlay-type":"","overlay-color":"","overlay-opacity":"","overlay-gradient":""},"tablet":{"background-color":"var(--ast-global-color-5)","background-image":"","background-repeat":"repeat","background-position":"center center","background-size":"auto","background-attachment":"scroll","background-type":"","background-media":"","overlay-type":"","overlay-color":"","overlay-opacity":"","overlay-gradient":""},"mobile":{"background-color":"var(--ast-global-color-5)","background-image":"","background-repeat":"repeat","background-position":"center center","background-size":"auto","background-attachment":"scroll","background-type":"","background-media":"","overlay-type":"","overlay-color":"","overlay-opacity":"","overlay-gradient":""}}},"product_brand":[],"product_cat":[43,27],"product_tag":[],"class_list":{"0":"post-5989","1":"product","2":"type-product","3":"status-publish","4":"has-post-thumbnail","6":"product_cat-konyveink","7":"product_cat-vincze-robert","8":"product_shipping_class-ingyenes-szallitas","9":"desktop-align-left","10":"tablet-align-left","11":"mobile-align-left","13":"first","14":"instock","15":"taxable","16":"shipping-taxable","17":"purchasable","18":"product-type-simple"},"yoast_head":"<!-- This site is optimized with the Yoast SEO plugin v26.9 - https:\/\/yoast.com\/product\/yoast-seo-wordpress\/ -->\n<title>Szabad C\u00e9gvezet\u0151 - Seminar Consulting<\/title>\n<meta name=\"robots\" content=\"index, follow, max-snippet:-1, max-image-preview:large, max-video-preview:-1\" \/>\n<link rel=\"canonical\" href=\"https:\/\/seminarconsulting.ro\/szabad-cegvezeto\/\" \/>\n<meta property=\"og:locale\" content=\"ro_RO\" \/>\n<meta property=\"og:type\" content=\"article\" \/>\n<meta property=\"og:title\" content=\"Szabad C\u00e9gvezet\u0151 - Seminar Consulting\" \/>\n<meta property=\"og:description\" content=\"Ez az els\u0151 \u00e9s egyetlen erd\u00e9lyi \u00e1ltal \u00edrt, erd\u00e9lyi sztorikat tartalmaz\u00f3 v\u00e1llalkoz\u00f3i k\u00e9zik\u00f6nyv.\" \/>\n<meta property=\"og:url\" content=\"https:\/\/seminarconsulting.ro\/szabad-cegvezeto\/\" \/>\n<meta property=\"og:site_name\" content=\"Seminar Consulting\" \/>\n<meta property=\"article:modified_time\" content=\"2025-12-16T08:28:10+00:00\" \/>\n<meta property=\"og:image\" content=\"https:\/\/seminarconsulting.ro\/wp-content\/uploads\/2022\/10\/borito_2_700px.jpg\" \/>\n\t<meta property=\"og:image:width\" content=\"700\" \/>\n\t<meta property=\"og:image:height\" content=\"584\" \/>\n\t<meta property=\"og:image:type\" content=\"image\/jpeg\" \/>\n<meta name=\"twitter:card\" content=\"summary_large_image\" \/>\n<meta name=\"twitter:label1\" content=\"Timp estimat pentru citire\" \/>\n\t<meta name=\"twitter:data1\" content=\"1 minut\" \/>\n<script type=\"application\/ld+json\" class=\"yoast-schema-graph\">{\"@context\":\"https:\/\/schema.org\",\"@graph\":[{\"@type\":\"WebPage\",\"@id\":\"https:\/\/seminarconsulting.ro\/szabad-cegvezeto\/\",\"url\":\"https:\/\/seminarconsulting.ro\/szabad-cegvezeto\/\",\"name\":\"Szabad C\u00e9gvezet\u0151 - Seminar Consulting\",\"isPartOf\":{\"@id\":\"https:\/\/seminarconsulting.ro\/#website\"},\"primaryImageOfPage\":{\"@id\":\"https:\/\/seminarconsulting.ro\/szabad-cegvezeto\/#primaryimage\"},\"image\":{\"@id\":\"https:\/\/seminarconsulting.ro\/szabad-cegvezeto\/#primaryimage\"},\"thumbnailUrl\":\"https:\/\/seminarconsulting.ro\/wp-content\/uploads\/2022\/10\/borito_2_700px.jpg\",\"datePublished\":\"2023-01-06T20:28:30+00:00\",\"dateModified\":\"2025-12-16T08:28:10+00:00\",\"breadcrumb\":{\"@id\":\"https:\/\/seminarconsulting.ro\/szabad-cegvezeto\/#breadcrumb\"},\"inLanguage\":\"ro-RO\",\"potentialAction\":[{\"@type\":\"ReadAction\",\"target\":[\"https:\/\/seminarconsulting.ro\/szabad-cegvezeto\/\"]}]},{\"@type\":\"ImageObject\",\"inLanguage\":\"ro-RO\",\"@id\":\"https:\/\/seminarconsulting.ro\/szabad-cegvezeto\/#primaryimage\",\"url\":\"https:\/\/seminarconsulting.ro\/wp-content\/uploads\/2022\/10\/borito_2_700px.jpg\",\"contentUrl\":\"https:\/\/seminarconsulting.ro\/wp-content\/uploads\/2022\/10\/borito_2_700px.jpg\",\"width\":700,\"height\":584},{\"@type\":\"BreadcrumbList\",\"@id\":\"https:\/\/seminarconsulting.ro\/szabad-cegvezeto\/#breadcrumb\",\"itemListElement\":[{\"@type\":\"ListItem\",\"position\":1,\"name\":\"Home\",\"item\":\"https:\/\/seminarconsulting.ro\/\"},{\"@type\":\"ListItem\",\"position\":2,\"name\":\"C\u0103r\u021bi\",\"item\":\"https:\/\/seminarconsulting.ro\/ro\/carti\/\"},{\"@type\":\"ListItem\",\"position\":3,\"name\":\"Szabad C\u00e9gvezet\u0151\"}]},{\"@type\":\"WebSite\",\"@id\":\"https:\/\/seminarconsulting.ro\/#website\",\"url\":\"https:\/\/seminarconsulting.ro\/\",\"name\":\"Seminar Consulting\",\"description\":\"A c&eacute;gvezet\u0151k bar&aacute;tja\",\"publisher\":{\"@id\":\"https:\/\/seminarconsulting.ro\/#organization\"},\"potentialAction\":[{\"@type\":\"SearchAction\",\"target\":{\"@type\":\"EntryPoint\",\"urlTemplate\":\"https:\/\/seminarconsulting.ro\/?s={search_term_string}\"},\"query-input\":{\"@type\":\"PropertyValueSpecification\",\"valueRequired\":true,\"valueName\":\"search_term_string\"}}],\"inLanguage\":\"ro-RO\"},{\"@type\":\"Organization\",\"@id\":\"https:\/\/seminarconsulting.ro\/#organization\",\"name\":\"Seminar Consulting\",\"url\":\"https:\/\/seminarconsulting.ro\/\",\"logo\":{\"@type\":\"ImageObject\",\"inLanguage\":\"ro-RO\",\"@id\":\"https:\/\/seminarconsulting.ro\/#\/schema\/logo\/image\/\",\"url\":\"https:\/\/seminarconsulting.ro\/wp-content\/uploads\/2024\/11\/cropped-Logo-RGB.png\",\"contentUrl\":\"https:\/\/seminarconsulting.ro\/wp-content\/uploads\/2024\/11\/cropped-Logo-RGB.png\",\"width\":1656,\"height\":406,\"caption\":\"Seminar Consulting\"},\"image\":{\"@id\":\"https:\/\/seminarconsulting.ro\/#\/schema\/logo\/image\/\"}}]}<\/script>\n<!-- \/ Yoast SEO plugin. -->","yoast_head_json":{"title":"Szabad C\u00e9gvezet\u0151 - Seminar Consulting","robots":{"index":"index","follow":"follow","max-snippet":"max-snippet:-1","max-image-preview":"max-image-preview:large","max-video-preview":"max-video-preview:-1"},"canonical":"https:\/\/seminarconsulting.ro\/szabad-cegvezeto\/","og_locale":"ro_RO","og_type":"article","og_title":"Szabad C\u00e9gvezet\u0151 - Seminar Consulting","og_description":"Ez az els\u0151 \u00e9s egyetlen erd\u00e9lyi \u00e1ltal \u00edrt, erd\u00e9lyi sztorikat tartalmaz\u00f3 v\u00e1llalkoz\u00f3i k\u00e9zik\u00f6nyv.","og_url":"https:\/\/seminarconsulting.ro\/szabad-cegvezeto\/","og_site_name":"Seminar Consulting","article_modified_time":"2025-12-16T08:28:10+00:00","og_image":[{"width":700,"height":584,"url":"https:\/\/seminarconsulting.ro\/wp-content\/uploads\/2022\/10\/borito_2_700px.jpg","type":"image\/jpeg"}],"twitter_card":"summary_large_image","twitter_misc":{"Timp estimat pentru citire":"1 minut"},"schema":{"@context":"https:\/\/schema.org","@graph":[{"@type":"WebPage","@id":"https:\/\/seminarconsulting.ro\/szabad-cegvezeto\/","url":"https:\/\/seminarconsulting.ro\/szabad-cegvezeto\/","name":"Szabad C\u00e9gvezet\u0151 - Seminar Consulting","isPartOf":{"@id":"https:\/\/seminarconsulting.ro\/#website"},"primaryImageOfPage":{"@id":"https:\/\/seminarconsulting.ro\/szabad-cegvezeto\/#primaryimage"},"image":{"@id":"https:\/\/seminarconsulting.ro\/szabad-cegvezeto\/#primaryimage"},"thumbnailUrl":"https:\/\/seminarconsulting.ro\/wp-content\/uploads\/2022\/10\/borito_2_700px.jpg","datePublished":"2023-01-06T20:28:30+00:00","dateModified":"2025-12-16T08:28:10+00:00","breadcrumb":{"@id":"https:\/\/seminarconsulting.ro\/szabad-cegvezeto\/#breadcrumb"},"inLanguage":"ro-RO","potentialAction":[{"@type":"ReadAction","target":["https:\/\/seminarconsulting.ro\/szabad-cegvezeto\/"]}]},{"@type":"ImageObject","inLanguage":"ro-RO","@id":"https:\/\/seminarconsulting.ro\/szabad-cegvezeto\/#primaryimage","url":"https:\/\/seminarconsulting.ro\/wp-content\/uploads\/2022\/10\/borito_2_700px.jpg","contentUrl":"https:\/\/seminarconsulting.ro\/wp-content\/uploads\/2022\/10\/borito_2_700px.jpg","width":700,"height":584},{"@type":"BreadcrumbList","@id":"https:\/\/seminarconsulting.ro\/szabad-cegvezeto\/#breadcrumb","itemListElement":[{"@type":"ListItem","position":1,"name":"Home","item":"https:\/\/seminarconsulting.ro\/"},{"@type":"ListItem","position":2,"name":"C\u0103r\u021bi","item":"https:\/\/seminarconsulting.ro\/ro\/carti\/"},{"@type":"ListItem","position":3,"name":"Szabad C\u00e9gvezet\u0151"}]},{"@type":"WebSite","@id":"https:\/\/seminarconsulting.ro\/#website","url":"https:\/\/seminarconsulting.ro\/","name":"Seminar Consulting","description":"A c&eacute;gvezet\u0151k bar&aacute;tja","publisher":{"@id":"https:\/\/seminarconsulting.ro\/#organization"},"potentialAction":[{"@type":"SearchAction","target":{"@type":"EntryPoint","urlTemplate":"https:\/\/seminarconsulting.ro\/?s={search_term_string}"},"query-input":{"@type":"PropertyValueSpecification","valueRequired":true,"valueName":"search_term_string"}}],"inLanguage":"ro-RO"},{"@type":"Organization","@id":"https:\/\/seminarconsulting.ro\/#organization","name":"Seminar Consulting","url":"https:\/\/seminarconsulting.ro\/","logo":{"@type":"ImageObject","inLanguage":"ro-RO","@id":"https:\/\/seminarconsulting.ro\/#\/schema\/logo\/image\/","url":"https:\/\/seminarconsulting.ro\/wp-content\/uploads\/2024\/11\/cropped-Logo-RGB.png","contentUrl":"https:\/\/seminarconsulting.ro\/wp-content\/uploads\/2024\/11\/cropped-Logo-RGB.png","width":1656,"height":406,"caption":"Seminar Consulting"},"image":{"@id":"https:\/\/seminarconsulting.ro\/#\/schema\/logo\/image\/"}}]}},"_links":{"self":[{"href":"https:\/\/seminarconsulting.ro\/ro\/wp-json\/wp\/v2\/product\/5989","targetHints":{"allow":["GET"]}}],"collection":[{"href":"https:\/\/seminarconsulting.ro\/ro\/wp-json\/wp\/v2\/product"}],"about":[{"href":"https:\/\/seminarconsulting.ro\/ro\/wp-json\/wp\/v2\/types\/product"}],"version-history":[{"count":0,"href":"https:\/\/seminarconsulting.ro\/ro\/wp-json\/wp\/v2\/product\/5989\/revisions"}],"wp:featuredmedia":[{"embeddable":true,"href":"https:\/\/seminarconsulting.ro\/ro\/wp-json\/wp\/v2\/media\/5387"}],"wp:attachment":[{"href":"https:\/\/seminarconsulting.ro\/ro\/wp-json\/wp\/v2\/media?parent=5989"}],"wp:term":[{"taxonomy":"product_brand","embeddable":true,"href":"https:\/\/seminarconsulting.ro\/ro\/wp-json\/wp\/v2\/product_brand?post=5989"},{"taxonomy":"product_cat","embeddable":true,"href":"https:\/\/seminarconsulting.ro\/ro\/wp-json\/wp\/v2\/product_cat?post=5989"},{"taxonomy":"product_tag","embeddable":true,"href":"https:\/\/seminarconsulting.ro\/ro\/wp-json\/wp\/v2\/product_tag?post=5989"}],"curies":[{"name":"wp","href":"https:\/\/api.w.org\/{rel}","templated":true}]}}