{"id":6037,"date":"2023-01-23T08:52:32","date_gmt":"2023-01-23T08:52:32","guid":{"rendered":"https:\/\/seminarconsulting.ro\/?post_type=product&#038;p=6037"},"modified":"2025-12-16T08:06:13","modified_gmt":"2025-12-16T08:06:13","slug":"impinge-capra-in-prapastie-2","status":"publish","type":"product","link":"https:\/\/seminarconsulting.ro\/ro\/impinge-capra-in-prapastie-2\/","title":{"rendered":"\u00cempinge capra \u00een pr\u0103pastie"},"content":{"rendered":"<h3>Tu exi\u0219ti pentru firma Ta sau firma pentru Tine?!<\/h3>\n<p>S\u0103 fim sinceri!<\/p>\n<p>\u00ce\u021bi dore\u0219ti nu numai c\u00e2t mai mul\u021bi bani, ci \u0219i timp liber, ca s\u0103 te po\u021bi bucura de pl\u0103cerile vie\u021bii.<\/p>\n<p>De aceea, trebuie s\u0103 \u00eenve\u021bi c\u00e2te ceva despre\u00a0<strong>arta antreprenoriatului<\/strong>.<\/p>\n<p>Dar nicio grij\u0103! \u00cenv\u0103\u021barea nu trebuie s\u0103 fie plictisitoare. Este cu adev\u0103rat nevoie de seriozitate pentru a avea o firm\u0103 de succes \u2013 dar \u0219i de pu\u021bin\u0103 relaxare, nu-i a\u0219a?!<\/p>\n<h3>\u00cenva\u021b\u0103 s\u0103-\u021bi conduci firma r\u00e2z\u00e2nd! Avem pentru Tine o carte special\u0103<\/h3>\n<p>Da, businessul e treab\u0103 serioas\u0103. Totu\u0219i, nu trebuie s\u0103 murim de stres ca s\u0103 ne mearg\u0103 bine.<\/p>\n<p>Dac\u0103 nu g\u0103se\u0219ti\u00a0<strong>angaja\u021bi competen\u021bi<\/strong>\u2026<br \/>\n\u0219i firma Ta risc\u0103 s\u0103 r\u0103m\u00e2n\u0103 \u00een urm\u0103 fa\u021b\u0103 de concuren\u021b\u0103\u2026<br \/>\nsau oamenii pe care-i ai casc\u0103 de plictiseal\u0103 la locul de munc\u0103\u2026<\/p>\n<p>Cite\u0219te sfaturile celebrului consultant maghiar de afaceri,\u00a0<strong>Gyula Piroska!<\/strong><\/p>\n<p>Iat\u0103 c\u00e2teva din subiectele abordate \u00een cartea\u00a0<em><strong>\u00cempinge capra \u00een pr\u0103pastie<\/strong><\/em>:<\/p>\n<ul>\n<li>Cum po\u021bi s\u0103 \u00eempiedici ca angaja\u021bii t\u0103i s\u0103 trag\u0103 chiulul<\/li>\n<li>Ce trebuie s\u0103 scrii \u00een anun\u021bul de angajare<\/li>\n<li>Membrii de familie \u00een firm\u0103: oare e de bine sau de r\u0103u?<\/li>\n<li>Fii \u0219i tu \u201echinez b\u0103tr\u00e2n\u201d, nu c\u00e2inele lui Pavlov!<\/li>\n<\/ul>\n<h3>De ce merit\u0103 s\u0103 comanzi aceast\u0103 carte ie\u0219it\u0103 din comun?<\/h3>\n<p>Drag\u0103 prietene, a\u0219a-i c\u0103 la tine to\u021bi angaja\u021bii iubesc s\u0103 munceasc\u0103?<\/p>\n<p>Abia a\u0219teapt\u0103 ca diminea\u021ba s\u0103 sar\u0103 din pat, s\u0103 ajung\u0103 la locul de munc\u0103 \u0219i s\u0103 lucreze ca \u00eengera\u0219ii toat\u0103 ziua\u2026 \ud83d\ude42<\/p>\n<p>To\u021bi sunt harnici \u0219i cinsti\u021bi, fiind mul\u021bumi\u021bi 100% cu salariile.<\/p>\n<p>A munci \u00eenseamn\u0103 pentru ei o bucurie de nedescris!<\/p>\n<p>SAU poate c\u0103 nu-i chiar a\u0219a. Dimpotriv\u0103, poate \u0219i Tu mai ai nevoie uneori s\u0103-\u021bi reg\u0103se\u0219ti entuziasmul, s\u0103 te motivezi pe Tine \u00eensu\u021bi \u0219i pe colegii t\u0103i, ca s\u0103 po\u021bi sc\u0103pa cu via\u021b\u0103 din\u00a0<strong>jungla treburilor<\/strong>\u00a0zilnice.<\/p>\n<p>Aceast\u0103 carte super amuzant\u0103 te va ajuta!<\/p>\n<p><strong>R\u00e2de \u0219i prosper\u0103!<\/strong><\/p>\n<p>Iat\u0103 o carte din Ungaria, tradus acum \u00een rom\u00e2n\u0103, care te va face s\u0103 r\u00e2zi de probleme. \u0218i te va ajuta s\u0103 le \u0219i rezolvi!<\/p>\n<p>Cartea care a cucerit deja antreprenorii maghiari, acum \u0219i \u00een limba rom\u00e2n\u0103. F\u0103r\u0103 menajamente \u0219i cu mult UMOR, despre problemele unui patron din ziua de azi.<\/p>\n<h3>Comand\u0103 acum cel mai relaxat \u201emanual\u201d antreprenorial \u201e\u00cempinge capra \u00een pr\u0103pastie!\u201d \ud83d\ude42<\/h3>\n","protected":false},"excerpt":{"rendered":"<div class=\"woocommerce-product-details__short-description\">\n<p>Iat\u0103 o carte din Ungaria, tradus acum \u00een rom\u00e2n\u0103, care te va face s\u0103 r\u00e2zi de probleme. \u0218i te va ajuta s\u0103 le \u0219i rezolvi!<\/p>\n<\/div>\n<form class=\"cart\" action=\"https:\/\/seminarconsulting.ro\/ro\/carti\/impinge-capra-in-prapastie\/\" enctype=\"multipart\/form-data\" method=\"post\">\n<div class=\"quantity buttons_added\"><\/div>\n<\/form>\n","protected":false},"featured_media":6038,"template":"","meta":{"site-sidebar-layout":"default","site-content-layout":"","ast-site-content-layout":"default","site-content-style":"default","site-sidebar-style":"default","ast-global-header-display":"","ast-banner-title-visibility":"","ast-main-header-display":"","ast-hfb-above-header-display":"","ast-hfb-below-header-display":"","ast-hfb-mobile-header-display":"","site-post-title":"","ast-breadcrumbs-content":"","ast-featured-img":"","footer-sml-layout":"","ast-disable-related-posts":"","theme-transparent-header-meta":"","adv-header-id-meta":"","stick-header-meta":"","header-above-stick-meta":"","header-main-stick-meta":"","header-below-stick-meta":"","astra-migrate-meta-layouts":"default","ast-page-background-enabled":"default","ast-page-background-meta":{"desktop":{"background-color":"var(--ast-global-color-4)","background-image":"","background-repeat":"repeat","background-position":"center center","background-size":"auto","background-attachment":"scroll","background-type":"","background-media":"","overlay-type":"","overlay-color":"","overlay-opacity":"","overlay-gradient":""},"tablet":{"background-color":"","background-image":"","background-repeat":"repeat","background-position":"center center","background-size":"auto","background-attachment":"scroll","background-type":"","background-media":"","overlay-type":"","overlay-color":"","overlay-opacity":"","overlay-gradient":""},"mobile":{"background-color":"","background-image":"","background-repeat":"repeat","background-position":"center center","background-size":"auto","background-attachment":"scroll","background-type":"","background-media":"","overlay-type":"","overlay-color":"","overlay-opacity":"","overlay-gradient":""}},"ast-content-background-meta":{"desktop":{"background-color":"var(--ast-global-color-5)","background-image":"","background-repeat":"repeat","background-position":"center center","background-size":"auto","background-attachment":"scroll","background-type":"","background-media":"","overlay-type":"","overlay-color":"","overlay-opacity":"","overlay-gradient":""},"tablet":{"background-color":"var(--ast-global-color-5)","background-image":"","background-repeat":"repeat","background-position":"center center","background-size":"auto","background-attachment":"scroll","background-type":"","background-media":"","overlay-type":"","overlay-color":"","overlay-opacity":"","overlay-gradient":""},"mobile":{"background-color":"var(--ast-global-color-5)","background-image":"","background-repeat":"repeat","background-position":"center center","background-size":"auto","background-attachment":"scroll","background-type":"","background-media":"","overlay-type":"","overlay-color":"","overlay-opacity":"","overlay-gradient":""}}},"product_brand":[],"product_cat":[43],"product_tag":[],"class_list":{"0":"post-6037","1":"product","2":"type-product","3":"status-publish","4":"has-post-thumbnail","6":"product_cat-konyveink","7":"desktop-align-left","8":"tablet-align-left","9":"mobile-align-left","11":"first","12":"instock","13":"taxable","14":"shipping-taxable","15":"purchasable","16":"product-type-simple"},"yoast_head":"<!-- This site is optimized with the Yoast SEO plugin v26.9 - https:\/\/yoast.com\/product\/yoast-seo-wordpress\/ -->\n<title>\u00cempinge capra \u00een pr\u0103pastie - Seminar Consulting<\/title>\n<meta name=\"robots\" content=\"index, follow, max-snippet:-1, max-image-preview:large, max-video-preview:-1\" \/>\n<link rel=\"canonical\" href=\"https:\/\/seminarconsulting.ro\/impinge-capra-in-prapastie-2\/\" \/>\n<meta property=\"og:locale\" content=\"ro_RO\" \/>\n<meta property=\"og:type\" content=\"article\" \/>\n<meta property=\"og:title\" content=\"\u00cempinge capra \u00een pr\u0103pastie - Seminar Consulting\" \/>\n<meta property=\"og:description\" content=\"Iat\u0103 o carte din Ungaria, tradus acum \u00een rom\u00e2n\u0103, care te va face s\u0103 r\u00e2zi de probleme. \u0218i te va ajuta s\u0103 le \u0219i rezolvi!\" \/>\n<meta property=\"og:url\" content=\"https:\/\/seminarconsulting.ro\/impinge-capra-in-prapastie-2\/\" \/>\n<meta property=\"og:site_name\" content=\"Seminar Consulting\" \/>\n<meta property=\"article:modified_time\" content=\"2025-12-16T08:06:13+00:00\" \/>\n<meta property=\"og:image\" content=\"https:\/\/seminarconsulting.ro\/wp-content\/uploads\/2023\/01\/Capra.jpg\" \/>\n\t<meta property=\"og:image:width\" content=\"523\" \/>\n\t<meta property=\"og:image:height\" content=\"816\" \/>\n\t<meta property=\"og:image:type\" content=\"image\/jpeg\" \/>\n<meta name=\"twitter:card\" content=\"summary_large_image\" \/>\n<meta name=\"twitter:label1\" content=\"Timp estimat pentru citire\" \/>\n\t<meta name=\"twitter:data1\" content=\"2 minute\" \/>\n<script type=\"application\/ld+json\" class=\"yoast-schema-graph\">{\"@context\":\"https:\/\/schema.org\",\"@graph\":[{\"@type\":\"WebPage\",\"@id\":\"https:\/\/seminarconsulting.ro\/impinge-capra-in-prapastie-2\/\",\"url\":\"https:\/\/seminarconsulting.ro\/impinge-capra-in-prapastie-2\/\",\"name\":\"\u00cempinge capra \u00een pr\u0103pastie - Seminar Consulting\",\"isPartOf\":{\"@id\":\"https:\/\/seminarconsulting.ro\/#website\"},\"primaryImageOfPage\":{\"@id\":\"https:\/\/seminarconsulting.ro\/impinge-capra-in-prapastie-2\/#primaryimage\"},\"image\":{\"@id\":\"https:\/\/seminarconsulting.ro\/impinge-capra-in-prapastie-2\/#primaryimage\"},\"thumbnailUrl\":\"https:\/\/seminarconsulting.ro\/wp-content\/uploads\/2023\/01\/Capra.jpg\",\"datePublished\":\"2023-01-23T08:52:32+00:00\",\"dateModified\":\"2025-12-16T08:06:13+00:00\",\"breadcrumb\":{\"@id\":\"https:\/\/seminarconsulting.ro\/impinge-capra-in-prapastie-2\/#breadcrumb\"},\"inLanguage\":\"ro-RO\",\"potentialAction\":[{\"@type\":\"ReadAction\",\"target\":[\"https:\/\/seminarconsulting.ro\/impinge-capra-in-prapastie-2\/\"]}]},{\"@type\":\"ImageObject\",\"inLanguage\":\"ro-RO\",\"@id\":\"https:\/\/seminarconsulting.ro\/impinge-capra-in-prapastie-2\/#primaryimage\",\"url\":\"https:\/\/seminarconsulting.ro\/wp-content\/uploads\/2023\/01\/Capra.jpg\",\"contentUrl\":\"https:\/\/seminarconsulting.ro\/wp-content\/uploads\/2023\/01\/Capra.jpg\",\"width\":523,\"height\":816},{\"@type\":\"BreadcrumbList\",\"@id\":\"https:\/\/seminarconsulting.ro\/impinge-capra-in-prapastie-2\/#breadcrumb\",\"itemListElement\":[{\"@type\":\"ListItem\",\"position\":1,\"name\":\"Home\",\"item\":\"https:\/\/seminarconsulting.ro\/\"},{\"@type\":\"ListItem\",\"position\":2,\"name\":\"C\u0103r\u021bi\",\"item\":\"https:\/\/seminarconsulting.ro\/ro\/carti\/\"},{\"@type\":\"ListItem\",\"position\":3,\"name\":\"\u00cempinge capra \u00een pr\u0103pastie\"}]},{\"@type\":\"WebSite\",\"@id\":\"https:\/\/seminarconsulting.ro\/#website\",\"url\":\"https:\/\/seminarconsulting.ro\/\",\"name\":\"Seminar Consulting\",\"description\":\"A c&eacute;gvezet\u0151k bar&aacute;tja\",\"publisher\":{\"@id\":\"https:\/\/seminarconsulting.ro\/#organization\"},\"potentialAction\":[{\"@type\":\"SearchAction\",\"target\":{\"@type\":\"EntryPoint\",\"urlTemplate\":\"https:\/\/seminarconsulting.ro\/?s={search_term_string}\"},\"query-input\":{\"@type\":\"PropertyValueSpecification\",\"valueRequired\":true,\"valueName\":\"search_term_string\"}}],\"inLanguage\":\"ro-RO\"},{\"@type\":\"Organization\",\"@id\":\"https:\/\/seminarconsulting.ro\/#organization\",\"name\":\"Seminar Consulting\",\"url\":\"https:\/\/seminarconsulting.ro\/\",\"logo\":{\"@type\":\"ImageObject\",\"inLanguage\":\"ro-RO\",\"@id\":\"https:\/\/seminarconsulting.ro\/#\/schema\/logo\/image\/\",\"url\":\"https:\/\/seminarconsulting.ro\/wp-content\/uploads\/2024\/11\/cropped-Logo-RGB.png\",\"contentUrl\":\"https:\/\/seminarconsulting.ro\/wp-content\/uploads\/2024\/11\/cropped-Logo-RGB.png\",\"width\":1656,\"height\":406,\"caption\":\"Seminar Consulting\"},\"image\":{\"@id\":\"https:\/\/seminarconsulting.ro\/#\/schema\/logo\/image\/\"}}]}<\/script>\n<!-- \/ Yoast SEO plugin. -->","yoast_head_json":{"title":"\u00cempinge capra \u00een pr\u0103pastie - Seminar Consulting","robots":{"index":"index","follow":"follow","max-snippet":"max-snippet:-1","max-image-preview":"max-image-preview:large","max-video-preview":"max-video-preview:-1"},"canonical":"https:\/\/seminarconsulting.ro\/impinge-capra-in-prapastie-2\/","og_locale":"ro_RO","og_type":"article","og_title":"\u00cempinge capra \u00een pr\u0103pastie - Seminar Consulting","og_description":"Iat\u0103 o carte din Ungaria, tradus acum \u00een rom\u00e2n\u0103, care te va face s\u0103 r\u00e2zi de probleme. \u0218i te va ajuta s\u0103 le \u0219i rezolvi!","og_url":"https:\/\/seminarconsulting.ro\/impinge-capra-in-prapastie-2\/","og_site_name":"Seminar Consulting","article_modified_time":"2025-12-16T08:06:13+00:00","og_image":[{"width":523,"height":816,"url":"https:\/\/seminarconsulting.ro\/wp-content\/uploads\/2023\/01\/Capra.jpg","type":"image\/jpeg"}],"twitter_card":"summary_large_image","twitter_misc":{"Timp estimat pentru citire":"2 minute"},"schema":{"@context":"https:\/\/schema.org","@graph":[{"@type":"WebPage","@id":"https:\/\/seminarconsulting.ro\/impinge-capra-in-prapastie-2\/","url":"https:\/\/seminarconsulting.ro\/impinge-capra-in-prapastie-2\/","name":"\u00cempinge capra \u00een pr\u0103pastie - Seminar Consulting","isPartOf":{"@id":"https:\/\/seminarconsulting.ro\/#website"},"primaryImageOfPage":{"@id":"https:\/\/seminarconsulting.ro\/impinge-capra-in-prapastie-2\/#primaryimage"},"image":{"@id":"https:\/\/seminarconsulting.ro\/impinge-capra-in-prapastie-2\/#primaryimage"},"thumbnailUrl":"https:\/\/seminarconsulting.ro\/wp-content\/uploads\/2023\/01\/Capra.jpg","datePublished":"2023-01-23T08:52:32+00:00","dateModified":"2025-12-16T08:06:13+00:00","breadcrumb":{"@id":"https:\/\/seminarconsulting.ro\/impinge-capra-in-prapastie-2\/#breadcrumb"},"inLanguage":"ro-RO","potentialAction":[{"@type":"ReadAction","target":["https:\/\/seminarconsulting.ro\/impinge-capra-in-prapastie-2\/"]}]},{"@type":"ImageObject","inLanguage":"ro-RO","@id":"https:\/\/seminarconsulting.ro\/impinge-capra-in-prapastie-2\/#primaryimage","url":"https:\/\/seminarconsulting.ro\/wp-content\/uploads\/2023\/01\/Capra.jpg","contentUrl":"https:\/\/seminarconsulting.ro\/wp-content\/uploads\/2023\/01\/Capra.jpg","width":523,"height":816},{"@type":"BreadcrumbList","@id":"https:\/\/seminarconsulting.ro\/impinge-capra-in-prapastie-2\/#breadcrumb","itemListElement":[{"@type":"ListItem","position":1,"name":"Home","item":"https:\/\/seminarconsulting.ro\/"},{"@type":"ListItem","position":2,"name":"C\u0103r\u021bi","item":"https:\/\/seminarconsulting.ro\/ro\/carti\/"},{"@type":"ListItem","position":3,"name":"\u00cempinge capra \u00een pr\u0103pastie"}]},{"@type":"WebSite","@id":"https:\/\/seminarconsulting.ro\/#website","url":"https:\/\/seminarconsulting.ro\/","name":"Seminar Consulting","description":"A c&eacute;gvezet\u0151k bar&aacute;tja","publisher":{"@id":"https:\/\/seminarconsulting.ro\/#organization"},"potentialAction":[{"@type":"SearchAction","target":{"@type":"EntryPoint","urlTemplate":"https:\/\/seminarconsulting.ro\/?s={search_term_string}"},"query-input":{"@type":"PropertyValueSpecification","valueRequired":true,"valueName":"search_term_string"}}],"inLanguage":"ro-RO"},{"@type":"Organization","@id":"https:\/\/seminarconsulting.ro\/#organization","name":"Seminar Consulting","url":"https:\/\/seminarconsulting.ro\/","logo":{"@type":"ImageObject","inLanguage":"ro-RO","@id":"https:\/\/seminarconsulting.ro\/#\/schema\/logo\/image\/","url":"https:\/\/seminarconsulting.ro\/wp-content\/uploads\/2024\/11\/cropped-Logo-RGB.png","contentUrl":"https:\/\/seminarconsulting.ro\/wp-content\/uploads\/2024\/11\/cropped-Logo-RGB.png","width":1656,"height":406,"caption":"Seminar Consulting"},"image":{"@id":"https:\/\/seminarconsulting.ro\/#\/schema\/logo\/image\/"}}]}},"_links":{"self":[{"href":"https:\/\/seminarconsulting.ro\/ro\/wp-json\/wp\/v2\/product\/6037","targetHints":{"allow":["GET"]}}],"collection":[{"href":"https:\/\/seminarconsulting.ro\/ro\/wp-json\/wp\/v2\/product"}],"about":[{"href":"https:\/\/seminarconsulting.ro\/ro\/wp-json\/wp\/v2\/types\/product"}],"version-history":[{"count":0,"href":"https:\/\/seminarconsulting.ro\/ro\/wp-json\/wp\/v2\/product\/6037\/revisions"}],"wp:featuredmedia":[{"embeddable":true,"href":"https:\/\/seminarconsulting.ro\/ro\/wp-json\/wp\/v2\/media\/6038"}],"wp:attachment":[{"href":"https:\/\/seminarconsulting.ro\/ro\/wp-json\/wp\/v2\/media?parent=6037"}],"wp:term":[{"taxonomy":"product_brand","embeddable":true,"href":"https:\/\/seminarconsulting.ro\/ro\/wp-json\/wp\/v2\/product_brand?post=6037"},{"taxonomy":"product_cat","embeddable":true,"href":"https:\/\/seminarconsulting.ro\/ro\/wp-json\/wp\/v2\/product_cat?post=6037"},{"taxonomy":"product_tag","embeddable":true,"href":"https:\/\/seminarconsulting.ro\/ro\/wp-json\/wp\/v2\/product_tag?post=6037"}],"curies":[{"name":"wp","href":"https:\/\/api.w.org\/{rel}","templated":true}]}}