{"id":6043,"date":"2023-01-23T08:59:16","date_gmt":"2023-01-23T08:59:16","guid":{"rendered":"https:\/\/seminarconsulting.ro\/?post_type=product&#038;p=6043"},"modified":"2025-12-16T08:04:06","modified_gmt":"2025-12-16T08:04:06","slug":"konyvcsomag-8-konyv-2-ajandek-ingyenes-kiszallitas","status":"publish","type":"product","link":"https:\/\/seminarconsulting.ro\/ro\/konyvcsomag-8-konyv-2-ajandek-ingyenes-kiszallitas\/","title":{"rendered":"K\u00f6nyvcsomag 8 k\u00f6nyv + 2 aj\u00e1nd\u00e9k + ingyenes kisz\u00e1ll\u00edt\u00e1s"},"content":{"rendered":"<p><b>A K\u00f6nyvcsomag tartalmazza a k\u00f6vetkez\u0151ket:<\/b><\/p>\n<ol>\n<li style=\"font-weight: 400;\" aria-level=\"1\"><span style=\"font-weight: 400;\">Hogyan ne legy\u00e9l kapkod\u00f3 idegbeteg<\/span><\/li>\n<li style=\"font-weight: 400;\" aria-level=\"1\"><span style=\"font-weight: 400;\">Mosolyogj szembe a hal\u00e1llal!<\/span><\/li>\n<li style=\"font-weight: 400;\" aria-level=\"1\"><span style=\"font-weight: 400;\">A c\u00e9l\u00e1ll\u00edt\u00e1s szab\u00e1lyai<\/span><\/li>\n<li style=\"font-weight: 400;\" aria-level=\"1\"><span style=\"font-weight: 400;\">Mi k\u00f6z\u00fck a kubai luxuskurv\u00e1knak a v\u00e1llalkoz\u00e1sodhoz?<\/span><\/li>\n<li style=\"font-weight: 400;\" aria-level=\"1\"><span style=\"font-weight: 400;\">H\u00e1remet n\u00e9ztem \u00e9s \u00e9rt\u00e9kes\u00edt\u00e9st tanultam Isztambulban<\/span><\/li>\n<li style=\"font-weight: 400;\" aria-level=\"1\"><span style=\"font-weight: 400;\">Z\u00e1rk\u00f3zz be a WC-be \u00e9s \u00e9nekelj!<\/span><\/li>\n<li style=\"font-weight: 400;\" aria-level=\"1\"><span style=\"font-weight: 400;\">Szeretn\u00e9m, ha lopn\u00e1l<\/span><\/li>\n<li style=\"font-weight: 400;\" aria-level=\"1\"><span style=\"font-weight: 400;\">L\u00f6kd a kecsk\u00e9t a szakad\u00e9kba!<\/span><\/li>\n<\/ol>\n<p><b>Aj\u00e1nd\u00e9k k\u00f6nyveink:<\/b><\/p>\n<ul>\n<li style=\"font-weight: 400;\" aria-level=\"1\"><span style=\"font-weight: 400;\">&#8222;Piroska Gyula &#8211; Egy haj\u00f3ban evez\u00fcnk&#8221; &#8211; \u00c9let\u00fcnk egy haj\u00f3\u00fatra hasonl\u00edt, \u00e9s a kapit\u00e1ny te magad vagy. Inspir\u00e1l\u00f3 \u00e9s elgondolkodtat\u00f3.<\/span><\/li>\n<li style=\"font-weight: 400;\" aria-level=\"1\"><span style=\"font-weight: 400;\">&#8222;Vincze R\u00f3bert &#8211; Egyed\u00fcl nem megy!&#8221; &#8211; Seg\u00edt megtal\u00e1lni az utat az \u00e9let kih\u00edv\u00e1saiban.<\/span><\/li>\n<\/ul>\n<p><span style=\"font-weight: 400;\">Mindkett\u0151t megkapod magyar \u00e9s rom\u00e1n nyelven is!<\/span><\/p>\n<p>Kinek aj\u00e1nljuk a k\u00f6nyvcsomagot? Ide\u00e1lis p\u00e9ld\u00e1ul annak, akinek hirtelen aj\u00e1nd\u00e9kot kell v\u00e1s\u00e1rolnia\u2026<\/p>\n<p>Sz\u00fclet\u00e9snapok, \u00e9vfordul\u00f3k, \u00fcnnepl\u00e9sre m\u00e9lt\u00f3 alkalmak: szeretj\u00fck \u0151ket, b\u00e1r sokszor nem kis fejt\u00f6r\u00e9st okoznak. Milyen aj\u00e1nd\u00e9kot kapjon az \u00fcnnepelt? Most 6 sikerk\u00f6nyv\u00fcnkb\u0151l csomagot k\u00e9sz\u00edtett\u00fcnk, ami remek meglepet\u00e9s lehet egy olvasni szeret\u0151, intelligens embernek.<\/p>\n<p>Mi teszi Piroska Gyula k\u00f6nyveit ide\u00e1lis aj\u00e1nd\u00e9kk\u00e1? Az, hogy rendk\u00edv\u00fcl aktu\u00e1lis t\u00e9m\u00e1kat t\u00e1rgyalnak, c\u00e9gvezet\u0151ket \u00e9rint\u0151 probl\u00e9m\u00e1kra adnak v\u00e1laszt, mindezt \u00e9lvezetesen, rengeteg humorral.<\/p>\n<p>Ak\u00e1r sz\u00f3rakoztat\u00f3 irodalomk\u00e9nt is olvashat\u00f3ak, letehetetlen olvasm\u00e1nyok azok sz\u00e1m\u00e1ra is, akik nem egy 200 f\u0151s c\u00e9get vezetnek. Sz\u00f3rakoztatva tan\u00edtanak: megnevettetnek, de el is gondolkodtatnak. Megv\u00e1ltoztatj\u00e1k az \u00e9leted.<\/p>\n","protected":false},"excerpt":{"rendered":"<div class=\"woocommerce-product-details__short-description\">\n<p><strong>Ha most rendelsz k\u00f6nyvcsomagot, az ingyenes sz\u00e1ll\u00edt\u00e1s\u00a0<\/strong>mell\u00e9 m\u00e9g\u00a0<strong>k\u00e9t extra aj\u00e1nd\u00e9kot<\/strong> is kapsz: Piroska Gyula Egy haj\u00f3ban evez\u00fcnk c\u00edm\u0171 k\u00f6nyv\u00e9t \u00e9s Vincze R\u00f3bert Egyed\u00fcl nem megy! c\u00edm\u0171 k\u00f6nyv\u00e9t, mindkett\u0151t rom\u00e1n \u00e9s magyar nyelven is!<\/p>\n<\/div>\n","protected":false},"featured_media":6044,"template":"","meta":{"site-sidebar-layout":"default","site-content-layout":"","ast-site-content-layout":"default","site-content-style":"default","site-sidebar-style":"default","ast-global-header-display":"","ast-banner-title-visibility":"","ast-main-header-display":"","ast-hfb-above-header-display":"","ast-hfb-below-header-display":"","ast-hfb-mobile-header-display":"","site-post-title":"","ast-breadcrumbs-content":"","ast-featured-img":"","footer-sml-layout":"","ast-disable-related-posts":"","theme-transparent-header-meta":"","adv-header-id-meta":"","stick-header-meta":"","header-above-stick-meta":"","header-main-stick-meta":"","header-below-stick-meta":"","astra-migrate-meta-layouts":"default","ast-page-background-enabled":"default","ast-page-background-meta":{"desktop":{"background-color":"var(--ast-global-color-4)","background-image":"","background-repeat":"repeat","background-position":"center center","background-size":"auto","background-attachment":"scroll","background-type":"","background-media":"","overlay-type":"","overlay-color":"","overlay-opacity":"","overlay-gradient":""},"tablet":{"background-color":"","background-image":"","background-repeat":"repeat","background-position":"center center","background-size":"auto","background-attachment":"scroll","background-type":"","background-media":"","overlay-type":"","overlay-color":"","overlay-opacity":"","overlay-gradient":""},"mobile":{"background-color":"","background-image":"","background-repeat":"repeat","background-position":"center center","background-size":"auto","background-attachment":"scroll","background-type":"","background-media":"","overlay-type":"","overlay-color":"","overlay-opacity":"","overlay-gradient":""}},"ast-content-background-meta":{"desktop":{"background-color":"var(--ast-global-color-5)","background-image":"","background-repeat":"repeat","background-position":"center center","background-size":"auto","background-attachment":"scroll","background-type":"","background-media":"","overlay-type":"","overlay-color":"","overlay-opacity":"","overlay-gradient":""},"tablet":{"background-color":"var(--ast-global-color-5)","background-image":"","background-repeat":"repeat","background-position":"center center","background-size":"auto","background-attachment":"scroll","background-type":"","background-media":"","overlay-type":"","overlay-color":"","overlay-opacity":"","overlay-gradient":""},"mobile":{"background-color":"var(--ast-global-color-5)","background-image":"","background-repeat":"repeat","background-position":"center center","background-size":"auto","background-attachment":"scroll","background-type":"","background-media":"","overlay-type":"","overlay-color":"","overlay-opacity":"","overlay-gradient":""}}},"product_brand":[],"product_cat":[43],"product_tag":[],"class_list":{"0":"post-6043","1":"product","2":"type-product","3":"status-publish","4":"has-post-thumbnail","6":"product_cat-konyveink","7":"desktop-align-left","8":"tablet-align-left","9":"mobile-align-left","11":"first","12":"instock","13":"sale","14":"taxable","15":"shipping-taxable","16":"purchasable","17":"product-type-simple"},"yoast_head":"<!-- This site is optimized with the Yoast SEO plugin v26.9 - https:\/\/yoast.com\/product\/yoast-seo-wordpress\/ -->\n<title>K\u00f6nyvcsomag 8 k\u00f6nyv + 2 aj\u00e1nd\u00e9k + ingyenes kisz\u00e1ll\u00edt\u00e1s - Seminar Consulting<\/title>\n<meta name=\"robots\" content=\"index, follow, max-snippet:-1, max-image-preview:large, max-video-preview:-1\" \/>\n<link rel=\"canonical\" href=\"https:\/\/seminarconsulting.ro\/konyvcsomag-8-konyv-2-ajandek-ingyenes-kiszallitas\/\" \/>\n<meta property=\"og:locale\" content=\"ro_RO\" \/>\n<meta property=\"og:type\" content=\"article\" \/>\n<meta property=\"og:title\" content=\"K\u00f6nyvcsomag 8 k\u00f6nyv + 2 aj\u00e1nd\u00e9k + ingyenes kisz\u00e1ll\u00edt\u00e1s - Seminar Consulting\" \/>\n<meta property=\"og:description\" content=\"Ha most rendelsz k\u00f6nyvcsomagot, az ingyenes sz\u00e1ll\u00edt\u00e1s\u00a0mell\u00e9 m\u00e9g\u00a0k\u00e9t extra aj\u00e1nd\u00e9kot is kapsz: Piroska Gyula Egy haj\u00f3ban evez\u00fcnk c\u00edm\u0171 k\u00f6nyv\u00e9t \u00e9s Vincze R\u00f3bert Egyed\u00fcl nem megy! c\u00edm\u0171 k\u00f6nyv\u00e9t, mindkett\u0151t rom\u00e1n \u00e9s magyar nyelven is!\" \/>\n<meta property=\"og:url\" content=\"https:\/\/seminarconsulting.ro\/konyvcsomag-8-konyv-2-ajandek-ingyenes-kiszallitas\/\" \/>\n<meta property=\"og:site_name\" content=\"Seminar Consulting\" \/>\n<meta property=\"article:modified_time\" content=\"2025-12-16T08:04:06+00:00\" \/>\n<meta property=\"og:image\" content=\"https:\/\/seminarconsulting.ro\/wp-content\/uploads\/2023\/01\/Capture.jpg\" \/>\n\t<meta property=\"og:image:width\" content=\"1447\" \/>\n\t<meta property=\"og:image:height\" content=\"842\" \/>\n\t<meta property=\"og:image:type\" content=\"image\/jpeg\" \/>\n<meta name=\"twitter:card\" content=\"summary_large_image\" \/>\n<meta name=\"twitter:label1\" content=\"Timp estimat pentru citire\" \/>\n\t<meta name=\"twitter:data1\" content=\"1 minut\" \/>\n<script type=\"application\/ld+json\" class=\"yoast-schema-graph\">{\"@context\":\"https:\/\/schema.org\",\"@graph\":[{\"@type\":\"WebPage\",\"@id\":\"https:\/\/seminarconsulting.ro\/konyvcsomag-8-konyv-2-ajandek-ingyenes-kiszallitas\/\",\"url\":\"https:\/\/seminarconsulting.ro\/konyvcsomag-8-konyv-2-ajandek-ingyenes-kiszallitas\/\",\"name\":\"K\u00f6nyvcsomag 8 k\u00f6nyv + 2 aj\u00e1nd\u00e9k + ingyenes kisz\u00e1ll\u00edt\u00e1s - Seminar Consulting\",\"isPartOf\":{\"@id\":\"https:\/\/seminarconsulting.ro\/#website\"},\"primaryImageOfPage\":{\"@id\":\"https:\/\/seminarconsulting.ro\/konyvcsomag-8-konyv-2-ajandek-ingyenes-kiszallitas\/#primaryimage\"},\"image\":{\"@id\":\"https:\/\/seminarconsulting.ro\/konyvcsomag-8-konyv-2-ajandek-ingyenes-kiszallitas\/#primaryimage\"},\"thumbnailUrl\":\"https:\/\/seminarconsulting.ro\/wp-content\/uploads\/2023\/01\/Capture.jpg\",\"datePublished\":\"2023-01-23T08:59:16+00:00\",\"dateModified\":\"2025-12-16T08:04:06+00:00\",\"breadcrumb\":{\"@id\":\"https:\/\/seminarconsulting.ro\/konyvcsomag-8-konyv-2-ajandek-ingyenes-kiszallitas\/#breadcrumb\"},\"inLanguage\":\"ro-RO\",\"potentialAction\":[{\"@type\":\"ReadAction\",\"target\":[\"https:\/\/seminarconsulting.ro\/konyvcsomag-8-konyv-2-ajandek-ingyenes-kiszallitas\/\"]}]},{\"@type\":\"ImageObject\",\"inLanguage\":\"ro-RO\",\"@id\":\"https:\/\/seminarconsulting.ro\/konyvcsomag-8-konyv-2-ajandek-ingyenes-kiszallitas\/#primaryimage\",\"url\":\"https:\/\/seminarconsulting.ro\/wp-content\/uploads\/2023\/01\/Capture.jpg\",\"contentUrl\":\"https:\/\/seminarconsulting.ro\/wp-content\/uploads\/2023\/01\/Capture.jpg\",\"width\":1447,\"height\":842},{\"@type\":\"BreadcrumbList\",\"@id\":\"https:\/\/seminarconsulting.ro\/konyvcsomag-8-konyv-2-ajandek-ingyenes-kiszallitas\/#breadcrumb\",\"itemListElement\":[{\"@type\":\"ListItem\",\"position\":1,\"name\":\"Home\",\"item\":\"https:\/\/seminarconsulting.ro\/\"},{\"@type\":\"ListItem\",\"position\":2,\"name\":\"C\u0103r\u021bi\",\"item\":\"https:\/\/seminarconsulting.ro\/ro\/carti\/\"},{\"@type\":\"ListItem\",\"position\":3,\"name\":\"K\u00f6nyvcsomag 8 k\u00f6nyv + 2 aj\u00e1nd\u00e9k + ingyenes kisz\u00e1ll\u00edt\u00e1s\"}]},{\"@type\":\"WebSite\",\"@id\":\"https:\/\/seminarconsulting.ro\/#website\",\"url\":\"https:\/\/seminarconsulting.ro\/\",\"name\":\"Seminar Consulting\",\"description\":\"A c&eacute;gvezet\u0151k bar&aacute;tja\",\"publisher\":{\"@id\":\"https:\/\/seminarconsulting.ro\/#organization\"},\"potentialAction\":[{\"@type\":\"SearchAction\",\"target\":{\"@type\":\"EntryPoint\",\"urlTemplate\":\"https:\/\/seminarconsulting.ro\/?s={search_term_string}\"},\"query-input\":{\"@type\":\"PropertyValueSpecification\",\"valueRequired\":true,\"valueName\":\"search_term_string\"}}],\"inLanguage\":\"ro-RO\"},{\"@type\":\"Organization\",\"@id\":\"https:\/\/seminarconsulting.ro\/#organization\",\"name\":\"Seminar Consulting\",\"url\":\"https:\/\/seminarconsulting.ro\/\",\"logo\":{\"@type\":\"ImageObject\",\"inLanguage\":\"ro-RO\",\"@id\":\"https:\/\/seminarconsulting.ro\/#\/schema\/logo\/image\/\",\"url\":\"https:\/\/seminarconsulting.ro\/wp-content\/uploads\/2024\/11\/cropped-Logo-RGB.png\",\"contentUrl\":\"https:\/\/seminarconsulting.ro\/wp-content\/uploads\/2024\/11\/cropped-Logo-RGB.png\",\"width\":1656,\"height\":406,\"caption\":\"Seminar Consulting\"},\"image\":{\"@id\":\"https:\/\/seminarconsulting.ro\/#\/schema\/logo\/image\/\"}}]}<\/script>\n<!-- \/ Yoast SEO plugin. -->","yoast_head_json":{"title":"K\u00f6nyvcsomag 8 k\u00f6nyv + 2 aj\u00e1nd\u00e9k + ingyenes kisz\u00e1ll\u00edt\u00e1s - Seminar Consulting","robots":{"index":"index","follow":"follow","max-snippet":"max-snippet:-1","max-image-preview":"max-image-preview:large","max-video-preview":"max-video-preview:-1"},"canonical":"https:\/\/seminarconsulting.ro\/konyvcsomag-8-konyv-2-ajandek-ingyenes-kiszallitas\/","og_locale":"ro_RO","og_type":"article","og_title":"K\u00f6nyvcsomag 8 k\u00f6nyv + 2 aj\u00e1nd\u00e9k + ingyenes kisz\u00e1ll\u00edt\u00e1s - Seminar Consulting","og_description":"Ha most rendelsz k\u00f6nyvcsomagot, az ingyenes sz\u00e1ll\u00edt\u00e1s\u00a0mell\u00e9 m\u00e9g\u00a0k\u00e9t extra aj\u00e1nd\u00e9kot is kapsz: Piroska Gyula Egy haj\u00f3ban evez\u00fcnk c\u00edm\u0171 k\u00f6nyv\u00e9t \u00e9s Vincze R\u00f3bert Egyed\u00fcl nem megy! c\u00edm\u0171 k\u00f6nyv\u00e9t, mindkett\u0151t rom\u00e1n \u00e9s magyar nyelven is!","og_url":"https:\/\/seminarconsulting.ro\/konyvcsomag-8-konyv-2-ajandek-ingyenes-kiszallitas\/","og_site_name":"Seminar Consulting","article_modified_time":"2025-12-16T08:04:06+00:00","og_image":[{"width":1447,"height":842,"url":"https:\/\/seminarconsulting.ro\/wp-content\/uploads\/2023\/01\/Capture.jpg","type":"image\/jpeg"}],"twitter_card":"summary_large_image","twitter_misc":{"Timp estimat pentru citire":"1 minut"},"schema":{"@context":"https:\/\/schema.org","@graph":[{"@type":"WebPage","@id":"https:\/\/seminarconsulting.ro\/konyvcsomag-8-konyv-2-ajandek-ingyenes-kiszallitas\/","url":"https:\/\/seminarconsulting.ro\/konyvcsomag-8-konyv-2-ajandek-ingyenes-kiszallitas\/","name":"K\u00f6nyvcsomag 8 k\u00f6nyv + 2 aj\u00e1nd\u00e9k + ingyenes kisz\u00e1ll\u00edt\u00e1s - Seminar Consulting","isPartOf":{"@id":"https:\/\/seminarconsulting.ro\/#website"},"primaryImageOfPage":{"@id":"https:\/\/seminarconsulting.ro\/konyvcsomag-8-konyv-2-ajandek-ingyenes-kiszallitas\/#primaryimage"},"image":{"@id":"https:\/\/seminarconsulting.ro\/konyvcsomag-8-konyv-2-ajandek-ingyenes-kiszallitas\/#primaryimage"},"thumbnailUrl":"https:\/\/seminarconsulting.ro\/wp-content\/uploads\/2023\/01\/Capture.jpg","datePublished":"2023-01-23T08:59:16+00:00","dateModified":"2025-12-16T08:04:06+00:00","breadcrumb":{"@id":"https:\/\/seminarconsulting.ro\/konyvcsomag-8-konyv-2-ajandek-ingyenes-kiszallitas\/#breadcrumb"},"inLanguage":"ro-RO","potentialAction":[{"@type":"ReadAction","target":["https:\/\/seminarconsulting.ro\/konyvcsomag-8-konyv-2-ajandek-ingyenes-kiszallitas\/"]}]},{"@type":"ImageObject","inLanguage":"ro-RO","@id":"https:\/\/seminarconsulting.ro\/konyvcsomag-8-konyv-2-ajandek-ingyenes-kiszallitas\/#primaryimage","url":"https:\/\/seminarconsulting.ro\/wp-content\/uploads\/2023\/01\/Capture.jpg","contentUrl":"https:\/\/seminarconsulting.ro\/wp-content\/uploads\/2023\/01\/Capture.jpg","width":1447,"height":842},{"@type":"BreadcrumbList","@id":"https:\/\/seminarconsulting.ro\/konyvcsomag-8-konyv-2-ajandek-ingyenes-kiszallitas\/#breadcrumb","itemListElement":[{"@type":"ListItem","position":1,"name":"Home","item":"https:\/\/seminarconsulting.ro\/"},{"@type":"ListItem","position":2,"name":"C\u0103r\u021bi","item":"https:\/\/seminarconsulting.ro\/ro\/carti\/"},{"@type":"ListItem","position":3,"name":"K\u00f6nyvcsomag 8 k\u00f6nyv + 2 aj\u00e1nd\u00e9k + ingyenes kisz\u00e1ll\u00edt\u00e1s"}]},{"@type":"WebSite","@id":"https:\/\/seminarconsulting.ro\/#website","url":"https:\/\/seminarconsulting.ro\/","name":"Seminar Consulting","description":"A c&eacute;gvezet\u0151k bar&aacute;tja","publisher":{"@id":"https:\/\/seminarconsulting.ro\/#organization"},"potentialAction":[{"@type":"SearchAction","target":{"@type":"EntryPoint","urlTemplate":"https:\/\/seminarconsulting.ro\/?s={search_term_string}"},"query-input":{"@type":"PropertyValueSpecification","valueRequired":true,"valueName":"search_term_string"}}],"inLanguage":"ro-RO"},{"@type":"Organization","@id":"https:\/\/seminarconsulting.ro\/#organization","name":"Seminar Consulting","url":"https:\/\/seminarconsulting.ro\/","logo":{"@type":"ImageObject","inLanguage":"ro-RO","@id":"https:\/\/seminarconsulting.ro\/#\/schema\/logo\/image\/","url":"https:\/\/seminarconsulting.ro\/wp-content\/uploads\/2024\/11\/cropped-Logo-RGB.png","contentUrl":"https:\/\/seminarconsulting.ro\/wp-content\/uploads\/2024\/11\/cropped-Logo-RGB.png","width":1656,"height":406,"caption":"Seminar Consulting"},"image":{"@id":"https:\/\/seminarconsulting.ro\/#\/schema\/logo\/image\/"}}]}},"_links":{"self":[{"href":"https:\/\/seminarconsulting.ro\/ro\/wp-json\/wp\/v2\/product\/6043","targetHints":{"allow":["GET"]}}],"collection":[{"href":"https:\/\/seminarconsulting.ro\/ro\/wp-json\/wp\/v2\/product"}],"about":[{"href":"https:\/\/seminarconsulting.ro\/ro\/wp-json\/wp\/v2\/types\/product"}],"version-history":[{"count":0,"href":"https:\/\/seminarconsulting.ro\/ro\/wp-json\/wp\/v2\/product\/6043\/revisions"}],"wp:featuredmedia":[{"embeddable":true,"href":"https:\/\/seminarconsulting.ro\/ro\/wp-json\/wp\/v2\/media\/6044"}],"wp:attachment":[{"href":"https:\/\/seminarconsulting.ro\/ro\/wp-json\/wp\/v2\/media?parent=6043"}],"wp:term":[{"taxonomy":"product_brand","embeddable":true,"href":"https:\/\/seminarconsulting.ro\/ro\/wp-json\/wp\/v2\/product_brand?post=6043"},{"taxonomy":"product_cat","embeddable":true,"href":"https:\/\/seminarconsulting.ro\/ro\/wp-json\/wp\/v2\/product_cat?post=6043"},{"taxonomy":"product_tag","embeddable":true,"href":"https:\/\/seminarconsulting.ro\/ro\/wp-json\/wp\/v2\/product_tag?post=6043"}],"curies":[{"name":"wp","href":"https:\/\/api.w.org\/{rel}","templated":true}]}}