{"id":6883,"date":"2023-10-18T14:06:11","date_gmt":"2023-10-18T14:06:11","guid":{"rendered":"https:\/\/seminarconsulting.ro\/?post_type=product&#038;p=6883"},"modified":"2026-01-09T08:36:11","modified_gmt":"2026-01-09T08:36:11","slug":"a-szabad-cegvezeto-partnerei-konyvcsomag","status":"publish","type":"product","link":"https:\/\/seminarconsulting.ro\/ro\/a-szabad-cegvezeto-partnerei-konyvcsomag\/","title":{"rendered":"A Szabad C\u00e9gvezet\u0151 Partnerei &#8211; K\u00f6nyvcsomag"},"content":{"rendered":"<h2><b>A Szabad C\u00e9gvezet\u0151 Partnerei \u2013 K\u00f6nyvcsomag<\/b><\/h2>\n<p><span style=\"font-weight: 400;\">Szerezd meg egy csomagban azokat a k\u00f6nyveket, amik <\/span><b>rendbe teszik a gondolkod\u00e1sod, a csapatod \u00e9s a bev\u00e9teled<\/b><span style=\"font-weight: 400;\"> \u2013 \u00e9s k\u00f6zben az eg\u00e9szs\u00e9gedet sem hagyj\u00e1k a h\u00e1tt\u00e9rben.<\/span><\/p>\n<p><span style=\"font-weight: 400;\">Ez a csomag egy <\/span><b>vezet\u0151i t\u00fal\u00e9l\u0151- \u00e9s \u00e9p\u00edt\u0151csomag<\/b><span style=\"font-weight: 400;\">: csapat, d\u00f6nt\u00e9sek, rendszer, \u00e9rt\u00e9kes\u00edt\u00e9s, energia.<\/span><\/p>\n<p>&nbsp;<\/p>\n<h2><b>Mit tartalmaz a k\u00f6nyvcsomag?<\/b><\/h2>\n<ul>\n<li style=\"font-weight: 400;\" aria-level=\"1\"><b>Laczk\u00f3 P\u00e9ter \u2013 Legyen ti\u00e9d az aranycsapat<\/b><b>\n<p><\/b><\/li>\n<li style=\"font-weight: 400;\" aria-level=\"1\"><b>Laczk\u00f3 P\u00e9ter \u2013 A forr\u00e1s<\/b><b>\n<p><\/b><\/li>\n<li style=\"font-weight: 400;\" aria-level=\"1\"><b>Nagy B\u00e9la \u2013 Az \u00e9rt\u00e9kes\u00edt\u00e9s nem szerencsej\u00e1t\u00e9k<\/b><b>\n<p><\/b><\/li>\n<li style=\"font-weight: 400;\" aria-level=\"1\"><b>Vincze R\u00f3bert \u2013 Egyed\u00fcl nem megy<\/b><b>\n<p><\/b><\/li>\n<li style=\"font-weight: 400;\" aria-level=\"1\"><b>Dr. Suba R\u00e9ka \u2013 F\u00f3kuszban az eg\u00e9szs\u00e9g \u00e9s az egyens\u00faly<\/b><b>\n<p><\/b><\/li>\n<li style=\"font-weight: 400;\" aria-level=\"1\"><b>Vincze Csilla \u2013 Hogyan tal\u00e1ld meg a j\u00f3 munkat\u00e1rsat?<\/b><b>\n<p><\/b><\/li>\n<li style=\"font-weight: 400;\" aria-level=\"1\"><b>Piroska Gyula \u2013 A c\u00e9l\u00e1ll\u00edt\u00e1s szab\u00e1lyai<\/b><b>\n<p><\/b><\/li>\n<li style=\"font-weight: 400;\" aria-level=\"1\"><b>Vincze R\u00f3bert \u2013 Szabad C\u00e9gvezet\u0151<\/b><b>\n<p><\/b><\/li>\n<\/ul>\n<p>&nbsp;<\/p>\n<h2><b>Mi\u00e9rt ez a csomag az egyik legjobb d\u00f6nt\u00e9s egy c\u00e9gvezet\u0151nek?<\/b><\/h2>\n<p><span style=\"font-weight: 400;\">Mert van az a pont, amikor m\u00e1r nem a \u201ct\u00f6bb munka\u201d a megold\u00e1s.<\/span><span style=\"font-weight: 400;\"><br \/>\n<\/span><span style=\"font-weight: 400;\">Hanem az, hogy:<\/span><\/p>\n<ul>\n<li style=\"font-weight: 400;\" aria-level=\"1\"><b>jobb embereid legyenek<\/b><b>\n<p><\/b><\/li>\n<li style=\"font-weight: 400;\" aria-level=\"1\"><b>jobban deleg\u00e1lj<\/b><b>\n<p><\/b><\/li>\n<li style=\"font-weight: 400;\" aria-level=\"1\"><b>rendszerben \u00e9rt\u00e9kes\u00edts<\/b><b>\n<p><\/b><\/li>\n<li style=\"font-weight: 400;\" aria-level=\"1\"><b>tiszt\u00e1bban gondolkodj<\/b><b>\n<p><\/b><\/li>\n<li style=\"font-weight: 400;\" aria-level=\"1\"><span style=\"font-weight: 400;\">\u00e9s k\u00f6zben <\/span><b>ne \u00e9lj \u00fagy, mint aki \u00e1lland\u00f3an v\u00e9sz \u00fczemm\u00f3dban fut<\/b><b>\n<p><\/b><\/li>\n<\/ul>\n<p><span style=\"font-weight: 400;\">Ez a csomag pont ezekre ad ment\u0151\u00f6vet \u2013 \u00fagy, hogy k\u00f6zben <\/span><b>olvashat\u00f3, \u00e9rthet\u0151, \u00e9s nem \u00e9rthetetlen nyelven van meg\u00edrva.<\/b><\/p>\n<p>&nbsp;<\/p>\n<h2><b>R\u00f6viden a k\u00f6nyvekr\u0151l (hogy tudd, mire sz\u00e1m\u00edts)<\/b><\/h2>\n<h3><b>Laczk\u00f3 P\u00e9ter \u2013 Legyen ti\u00e9d az aranycsapat<\/b><\/h3>\n<p><span style=\"font-weight: 400;\">Ha valaha is elvesztett\u00e9l j\u00f3 embert, vagy felvett\u00e9l rosszat\u2026 ez hasznos lesz.<\/span><span style=\"font-weight: 400;\"><br \/>\n<\/span><span style=\"font-weight: 400;\">Gyakorlatias eszk\u00f6z\u00f6k vezet\u0151knek: kiv\u00e1laszt\u00e1s, posztra helyez\u00e9s, motiv\u00e1l\u00e1s, megtart\u00e1s.<\/span><span style=\"font-weight: 400;\"><br \/>\n<\/span><span style=\"font-weight: 400;\">A l\u00e9nyeg: <\/span><b>ne embereket \u201ctarts\u201d, hanem csapatot \u00e9p\u00edts.<\/b><\/p>\n<h3><b>Laczk\u00f3 P\u00e9ter \u2013 A forr\u00e1s<\/b><\/h3>\n<p><span style=\"font-weight: 400;\">Nem csak a c\u00e9gedet kell vezetni, hanem saj\u00e1t magadat is.<\/span><span style=\"font-weight: 400;\"><br \/>\n<\/span><span style=\"font-weight: 400;\">Ez a k\u00f6nyv abban seg\u00edt, hogy ne csak \u201ct\u00fal\u00e9ld\u201d a heteket, hanem legyen bels\u0151 er\u0151d, f\u00f3kuszod \u00e9s ir\u00e1nyod.<\/span><span style=\"font-weight: 400;\"><br \/>\n<\/span><span style=\"font-weight: 400;\">Ha n\u00e9ha \u00fagy \u00e9rzed, ki\u00e9gt\u00e9l, vagy csak \u201cdar\u00e1l\u201d az \u00e9let: ez a k\u00f6nyv lehet az \u00fajraind\u00edt\u00e1s..<\/span><\/p>\n<h3><b>Nagy B\u00e9la \u2013 Az \u00e9rt\u00e9kes\u00edt\u00e9s nem szerencsej\u00e1t\u00e9k<\/b><\/h3>\n<p><span style=\"font-weight: 400;\">Ha az \u00e9rt\u00e9kes\u00edt\u00e9s n\u00e1lad hol fent, hol lent, akkor eddig val\u00f3sz\u00edn\u0171leg rulett volt.<\/span><span style=\"font-weight: 400;\"><br \/>\n<\/span><span style=\"font-weight: 400;\">Ez a k\u00f6nyv rendszert ad: hogyan legyen kisz\u00e1m\u00edthat\u00f3 folyamatod, jobb lez\u00e1r\u00e1sod, stabilabb bev\u00e9teled.<\/span><span style=\"font-weight: 400;\"><br \/>\n<\/span><span style=\"font-weight: 400;\">A profi \u00e9rt\u00e9kes\u00edt\u0151 nem rem\u00e9nykedik \u2013 <\/span><b>m\u00e9rlegel \u00e9s \u00e9p\u00edt.<\/b><\/p>\n<h3><b>Vincze R\u00f3bert \u2013 Egyed\u00fcl nem megy<\/b><\/h3>\n<p><span style=\"font-weight: 400;\">Az a k\u00f6nyv, amit legsz\u00edvesebben a koll\u00e9g\u00e1idnak adn\u00e1l oda \u201ccsak olvasd el, k\u00e9rlek\u201d.<\/span><span style=\"font-weight: 400;\"><br \/>\n<\/span><span style=\"font-weight: 400;\">Egyszer\u0171, \u00e9rthet\u0151, humoros \u2013 \u00e9s k\u00f6zben nagyon is komoly: felel\u0151ss\u00e9g, hozz\u00e1\u00e1ll\u00e1s, tisztelet, csapatmunka.<\/span><span style=\"font-weight: 400;\"><br \/>\n<\/span><span style=\"font-weight: 400;\">Ha szeretn\u00e9d, hogy ne mindent neked kelljen megoldani: akkor ez a t\u00f6k\u00e9letes k\u00f6nyv.<\/span><\/p>\n<h3><b>Dr. Suba R\u00e9ka \u2013 F\u00f3kuszban az eg\u00e9szs\u00e9g \u00e9s az egyens\u00faly<\/b><\/h3>\n<p><span style=\"font-weight: 400;\">Vezet\u0151k\u00e9nt az energi\u00e1d p\u00e9nz.<\/span><span style=\"font-weight: 400;\"><br \/>\n<\/span><span style=\"font-weight: 400;\">Ha nincs er\u0151d, nincs t\u00fcrelmed, nincs f\u00f3kuszod \u2013 nincs j\u00f3 d\u00f6nt\u00e9s sem.<\/span><span style=\"font-weight: 400;\"><br \/>\n<\/span><span style=\"font-weight: 400;\">Ez a k\u00f6nyv k\u00f6z\u00e9rthet\u0151en seg\u00edt meg\u00e9rteni a tested m\u0171k\u00f6d\u00e9s\u00e9t, \u00e9s ad egyszer\u0171, alkalmazhat\u00f3 alapokat, hogy <\/span><b>ne a kimer\u00fclts\u00e9g vezesse a napjaidat.<\/b><\/p>\n<h3><b>Vincze Csilla \u2013 Hogyan tal\u00e1ld meg a j\u00f3 munkat\u00e1rsat?<\/b><\/h3>\n<p><span style=\"font-weight: 400;\">Nem motiv\u00e1ci\u00f3s k\u00f6nyv, hanem <\/span><b>k\u00e9zik\u00f6nyv<\/b><span style=\"font-weight: 400;\">: interj\u00fa, sz\u0171r\u00e9s, tesztek, \u00e9rt\u00e9kel\u00e9s, deleg\u00e1l\u00e1s, megtart\u00e1s.<\/span><span style=\"font-weight: 400;\"><br \/>\n<\/span><span style=\"font-weight: 400;\">A c\u00e9l: ne legyen t\u00f6bb \u201cfelveszem \u2013 csal\u00f3dok \u2013 el\u00f6lr\u0151l kezdem\u201d k\u00f6r.<\/span><span style=\"font-weight: 400;\"><br \/>\n<\/span><span style=\"font-weight: 400;\">Ha munkaer\u0151hi\u00e1nyban \u00e9lsz: ez a k\u00f6nyv konkr\u00e9t kapaszkod\u00f3.<\/span><\/p>\n<h3><b>Piroska Gyula \u2013 A c\u00e9l\u00e1ll\u00edt\u00e1s szab\u00e1lyai<\/b><\/h3>\n<p><span style=\"font-weight: 400;\">Sztorikon kereszt\u00fcl kapsz \u00faj n\u00e9z\u0151pontokat c\u00e9gvezet\u00e9si helyzetekre: emberek, hib\u00e1k, motiv\u00e1ci\u00f3, hat\u00e9konys\u00e1g, d\u00f6nt\u00e9sek.<\/span><span style=\"font-weight: 400;\"><br \/>\n<\/span><span style=\"font-weight: 400;\">Az a fajta k\u00f6nyv, amit leteszel, \u00e9s ut\u00e1na csak annyit mondasz: <\/span><b>\u201cna j\u00f3\u2026 ideje v\u00e1ltoztatni.\u201d<\/b><\/p>\n<h3><b>Vincze R\u00f3bert \u2013 Szabad C\u00e9gvezet\u0151<\/b><\/h3>\n<p><span style=\"font-weight: 400;\">Ha te vagy a f\u0151n\u00f6k, m\u00e9gis te vagy bent a legt\u00f6bbet, \u00e9s te vagy a legf\u00e1radtabb\u2026 akkor ez a k\u00f6nyv neked \u00edr\u00f3dott.<\/span><span style=\"font-weight: 400;\"><br \/>\n<\/span><span style=\"font-weight: 400;\">Erd\u00e9lyi sztorik, v\u00e1llalkoz\u00f3i realit\u00e1s, m\u0171k\u00f6d\u0151 gondolatok \u2013 nem elm\u00e9let.<\/span><span style=\"font-weight: 400;\"><br \/>\n<\/span><span style=\"font-weight: 400;\">A c\u00e9l: \u00fagy \u00e9p\u00edteni a c\u00e9get, hogy <\/span><b>ne a c\u00e9g vezessen t\u00e9ged, hanem te vezesd a c\u00e9get.<\/b><\/p>\n<p>&nbsp;<\/p>\n<h2><b>Kinek aj\u00e1nljuk?<\/b><\/h2>\n<ul>\n<li style=\"font-weight: 400;\" aria-level=\"1\"><span style=\"font-weight: 400;\">annak a c\u00e9gvezet\u0151nek, aki szeretne <\/span><b>v\u00e9gre csapatot<\/b><span style=\"font-weight: 400;\">, nem \u201ccsak munkat\u00e1rsakat\u201d<\/span><span style=\"font-weight: 400;\">\n<p><\/span><\/li>\n<li style=\"font-weight: 400;\" aria-level=\"1\"><span style=\"font-weight: 400;\">annak, aki <\/span><b>rendszert akar<\/b><span style=\"font-weight: 400;\">, nem \u00e1lland\u00f3 t\u0171zolt\u00e1st<\/span><span style=\"font-weight: 400;\">\n<p><\/span><\/li>\n<li style=\"font-weight: 400;\" aria-level=\"1\"><span style=\"font-weight: 400;\">annak, aki az \u00e9rt\u00e9kes\u00edt\u00e9sben <\/span><b>stabilit\u00e1st<\/b><span style=\"font-weight: 400;\"> akar, nem hull\u00e1mvasutat<\/span><span style=\"font-weight: 400;\">\n<p><\/span><\/li>\n<li style=\"font-weight: 400;\" aria-level=\"1\"><span style=\"font-weight: 400;\">annak, aki \u00e9rzi: <\/span><b>a vezet\u0151i teljes\u00edtm\u00e9ny az energi\u00e1n is m\u00falik<\/b><b>\n<p><\/b><\/li>\n<li style=\"font-weight: 400;\" aria-level=\"1\"><span style=\"font-weight: 400;\">annak, aki szeret olvasni, de csak olyat, aminek <\/span><b>haszna is van<\/b><b>\n<p><\/b><\/li>\n<\/ul>\n<p>&nbsp;<\/p>\n<h2><b>Rendeld meg most a k\u00f6nyvcsomagot<\/b><\/h2>\n<p><span style=\"font-weight: 400;\">Ha egy dolgot viszel magaddal ebb\u0151l a le\u00edr\u00e1sb\u00f3l, akkor ez legyen:<\/span><span style=\"font-weight: 400;\"><br \/>\n<\/span><b>ez nem egy k\u00f6nyvhalom \u2013 ez egy m\u0171k\u00f6d\u00e9si csomag.<\/b><\/p>\n<p><span style=\"font-weight: 400;\">\ud83d\udc49 Rendeld meg, \u00e9s kezdj el \u00fagy \u00e9p\u00edtkezni, hogy 2026 ne a t\u00fal\u00e9l\u00e9sr\u0151l sz\u00f3ljon, hanem a stabil n\u00f6veked\u00e9sr\u0151l.<\/span><\/p>\n","protected":false},"excerpt":{"rendered":"<p>Szerezd meg akci\u00f3s \u00e1ron a Szabad C\u00e9gvezet\u0151 Partnerei K\u00f6nyvcsomagot!<\/p>\n<p>Mit tartalmaz a k\u00f6nyvcsomag:<\/p>\n<ul>\n<li><strong>Vincze R\u00f3bert:<\/strong> Egyed\u00fcl nem megy + Szabad C\u00e9gvezet\u0151<\/li>\n<li><strong>Nagy B\u00e9la:<\/strong> Az \u00e9rt\u00e9kes\u00edt\u00e9s nem szerencsej\u00e1t\u00e9k<\/li>\n<li><strong>Laczk\u00f3 P\u00e9ter:<\/strong> A forr\u00e1s + Legyen ti\u00e9d az aranycsapat<\/li>\n<li><strong>Vincze Csilla:\u00a0<\/strong>Hogyan tal\u00e1ld meg a J\u00d3 munkat\u00e1rsat?<\/li>\n<li><strong>Piroska Gyula:\u00a0<\/strong>A c\u00e9l\u00e1ll\u00edt\u00e1s szab\u00e1lyai<\/li>\n<li><strong>Dr. Suba R\u00e9ka:\u00a0<\/strong>F\u00f3kuszban az eg\u00e9szs\u00e9g \u00e9s az egyens\u00faly<\/li>\n<\/ul>\n","protected":false},"featured_media":14774,"template":"","meta":{"site-sidebar-layout":"default","site-content-layout":"","ast-site-content-layout":"default","site-content-style":"default","site-sidebar-style":"default","ast-global-header-display":"","ast-banner-title-visibility":"","ast-main-header-display":"","ast-hfb-above-header-display":"","ast-hfb-below-header-display":"","ast-hfb-mobile-header-display":"","site-post-title":"","ast-breadcrumbs-content":"","ast-featured-img":"","footer-sml-layout":"","ast-disable-related-posts":"","theme-transparent-header-meta":"default","adv-header-id-meta":"","stick-header-meta":"","header-above-stick-meta":"","header-main-stick-meta":"","header-below-stick-meta":"","astra-migrate-meta-layouts":"set","ast-page-background-enabled":"default","ast-page-background-meta":{"desktop":{"background-color":"var(--ast-global-color-4)","background-image":"","background-repeat":"repeat","background-position":"center center","background-size":"auto","background-attachment":"scroll","background-type":"","background-media":"","overlay-type":"","overlay-color":"","overlay-opacity":"","overlay-gradient":""},"tablet":{"background-color":"","background-image":"","background-repeat":"repeat","background-position":"center center","background-size":"auto","background-attachment":"scroll","background-type":"","background-media":"","overlay-type":"","overlay-color":"","overlay-opacity":"","overlay-gradient":""},"mobile":{"background-color":"","background-image":"","background-repeat":"repeat","background-position":"center center","background-size":"auto","background-attachment":"scroll","background-type":"","background-media":"","overlay-type":"","overlay-color":"","overlay-opacity":"","overlay-gradient":""}},"ast-content-background-meta":{"desktop":{"background-color":"var(--ast-global-color-5)","background-image":"","background-repeat":"repeat","background-position":"center center","background-size":"auto","background-attachment":"scroll","background-type":"","background-media":"","overlay-type":"","overlay-color":"","overlay-opacity":"","overlay-gradient":""},"tablet":{"background-color":"var(--ast-global-color-5)","background-image":"","background-repeat":"repeat","background-position":"center center","background-size":"auto","background-attachment":"scroll","background-type":"","background-media":"","overlay-type":"","overlay-color":"","overlay-opacity":"","overlay-gradient":""},"mobile":{"background-color":"var(--ast-global-color-5)","background-image":"","background-repeat":"repeat","background-position":"center center","background-size":"auto","background-attachment":"scroll","background-type":"","background-media":"","overlay-type":"","overlay-color":"","overlay-opacity":"","overlay-gradient":""}}},"product_brand":[],"product_cat":[43,27],"product_tag":[],"class_list":{"0":"post-6883","1":"product","2":"type-product","3":"status-publish","4":"has-post-thumbnail","6":"product_cat-konyveink","7":"product_cat-vincze-robert","8":"desktop-align-left","9":"tablet-align-left","10":"mobile-align-left","12":"first","13":"instock","14":"sale","15":"taxable","16":"shipping-taxable","17":"purchasable","18":"product-type-simple"},"yoast_head":"<!-- This site is optimized with the Yoast SEO plugin v26.9 - https:\/\/yoast.com\/product\/yoast-seo-wordpress\/ -->\n<title>A Szabad C\u00e9gvezet\u0151 Partnerei - K\u00f6nyvcsomag - Seminar Consulting<\/title>\n<meta name=\"robots\" content=\"index, follow, max-snippet:-1, max-image-preview:large, max-video-preview:-1\" \/>\n<link rel=\"canonical\" href=\"https:\/\/seminarconsulting.ro\/a-szabad-cegvezeto-partnerei-konyvcsomag\/\" \/>\n<meta property=\"og:locale\" content=\"ro_RO\" \/>\n<meta property=\"og:type\" content=\"article\" \/>\n<meta property=\"og:title\" content=\"A Szabad C\u00e9gvezet\u0151 Partnerei - K\u00f6nyvcsomag - Seminar Consulting\" \/>\n<meta property=\"og:description\" content=\"Szerezd meg akci\u00f3s \u00e1ron a Szabad C\u00e9gvezet\u0151 Partnerei K\u00f6nyvcsomagot!  Mit tartalmaz a k\u00f6nyvcsomag:   Vincze R\u00f3bert: Egyed\u00fcl nem megy + Szabad C\u00e9gvezet\u0151  Nagy B\u00e9la: Az \u00e9rt\u00e9kes\u00edt\u00e9s nem szerencsej\u00e1t\u00e9k  Laczk\u00f3 P\u00e9ter: A forr\u00e1s + Legyen ti\u00e9d az aranycsapat  Vincze Csilla:\u00a0Hogyan tal\u00e1ld meg a J\u00d3 munkat\u00e1rsat?  Piroska Gyula:\u00a0A c\u00e9l\u00e1ll\u00edt\u00e1s szab\u00e1lyai  Dr. Suba R\u00e9ka:\u00a0F\u00f3kuszban az eg\u00e9szs\u00e9g \u00e9s az egyens\u00faly\" \/>\n<meta property=\"og:url\" content=\"https:\/\/seminarconsulting.ro\/a-szabad-cegvezeto-partnerei-konyvcsomag\/\" \/>\n<meta property=\"og:site_name\" content=\"Seminar Consulting\" \/>\n<meta property=\"article:modified_time\" content=\"2026-01-09T08:36:11+00:00\" \/>\n<meta property=\"og:image\" content=\"https:\/\/seminarconsulting.ro\/wp-content\/uploads\/2023\/10\/1.png\" \/>\n\t<meta property=\"og:image:width\" content=\"1080\" \/>\n\t<meta property=\"og:image:height\" content=\"1080\" \/>\n\t<meta property=\"og:image:type\" content=\"image\/png\" \/>\n<meta name=\"twitter:card\" content=\"summary_large_image\" \/>\n<meta name=\"twitter:label1\" content=\"Timp estimat pentru citire\" \/>\n\t<meta name=\"twitter:data1\" content=\"4 minute\" \/>\n<script type=\"application\/ld+json\" class=\"yoast-schema-graph\">{\"@context\":\"https:\/\/schema.org\",\"@graph\":[{\"@type\":\"WebPage\",\"@id\":\"https:\/\/seminarconsulting.ro\/a-szabad-cegvezeto-partnerei-konyvcsomag\/\",\"url\":\"https:\/\/seminarconsulting.ro\/a-szabad-cegvezeto-partnerei-konyvcsomag\/\",\"name\":\"A Szabad C\u00e9gvezet\u0151 Partnerei - K\u00f6nyvcsomag - Seminar Consulting\",\"isPartOf\":{\"@id\":\"https:\/\/seminarconsulting.ro\/#website\"},\"primaryImageOfPage\":{\"@id\":\"https:\/\/seminarconsulting.ro\/a-szabad-cegvezeto-partnerei-konyvcsomag\/#primaryimage\"},\"image\":{\"@id\":\"https:\/\/seminarconsulting.ro\/a-szabad-cegvezeto-partnerei-konyvcsomag\/#primaryimage\"},\"thumbnailUrl\":\"https:\/\/seminarconsulting.ro\/wp-content\/uploads\/2023\/10\/1.png\",\"datePublished\":\"2023-10-18T14:06:11+00:00\",\"dateModified\":\"2026-01-09T08:36:11+00:00\",\"breadcrumb\":{\"@id\":\"https:\/\/seminarconsulting.ro\/a-szabad-cegvezeto-partnerei-konyvcsomag\/#breadcrumb\"},\"inLanguage\":\"ro-RO\",\"potentialAction\":[{\"@type\":\"ReadAction\",\"target\":[\"https:\/\/seminarconsulting.ro\/a-szabad-cegvezeto-partnerei-konyvcsomag\/\"]}]},{\"@type\":\"ImageObject\",\"inLanguage\":\"ro-RO\",\"@id\":\"https:\/\/seminarconsulting.ro\/a-szabad-cegvezeto-partnerei-konyvcsomag\/#primaryimage\",\"url\":\"https:\/\/seminarconsulting.ro\/wp-content\/uploads\/2023\/10\/1.png\",\"contentUrl\":\"https:\/\/seminarconsulting.ro\/wp-content\/uploads\/2023\/10\/1.png\",\"width\":1080,\"height\":1080},{\"@type\":\"BreadcrumbList\",\"@id\":\"https:\/\/seminarconsulting.ro\/a-szabad-cegvezeto-partnerei-konyvcsomag\/#breadcrumb\",\"itemListElement\":[{\"@type\":\"ListItem\",\"position\":1,\"name\":\"Home\",\"item\":\"https:\/\/seminarconsulting.ro\/\"},{\"@type\":\"ListItem\",\"position\":2,\"name\":\"C\u0103r\u021bi\",\"item\":\"https:\/\/seminarconsulting.ro\/ro\/carti\/\"},{\"@type\":\"ListItem\",\"position\":3,\"name\":\"A Szabad C\u00e9gvezet\u0151 Partnerei &#8211; K\u00f6nyvcsomag\"}]},{\"@type\":\"WebSite\",\"@id\":\"https:\/\/seminarconsulting.ro\/#website\",\"url\":\"https:\/\/seminarconsulting.ro\/\",\"name\":\"Seminar Consulting\",\"description\":\"A c&eacute;gvezet\u0151k bar&aacute;tja\",\"publisher\":{\"@id\":\"https:\/\/seminarconsulting.ro\/#organization\"},\"potentialAction\":[{\"@type\":\"SearchAction\",\"target\":{\"@type\":\"EntryPoint\",\"urlTemplate\":\"https:\/\/seminarconsulting.ro\/?s={search_term_string}\"},\"query-input\":{\"@type\":\"PropertyValueSpecification\",\"valueRequired\":true,\"valueName\":\"search_term_string\"}}],\"inLanguage\":\"ro-RO\"},{\"@type\":\"Organization\",\"@id\":\"https:\/\/seminarconsulting.ro\/#organization\",\"name\":\"Seminar Consulting\",\"url\":\"https:\/\/seminarconsulting.ro\/\",\"logo\":{\"@type\":\"ImageObject\",\"inLanguage\":\"ro-RO\",\"@id\":\"https:\/\/seminarconsulting.ro\/#\/schema\/logo\/image\/\",\"url\":\"https:\/\/seminarconsulting.ro\/wp-content\/uploads\/2024\/11\/cropped-Logo-RGB.png\",\"contentUrl\":\"https:\/\/seminarconsulting.ro\/wp-content\/uploads\/2024\/11\/cropped-Logo-RGB.png\",\"width\":1656,\"height\":406,\"caption\":\"Seminar Consulting\"},\"image\":{\"@id\":\"https:\/\/seminarconsulting.ro\/#\/schema\/logo\/image\/\"}}]}<\/script>\n<!-- \/ Yoast SEO plugin. -->","yoast_head_json":{"title":"A Szabad C\u00e9gvezet\u0151 Partnerei - K\u00f6nyvcsomag - Seminar Consulting","robots":{"index":"index","follow":"follow","max-snippet":"max-snippet:-1","max-image-preview":"max-image-preview:large","max-video-preview":"max-video-preview:-1"},"canonical":"https:\/\/seminarconsulting.ro\/a-szabad-cegvezeto-partnerei-konyvcsomag\/","og_locale":"ro_RO","og_type":"article","og_title":"A Szabad C\u00e9gvezet\u0151 Partnerei - K\u00f6nyvcsomag - Seminar Consulting","og_description":"Szerezd meg akci\u00f3s \u00e1ron a Szabad C\u00e9gvezet\u0151 Partnerei K\u00f6nyvcsomagot!  Mit tartalmaz a k\u00f6nyvcsomag:   Vincze R\u00f3bert: Egyed\u00fcl nem megy + Szabad C\u00e9gvezet\u0151  Nagy B\u00e9la: Az \u00e9rt\u00e9kes\u00edt\u00e9s nem szerencsej\u00e1t\u00e9k  Laczk\u00f3 P\u00e9ter: A forr\u00e1s + Legyen ti\u00e9d az aranycsapat  Vincze Csilla:\u00a0Hogyan tal\u00e1ld meg a J\u00d3 munkat\u00e1rsat?  Piroska Gyula:\u00a0A c\u00e9l\u00e1ll\u00edt\u00e1s szab\u00e1lyai  Dr. Suba R\u00e9ka:\u00a0F\u00f3kuszban az eg\u00e9szs\u00e9g \u00e9s az egyens\u00faly","og_url":"https:\/\/seminarconsulting.ro\/a-szabad-cegvezeto-partnerei-konyvcsomag\/","og_site_name":"Seminar Consulting","article_modified_time":"2026-01-09T08:36:11+00:00","og_image":[{"width":1080,"height":1080,"url":"https:\/\/seminarconsulting.ro\/wp-content\/uploads\/2023\/10\/1.png","type":"image\/png"}],"twitter_card":"summary_large_image","twitter_misc":{"Timp estimat pentru citire":"4 minute"},"schema":{"@context":"https:\/\/schema.org","@graph":[{"@type":"WebPage","@id":"https:\/\/seminarconsulting.ro\/a-szabad-cegvezeto-partnerei-konyvcsomag\/","url":"https:\/\/seminarconsulting.ro\/a-szabad-cegvezeto-partnerei-konyvcsomag\/","name":"A Szabad C\u00e9gvezet\u0151 Partnerei - K\u00f6nyvcsomag - Seminar Consulting","isPartOf":{"@id":"https:\/\/seminarconsulting.ro\/#website"},"primaryImageOfPage":{"@id":"https:\/\/seminarconsulting.ro\/a-szabad-cegvezeto-partnerei-konyvcsomag\/#primaryimage"},"image":{"@id":"https:\/\/seminarconsulting.ro\/a-szabad-cegvezeto-partnerei-konyvcsomag\/#primaryimage"},"thumbnailUrl":"https:\/\/seminarconsulting.ro\/wp-content\/uploads\/2023\/10\/1.png","datePublished":"2023-10-18T14:06:11+00:00","dateModified":"2026-01-09T08:36:11+00:00","breadcrumb":{"@id":"https:\/\/seminarconsulting.ro\/a-szabad-cegvezeto-partnerei-konyvcsomag\/#breadcrumb"},"inLanguage":"ro-RO","potentialAction":[{"@type":"ReadAction","target":["https:\/\/seminarconsulting.ro\/a-szabad-cegvezeto-partnerei-konyvcsomag\/"]}]},{"@type":"ImageObject","inLanguage":"ro-RO","@id":"https:\/\/seminarconsulting.ro\/a-szabad-cegvezeto-partnerei-konyvcsomag\/#primaryimage","url":"https:\/\/seminarconsulting.ro\/wp-content\/uploads\/2023\/10\/1.png","contentUrl":"https:\/\/seminarconsulting.ro\/wp-content\/uploads\/2023\/10\/1.png","width":1080,"height":1080},{"@type":"BreadcrumbList","@id":"https:\/\/seminarconsulting.ro\/a-szabad-cegvezeto-partnerei-konyvcsomag\/#breadcrumb","itemListElement":[{"@type":"ListItem","position":1,"name":"Home","item":"https:\/\/seminarconsulting.ro\/"},{"@type":"ListItem","position":2,"name":"C\u0103r\u021bi","item":"https:\/\/seminarconsulting.ro\/ro\/carti\/"},{"@type":"ListItem","position":3,"name":"A Szabad C\u00e9gvezet\u0151 Partnerei &#8211; K\u00f6nyvcsomag"}]},{"@type":"WebSite","@id":"https:\/\/seminarconsulting.ro\/#website","url":"https:\/\/seminarconsulting.ro\/","name":"Seminar Consulting","description":"A c&eacute;gvezet\u0151k bar&aacute;tja","publisher":{"@id":"https:\/\/seminarconsulting.ro\/#organization"},"potentialAction":[{"@type":"SearchAction","target":{"@type":"EntryPoint","urlTemplate":"https:\/\/seminarconsulting.ro\/?s={search_term_string}"},"query-input":{"@type":"PropertyValueSpecification","valueRequired":true,"valueName":"search_term_string"}}],"inLanguage":"ro-RO"},{"@type":"Organization","@id":"https:\/\/seminarconsulting.ro\/#organization","name":"Seminar Consulting","url":"https:\/\/seminarconsulting.ro\/","logo":{"@type":"ImageObject","inLanguage":"ro-RO","@id":"https:\/\/seminarconsulting.ro\/#\/schema\/logo\/image\/","url":"https:\/\/seminarconsulting.ro\/wp-content\/uploads\/2024\/11\/cropped-Logo-RGB.png","contentUrl":"https:\/\/seminarconsulting.ro\/wp-content\/uploads\/2024\/11\/cropped-Logo-RGB.png","width":1656,"height":406,"caption":"Seminar Consulting"},"image":{"@id":"https:\/\/seminarconsulting.ro\/#\/schema\/logo\/image\/"}}]}},"_links":{"self":[{"href":"https:\/\/seminarconsulting.ro\/ro\/wp-json\/wp\/v2\/product\/6883","targetHints":{"allow":["GET"]}}],"collection":[{"href":"https:\/\/seminarconsulting.ro\/ro\/wp-json\/wp\/v2\/product"}],"about":[{"href":"https:\/\/seminarconsulting.ro\/ro\/wp-json\/wp\/v2\/types\/product"}],"version-history":[{"count":0,"href":"https:\/\/seminarconsulting.ro\/ro\/wp-json\/wp\/v2\/product\/6883\/revisions"}],"wp:featuredmedia":[{"embeddable":true,"href":"https:\/\/seminarconsulting.ro\/ro\/wp-json\/wp\/v2\/media\/14774"}],"wp:attachment":[{"href":"https:\/\/seminarconsulting.ro\/ro\/wp-json\/wp\/v2\/media?parent=6883"}],"wp:term":[{"taxonomy":"product_brand","embeddable":true,"href":"https:\/\/seminarconsulting.ro\/ro\/wp-json\/wp\/v2\/product_brand?post=6883"},{"taxonomy":"product_cat","embeddable":true,"href":"https:\/\/seminarconsulting.ro\/ro\/wp-json\/wp\/v2\/product_cat?post=6883"},{"taxonomy":"product_tag","embeddable":true,"href":"https:\/\/seminarconsulting.ro\/ro\/wp-json\/wp\/v2\/product_tag?post=6883"}],"curies":[{"name":"wp","href":"https:\/\/api.w.org\/{rel}","templated":true}]}}