{"id":9140,"date":"2020-08-19T10:04:30","date_gmt":"2020-08-19T10:04:30","guid":{"rendered":"https:\/\/seminarconsulting.ro\/product\/sa-mearga-firma-video\/"},"modified":"2025-06-06T12:08:20","modified_gmt":"2025-06-06T12:08:20","slug":"sa-mearga-firma-video","status":"publish","type":"product","link":"https:\/\/seminarconsulting.ro\/ro\/sa-mearga-firma-video\/","title":{"rendered":"S\u0103 mearg\u0103 firma &#8211; Video"},"content":{"rendered":"<p><strong>Ca manager, \u00ee\u021bi petreci 24 de ore dn 24 lucr\u00e2nd la firm\u0103. \u0218i tot nu reu\u0219e\u0219ti s\u0103-\u021bi termini treaba?<\/strong><\/p>\n<p><strong>Simptomele problemelor tale:<\/strong><\/p>\n<p>\u2013 nu-\u021bi r\u0103m\u00e2ne timp s\u0103 te bucuri de lucrurile importante ale vie\u021bii.<br \/>\n\u2013 te sim\u021bi \u00een permanen\u021b\u0103 cople\u0219it de munc\u0103 \u0219i \u00een pragul extenu\u0103rii.<br \/>\n\u2013 nu reu\u0219e\u0219ti s\u0103 \u021bii pasul \u0219i s\u0103 ajungi la zi cu rezolvarea sarcinior.<br \/>\n\u2013 cum ai rezolvat o problem\u0103, imediat apar alte trei probleme \u00een locul ei.<br \/>\n\u2013 abia reu\u0219e\u0219ti s\u0103 te men\u021bii la suprafa\u021b\u0103 \u00een marea \u00eenvolburat\u0103 a problemelor care te \u00eenconjoar\u0103.<br \/>\n\u2013 legile sunt complicate, impozitele sunt prea mari.<\/p>\n<p><strong>Ce \u00eenseamn\u0103 acest lucru pentru tine \u0219i pentru compania ta, pe termen lung?<\/strong><\/p>\n<p>\u2013 o stare de stres continuu<br \/>\n\u2013 riscul falimentului<br \/>\n\u2013 incertitudine<br \/>\n\u2013 o stare de spirit ap\u0103s\u0103toare<br \/>\n\u2013 previziunea unui viitor sumbru<br \/>\n\u2013 riscuri \u00een ceea ce prive\u0219te starea de s\u0103n\u0103tate<\/p>\n<h3>\u00ceN ACEST MATERIAL VIDEO NU VOM ANALIZA DOAR MOTIVELE, CI \u00ce\u021aI VOI INDICA \u0218I SOLU\u021aIA.<\/h3>\n","protected":false},"excerpt":{"rendered":"<p>Seminarul de mare success al Seminar Consulting este disponibil acum \u0219i \u00een format video!<\/p>\n","protected":false},"featured_media":9171,"template":"","meta":{"site-sidebar-layout":"default","site-content-layout":"","ast-site-content-layout":"default","site-content-style":"default","site-sidebar-style":"default","ast-global-header-display":"","ast-banner-title-visibility":"","ast-main-header-display":"","ast-hfb-above-header-display":"","ast-hfb-below-header-display":"","ast-hfb-mobile-header-display":"","site-post-title":"","ast-breadcrumbs-content":"","ast-featured-img":"","footer-sml-layout":"","ast-disable-related-posts":"","theme-transparent-header-meta":"","adv-header-id-meta":"","stick-header-meta":"","header-above-stick-meta":"","header-main-stick-meta":"","header-below-stick-meta":"","astra-migrate-meta-layouts":"set","ast-page-background-enabled":"default","ast-page-background-meta":{"desktop":{"background-color":"var(--ast-global-color-4)","background-image":"","background-repeat":"repeat","background-position":"center center","background-size":"auto","background-attachment":"scroll","background-type":"","background-media":"","overlay-type":"","overlay-color":"","overlay-opacity":"","overlay-gradient":""},"tablet":{"background-color":"","background-image":"","background-repeat":"repeat","background-position":"center center","background-size":"auto","background-attachment":"scroll","background-type":"","background-media":"","overlay-type":"","overlay-color":"","overlay-opacity":"","overlay-gradient":""},"mobile":{"background-color":"","background-image":"","background-repeat":"repeat","background-position":"center center","background-size":"auto","background-attachment":"scroll","background-type":"","background-media":"","overlay-type":"","overlay-color":"","overlay-opacity":"","overlay-gradient":""}},"ast-content-background-meta":{"desktop":{"background-color":"var(--ast-global-color-5)","background-image":"","background-repeat":"repeat","background-position":"center center","background-size":"auto","background-attachment":"scroll","background-type":"","background-media":"","overlay-type":"","overlay-color":"","overlay-opacity":"","overlay-gradient":""},"tablet":{"background-color":"var(--ast-global-color-5)","background-image":"","background-repeat":"repeat","background-position":"center center","background-size":"auto","background-attachment":"scroll","background-type":"","background-media":"","overlay-type":"","overlay-color":"","overlay-opacity":"","overlay-gradient":""},"mobile":{"background-color":"var(--ast-global-color-5)","background-image":"","background-repeat":"repeat","background-position":"center center","background-size":"auto","background-attachment":"scroll","background-type":"","background-media":"","overlay-type":"","overlay-color":"","overlay-opacity":"","overlay-gradient":""}}},"product_brand":[],"product_cat":[48],"product_tag":[],"class_list":{"0":"post-9140","1":"product","2":"type-product","3":"status-publish","4":"has-post-thumbnail","6":"product_cat-carti","7":"desktop-align-left","8":"tablet-align-left","9":"mobile-align-left","11":"first","12":"instock","13":"virtual","14":"taxable","15":"purchasable","16":"product-type-simple"},"yoast_head":"<!-- This site is optimized with the Yoast SEO plugin v26.9 - https:\/\/yoast.com\/product\/yoast-seo-wordpress\/ -->\n<title>S\u0103 mearg\u0103 firma - Video - Seminar Consulting<\/title>\n<meta name=\"robots\" content=\"index, follow, max-snippet:-1, max-image-preview:large, max-video-preview:-1\" \/>\n<link rel=\"canonical\" href=\"https:\/\/seminarconsulting.ro\/ro\/sa-mearga-firma-video\/\" \/>\n<meta property=\"og:locale\" content=\"ro_RO\" \/>\n<meta property=\"og:type\" content=\"article\" \/>\n<meta property=\"og:title\" content=\"S\u0103 mearg\u0103 firma - Video - Seminar Consulting\" \/>\n<meta property=\"og:description\" content=\"Seminarul de mare success al Seminar Consulting este disponibil acum \u0219i \u00een format video!\" \/>\n<meta property=\"og:url\" content=\"https:\/\/seminarconsulting.ro\/ro\/sa-mearga-firma-video\/\" \/>\n<meta property=\"og:site_name\" content=\"Seminar Consulting\" \/>\n<meta property=\"article:modified_time\" content=\"2025-06-06T12:08:20+00:00\" \/>\n<meta property=\"og:image\" content=\"https:\/\/seminarconsulting.ro\/wp-content\/uploads\/2020\/08\/sa-mearga-firma.jpg\" \/>\n\t<meta property=\"og:image:width\" content=\"698\" \/>\n\t<meta property=\"og:image:height\" content=\"960\" \/>\n\t<meta property=\"og:image:type\" content=\"image\/jpeg\" \/>\n<meta name=\"twitter:card\" content=\"summary_large_image\" \/>\n<meta name=\"twitter:label1\" content=\"Timp estimat pentru citire\" \/>\n\t<meta name=\"twitter:data1\" content=\"1 minut\" \/>\n<script type=\"application\/ld+json\" class=\"yoast-schema-graph\">{\"@context\":\"https:\/\/schema.org\",\"@graph\":[{\"@type\":\"WebPage\",\"@id\":\"https:\/\/seminarconsulting.ro\/ro\/sa-mearga-firma-video\/\",\"url\":\"https:\/\/seminarconsulting.ro\/ro\/sa-mearga-firma-video\/\",\"name\":\"S\u0103 mearg\u0103 firma - Video - Seminar Consulting\",\"isPartOf\":{\"@id\":\"https:\/\/seminarconsulting.ro\/#website\"},\"primaryImageOfPage\":{\"@id\":\"https:\/\/seminarconsulting.ro\/ro\/sa-mearga-firma-video\/#primaryimage\"},\"image\":{\"@id\":\"https:\/\/seminarconsulting.ro\/ro\/sa-mearga-firma-video\/#primaryimage\"},\"thumbnailUrl\":\"https:\/\/seminarconsulting.ro\/wp-content\/uploads\/2020\/08\/sa-mearga-firma.jpg\",\"datePublished\":\"2020-08-19T10:04:30+00:00\",\"dateModified\":\"2025-06-06T12:08:20+00:00\",\"breadcrumb\":{\"@id\":\"https:\/\/seminarconsulting.ro\/ro\/sa-mearga-firma-video\/#breadcrumb\"},\"inLanguage\":\"ro-RO\",\"potentialAction\":[{\"@type\":\"ReadAction\",\"target\":[\"https:\/\/seminarconsulting.ro\/ro\/sa-mearga-firma-video\/\"]}]},{\"@type\":\"ImageObject\",\"inLanguage\":\"ro-RO\",\"@id\":\"https:\/\/seminarconsulting.ro\/ro\/sa-mearga-firma-video\/#primaryimage\",\"url\":\"https:\/\/seminarconsulting.ro\/wp-content\/uploads\/2020\/08\/sa-mearga-firma.jpg\",\"contentUrl\":\"https:\/\/seminarconsulting.ro\/wp-content\/uploads\/2020\/08\/sa-mearga-firma.jpg\",\"width\":698,\"height\":960},{\"@type\":\"BreadcrumbList\",\"@id\":\"https:\/\/seminarconsulting.ro\/ro\/sa-mearga-firma-video\/#breadcrumb\",\"itemListElement\":[{\"@type\":\"ListItem\",\"position\":1,\"name\":\"Home\",\"item\":\"https:\/\/seminarconsulting.ro\/\"},{\"@type\":\"ListItem\",\"position\":2,\"name\":\"C\u0103r\u021bi\",\"item\":\"https:\/\/seminarconsulting.ro\/ro\/carti\/\"},{\"@type\":\"ListItem\",\"position\":3,\"name\":\"S\u0103 mearg\u0103 firma &#8211; Video\"}]},{\"@type\":\"WebSite\",\"@id\":\"https:\/\/seminarconsulting.ro\/#website\",\"url\":\"https:\/\/seminarconsulting.ro\/\",\"name\":\"Seminar Consulting\",\"description\":\"A c&eacute;gvezet\u0151k bar&aacute;tja\",\"publisher\":{\"@id\":\"https:\/\/seminarconsulting.ro\/#organization\"},\"potentialAction\":[{\"@type\":\"SearchAction\",\"target\":{\"@type\":\"EntryPoint\",\"urlTemplate\":\"https:\/\/seminarconsulting.ro\/?s={search_term_string}\"},\"query-input\":{\"@type\":\"PropertyValueSpecification\",\"valueRequired\":true,\"valueName\":\"search_term_string\"}}],\"inLanguage\":\"ro-RO\"},{\"@type\":\"Organization\",\"@id\":\"https:\/\/seminarconsulting.ro\/#organization\",\"name\":\"Seminar Consulting\",\"url\":\"https:\/\/seminarconsulting.ro\/\",\"logo\":{\"@type\":\"ImageObject\",\"inLanguage\":\"ro-RO\",\"@id\":\"https:\/\/seminarconsulting.ro\/#\/schema\/logo\/image\/\",\"url\":\"https:\/\/seminarconsulting.ro\/wp-content\/uploads\/2024\/11\/cropped-Logo-RGB.png\",\"contentUrl\":\"https:\/\/seminarconsulting.ro\/wp-content\/uploads\/2024\/11\/cropped-Logo-RGB.png\",\"width\":1656,\"height\":406,\"caption\":\"Seminar Consulting\"},\"image\":{\"@id\":\"https:\/\/seminarconsulting.ro\/#\/schema\/logo\/image\/\"}}]}<\/script>\n<!-- \/ Yoast SEO plugin. -->","yoast_head_json":{"title":"S\u0103 mearg\u0103 firma - Video - Seminar Consulting","robots":{"index":"index","follow":"follow","max-snippet":"max-snippet:-1","max-image-preview":"max-image-preview:large","max-video-preview":"max-video-preview:-1"},"canonical":"https:\/\/seminarconsulting.ro\/ro\/sa-mearga-firma-video\/","og_locale":"ro_RO","og_type":"article","og_title":"S\u0103 mearg\u0103 firma - Video - Seminar Consulting","og_description":"Seminarul de mare success al Seminar Consulting este disponibil acum \u0219i \u00een format video!","og_url":"https:\/\/seminarconsulting.ro\/ro\/sa-mearga-firma-video\/","og_site_name":"Seminar Consulting","article_modified_time":"2025-06-06T12:08:20+00:00","og_image":[{"width":698,"height":960,"url":"https:\/\/seminarconsulting.ro\/wp-content\/uploads\/2020\/08\/sa-mearga-firma.jpg","type":"image\/jpeg"}],"twitter_card":"summary_large_image","twitter_misc":{"Timp estimat pentru citire":"1 minut"},"schema":{"@context":"https:\/\/schema.org","@graph":[{"@type":"WebPage","@id":"https:\/\/seminarconsulting.ro\/ro\/sa-mearga-firma-video\/","url":"https:\/\/seminarconsulting.ro\/ro\/sa-mearga-firma-video\/","name":"S\u0103 mearg\u0103 firma - Video - Seminar Consulting","isPartOf":{"@id":"https:\/\/seminarconsulting.ro\/#website"},"primaryImageOfPage":{"@id":"https:\/\/seminarconsulting.ro\/ro\/sa-mearga-firma-video\/#primaryimage"},"image":{"@id":"https:\/\/seminarconsulting.ro\/ro\/sa-mearga-firma-video\/#primaryimage"},"thumbnailUrl":"https:\/\/seminarconsulting.ro\/wp-content\/uploads\/2020\/08\/sa-mearga-firma.jpg","datePublished":"2020-08-19T10:04:30+00:00","dateModified":"2025-06-06T12:08:20+00:00","breadcrumb":{"@id":"https:\/\/seminarconsulting.ro\/ro\/sa-mearga-firma-video\/#breadcrumb"},"inLanguage":"ro-RO","potentialAction":[{"@type":"ReadAction","target":["https:\/\/seminarconsulting.ro\/ro\/sa-mearga-firma-video\/"]}]},{"@type":"ImageObject","inLanguage":"ro-RO","@id":"https:\/\/seminarconsulting.ro\/ro\/sa-mearga-firma-video\/#primaryimage","url":"https:\/\/seminarconsulting.ro\/wp-content\/uploads\/2020\/08\/sa-mearga-firma.jpg","contentUrl":"https:\/\/seminarconsulting.ro\/wp-content\/uploads\/2020\/08\/sa-mearga-firma.jpg","width":698,"height":960},{"@type":"BreadcrumbList","@id":"https:\/\/seminarconsulting.ro\/ro\/sa-mearga-firma-video\/#breadcrumb","itemListElement":[{"@type":"ListItem","position":1,"name":"Home","item":"https:\/\/seminarconsulting.ro\/"},{"@type":"ListItem","position":2,"name":"C\u0103r\u021bi","item":"https:\/\/seminarconsulting.ro\/ro\/carti\/"},{"@type":"ListItem","position":3,"name":"S\u0103 mearg\u0103 firma &#8211; Video"}]},{"@type":"WebSite","@id":"https:\/\/seminarconsulting.ro\/#website","url":"https:\/\/seminarconsulting.ro\/","name":"Seminar Consulting","description":"A c&eacute;gvezet\u0151k bar&aacute;tja","publisher":{"@id":"https:\/\/seminarconsulting.ro\/#organization"},"potentialAction":[{"@type":"SearchAction","target":{"@type":"EntryPoint","urlTemplate":"https:\/\/seminarconsulting.ro\/?s={search_term_string}"},"query-input":{"@type":"PropertyValueSpecification","valueRequired":true,"valueName":"search_term_string"}}],"inLanguage":"ro-RO"},{"@type":"Organization","@id":"https:\/\/seminarconsulting.ro\/#organization","name":"Seminar Consulting","url":"https:\/\/seminarconsulting.ro\/","logo":{"@type":"ImageObject","inLanguage":"ro-RO","@id":"https:\/\/seminarconsulting.ro\/#\/schema\/logo\/image\/","url":"https:\/\/seminarconsulting.ro\/wp-content\/uploads\/2024\/11\/cropped-Logo-RGB.png","contentUrl":"https:\/\/seminarconsulting.ro\/wp-content\/uploads\/2024\/11\/cropped-Logo-RGB.png","width":1656,"height":406,"caption":"Seminar Consulting"},"image":{"@id":"https:\/\/seminarconsulting.ro\/#\/schema\/logo\/image\/"}}]}},"_links":{"self":[{"href":"https:\/\/seminarconsulting.ro\/ro\/wp-json\/wp\/v2\/product\/9140","targetHints":{"allow":["GET"]}}],"collection":[{"href":"https:\/\/seminarconsulting.ro\/ro\/wp-json\/wp\/v2\/product"}],"about":[{"href":"https:\/\/seminarconsulting.ro\/ro\/wp-json\/wp\/v2\/types\/product"}],"version-history":[{"count":0,"href":"https:\/\/seminarconsulting.ro\/ro\/wp-json\/wp\/v2\/product\/9140\/revisions"}],"wp:featuredmedia":[{"embeddable":true,"href":"https:\/\/seminarconsulting.ro\/ro\/wp-json\/wp\/v2\/media\/9171"}],"wp:attachment":[{"href":"https:\/\/seminarconsulting.ro\/ro\/wp-json\/wp\/v2\/media?parent=9140"}],"wp:term":[{"taxonomy":"product_brand","embeddable":true,"href":"https:\/\/seminarconsulting.ro\/ro\/wp-json\/wp\/v2\/product_brand?post=9140"},{"taxonomy":"product_cat","embeddable":true,"href":"https:\/\/seminarconsulting.ro\/ro\/wp-json\/wp\/v2\/product_cat?post=9140"},{"taxonomy":"product_tag","embeddable":true,"href":"https:\/\/seminarconsulting.ro\/ro\/wp-json\/wp\/v2\/product_tag?post=9140"}],"curies":[{"name":"wp","href":"https:\/\/api.w.org\/{rel}","templated":true}]}}