{"id":9141,"date":"2020-07-14T13:31:45","date_gmt":"2020-07-14T13:31:45","guid":{"rendered":"https:\/\/seminarconsulting.ro\/product\/cadoul-ideal-trei-carti-si-transport-gratis\/"},"modified":"2025-06-22T14:41:32","modified_gmt":"2025-06-22T14:41:32","slug":"cadoul-ideal-trei-carti-si-transport-gratis","status":"publish","type":"product","link":"https:\/\/seminarconsulting.ro\/ro\/cadoul-ideal-trei-carti-si-transport-gratis\/","title":{"rendered":"Cadoul ideal &#8211; trei c\u0103r\u0163i \u015fi transport gratis!"},"content":{"rendered":"<p style=\"text-align: center;\"><strong>Comand\u0103 acum pachetul cu dou\u0103 \u201emanuale\u201d antreprenoriale:<\/strong><\/p>\n<p style=\"text-align: center;\"><strong>\u201eCe poate avea \u00een comun prostitu\u021bia din Cuba cu afacerile tale?\u201d \u0219i <\/strong><strong>\u201e\u00cempinge capra \u00een pr\u0103pastie!\u201d<\/strong><\/p>\n<p style=\"text-align: center;\"><strong>\u0219i prime\u0219ti dou\u0103 cadouri:<\/strong><\/p>\n<p style=\"text-align: center;\"><strong> cartea mea \u201eSingur nu reu\u0219e\u0219ti!\u201d \u0219i transportul gratuit.<\/strong><\/p>\n<p><img fetchpriority=\"high\" decoding=\"async\" class=\"size-full wp-image-3389 aligncenter\" src=\"https:\/\/seminarconsulting.ro\/wp-content\/uploads\/2020\/07\/egyedul-nem-megy-ro-borito-218x300-1.jpg\" alt=\"\" width=\"218\" height=\"300\" \/><\/p>\n<p style=\"text-align: center;\">Sfaturile celebrului consultant de afaceri, Gyula Piroska!<br \/>\nC\u0103r\u021bile lui te ajut\u0103 s\u0103 vezi compania dintr-o alt\u0103 perspectiv\u0103! \u00ce\u021bi ofer\u0103 sfaturi \u0219i metode cu ajutorul c\u0103rora \u00ee\u021bi va fi mai u\u0219or via\u021ba de antreprenor. Ba mai mult, te ajut\u0103 \u0219i \u00een via\u021ba personal\u0103\u2026.<\/p>\n<p style=\"text-align: center;\">Sfaturile, ideile, experien\u021bele scrise \u00een aceste c\u0103r\u021bi sunt un exemplu ideal din care po\u021bi \u00eenv\u0103\u021ba cum s\u0103 gestionezi via\u021ba personal\u0103 \u0219i campania \u00een a\u0219a fel, \u00eenc\u00e2t s\u0103 ai succes .<\/p>\n<h2 style=\"text-align: center;\"><em>\u201eCE POATE AVEA \u00ceN COMUN PROSTITU\u021aIA DIN CUBA CU AFACERILE TALE\u201d \u0218I \u201e<strong>\u00ceMPINGE CAPRA \u00ceN PR\u0102PASTIE\u201d<\/strong><\/em>?<\/h2>\n<p><img decoding=\"async\" class=\"size-full wp-image-3395 aligncenter\" src=\"https:\/\/seminarconsulting.ro\/wp-content\/uploads\/2020\/07\/weboldalra-ro-konyv.jpg\" alt=\"\" width=\"1280\" height=\"720\" srcset=\"https:\/\/seminarconsulting.ro\/wp-content\/uploads\/2020\/07\/weboldalra-ro-konyv.jpg 1280w, https:\/\/seminarconsulting.ro\/wp-content\/uploads\/2020\/07\/weboldalra-ro-konyv-600x338.jpg 600w, https:\/\/seminarconsulting.ro\/wp-content\/uploads\/2020\/07\/weboldalra-ro-konyv-300x169.jpg 300w, https:\/\/seminarconsulting.ro\/wp-content\/uploads\/2020\/07\/weboldalra-ro-konyv-1024x576.jpg 1024w, https:\/\/seminarconsulting.ro\/wp-content\/uploads\/2020\/07\/weboldalra-ro-konyv-768x432.jpg 768w\" sizes=\"(max-width: 1280px) 100vw, 1280px\" \/><\/p>\n<p>&nbsp;<\/p>\n<p style=\"text-align: center;\"><strong>Comand\u0103 acum cadoul ideal la doar 42 de lei!<\/strong><\/p>\n","protected":false},"excerpt":{"rendered":"<p>Comand\u0103 acum pachetul cu dou\u0103 \u201emanuale\u201d antreprenoriale: \u201eCe poate avea \u00een comun prostitu\u021bia din Cuba cu afacerile tale?\u201d \u0219i \u201e\u00cempinge [&hellip;]<\/p>\n","protected":false},"featured_media":9175,"template":"","meta":{"site-sidebar-layout":"default","site-content-layout":"","ast-site-content-layout":"default","site-content-style":"default","site-sidebar-style":"default","ast-global-header-display":"","ast-banner-title-visibility":"","ast-main-header-display":"","ast-hfb-above-header-display":"","ast-hfb-below-header-display":"","ast-hfb-mobile-header-display":"","site-post-title":"","ast-breadcrumbs-content":"","ast-featured-img":"","footer-sml-layout":"","ast-disable-related-posts":"","theme-transparent-header-meta":"default","adv-header-id-meta":"","stick-header-meta":"","header-above-stick-meta":"","header-main-stick-meta":"","header-below-stick-meta":"","astra-migrate-meta-layouts":"set","ast-page-background-enabled":"default","ast-page-background-meta":{"desktop":{"background-color":"var(--ast-global-color-4)","background-image":"","background-repeat":"repeat","background-position":"center center","background-size":"auto","background-attachment":"scroll","background-type":"","background-media":"","overlay-type":"","overlay-color":"","overlay-opacity":"","overlay-gradient":""},"tablet":{"background-color":"","background-image":"","background-repeat":"repeat","background-position":"center center","background-size":"auto","background-attachment":"scroll","background-type":"","background-media":"","overlay-type":"","overlay-color":"","overlay-opacity":"","overlay-gradient":""},"mobile":{"background-color":"","background-image":"","background-repeat":"repeat","background-position":"center center","background-size":"auto","background-attachment":"scroll","background-type":"","background-media":"","overlay-type":"","overlay-color":"","overlay-opacity":"","overlay-gradient":""}},"ast-content-background-meta":{"desktop":{"background-color":"var(--ast-global-color-5)","background-image":"","background-repeat":"repeat","background-position":"center center","background-size":"auto","background-attachment":"scroll","background-type":"","background-media":"","overlay-type":"","overlay-color":"","overlay-opacity":"","overlay-gradient":""},"tablet":{"background-color":"var(--ast-global-color-5)","background-image":"","background-repeat":"repeat","background-position":"center center","background-size":"auto","background-attachment":"scroll","background-type":"","background-media":"","overlay-type":"","overlay-color":"","overlay-opacity":"","overlay-gradient":""},"mobile":{"background-color":"var(--ast-global-color-5)","background-image":"","background-repeat":"repeat","background-position":"center center","background-size":"auto","background-attachment":"scroll","background-type":"","background-media":"","overlay-type":"","overlay-color":"","overlay-opacity":"","overlay-gradient":""}}},"product_brand":[],"product_cat":[48],"product_tag":[],"class_list":{"0":"post-9141","1":"product","2":"type-product","3":"status-publish","4":"has-post-thumbnail","6":"product_cat-carti","7":"product_shipping_class-transport-gratuit","8":"desktop-align-left","9":"tablet-align-left","10":"mobile-align-left","12":"first","13":"instock","14":"sale","15":"taxable","16":"shipping-taxable","17":"purchasable","18":"product-type-simple"},"yoast_head":"<!-- This site is optimized with the Yoast SEO plugin v26.9 - https:\/\/yoast.com\/product\/yoast-seo-wordpress\/ -->\n<title>Cadoul ideal - trei c\u0103r\u0163i \u015fi transport gratis! - Seminar Consulting<\/title>\n<meta name=\"robots\" content=\"index, follow, max-snippet:-1, max-image-preview:large, max-video-preview:-1\" \/>\n<link rel=\"canonical\" href=\"https:\/\/seminarconsulting.ro\/cadoul-ideal-trei-carti-si-transport-gratis\/\" \/>\n<meta property=\"og:locale\" content=\"ro_RO\" \/>\n<meta property=\"og:type\" content=\"article\" \/>\n<meta property=\"og:title\" content=\"Cadoul ideal - trei c\u0103r\u0163i \u015fi transport gratis! - Seminar Consulting\" \/>\n<meta property=\"og:description\" content=\"Comand\u0103 acum pachetul cu dou\u0103 \u201emanuale\u201d antreprenoriale: \u201eCe poate avea \u00een comun prostitu\u021bia din Cuba cu afacerile tale?\u201d \u0219i \u201e\u00cempinge [&hellip;]\" \/>\n<meta property=\"og:url\" content=\"https:\/\/seminarconsulting.ro\/cadoul-ideal-trei-carti-si-transport-gratis\/\" \/>\n<meta property=\"og:site_name\" content=\"Seminar Consulting\" \/>\n<meta property=\"article:modified_time\" content=\"2025-06-22T14:41:32+00:00\" \/>\n<meta property=\"og:image\" content=\"https:\/\/seminarconsulting.ro\/wp-content\/uploads\/2020\/07\/weboldalra-ro-konyv-1.jpg\" \/>\n\t<meta property=\"og:image:width\" content=\"1280\" \/>\n\t<meta property=\"og:image:height\" content=\"720\" \/>\n\t<meta property=\"og:image:type\" content=\"image\/jpeg\" \/>\n<meta name=\"twitter:card\" content=\"summary_large_image\" \/>\n<meta name=\"twitter:label1\" content=\"Timp estimat pentru citire\" \/>\n\t<meta name=\"twitter:data1\" content=\"2 minute\" \/>\n<script type=\"application\/ld+json\" class=\"yoast-schema-graph\">{\"@context\":\"https:\/\/schema.org\",\"@graph\":[{\"@type\":\"WebPage\",\"@id\":\"https:\/\/seminarconsulting.ro\/cadoul-ideal-trei-carti-si-transport-gratis\/\",\"url\":\"https:\/\/seminarconsulting.ro\/cadoul-ideal-trei-carti-si-transport-gratis\/\",\"name\":\"Cadoul ideal - trei c\u0103r\u0163i \u015fi transport gratis! - Seminar Consulting\",\"isPartOf\":{\"@id\":\"https:\/\/seminarconsulting.ro\/#website\"},\"primaryImageOfPage\":{\"@id\":\"https:\/\/seminarconsulting.ro\/cadoul-ideal-trei-carti-si-transport-gratis\/#primaryimage\"},\"image\":{\"@id\":\"https:\/\/seminarconsulting.ro\/cadoul-ideal-trei-carti-si-transport-gratis\/#primaryimage\"},\"thumbnailUrl\":\"https:\/\/seminarconsulting.ro\/wp-content\/uploads\/2020\/07\/weboldalra-ro-konyv-1.jpg\",\"datePublished\":\"2020-07-14T13:31:45+00:00\",\"dateModified\":\"2025-06-22T14:41:32+00:00\",\"breadcrumb\":{\"@id\":\"https:\/\/seminarconsulting.ro\/cadoul-ideal-trei-carti-si-transport-gratis\/#breadcrumb\"},\"inLanguage\":\"ro-RO\",\"potentialAction\":[{\"@type\":\"ReadAction\",\"target\":[\"https:\/\/seminarconsulting.ro\/cadoul-ideal-trei-carti-si-transport-gratis\/\"]}]},{\"@type\":\"ImageObject\",\"inLanguage\":\"ro-RO\",\"@id\":\"https:\/\/seminarconsulting.ro\/cadoul-ideal-trei-carti-si-transport-gratis\/#primaryimage\",\"url\":\"https:\/\/seminarconsulting.ro\/wp-content\/uploads\/2020\/07\/weboldalra-ro-konyv-1.jpg\",\"contentUrl\":\"https:\/\/seminarconsulting.ro\/wp-content\/uploads\/2020\/07\/weboldalra-ro-konyv-1.jpg\",\"width\":1280,\"height\":720},{\"@type\":\"BreadcrumbList\",\"@id\":\"https:\/\/seminarconsulting.ro\/cadoul-ideal-trei-carti-si-transport-gratis\/#breadcrumb\",\"itemListElement\":[{\"@type\":\"ListItem\",\"position\":1,\"name\":\"Home\",\"item\":\"https:\/\/seminarconsulting.ro\/\"},{\"@type\":\"ListItem\",\"position\":2,\"name\":\"C\u0103r\u021bi\",\"item\":\"https:\/\/seminarconsulting.ro\/ro\/carti\/\"},{\"@type\":\"ListItem\",\"position\":3,\"name\":\"Cadoul ideal &#8211; trei c\u0103r\u0163i \u015fi transport gratis!\"}]},{\"@type\":\"WebSite\",\"@id\":\"https:\/\/seminarconsulting.ro\/#website\",\"url\":\"https:\/\/seminarconsulting.ro\/\",\"name\":\"Seminar Consulting\",\"description\":\"A c&eacute;gvezet\u0151k bar&aacute;tja\",\"publisher\":{\"@id\":\"https:\/\/seminarconsulting.ro\/#organization\"},\"potentialAction\":[{\"@type\":\"SearchAction\",\"target\":{\"@type\":\"EntryPoint\",\"urlTemplate\":\"https:\/\/seminarconsulting.ro\/?s={search_term_string}\"},\"query-input\":{\"@type\":\"PropertyValueSpecification\",\"valueRequired\":true,\"valueName\":\"search_term_string\"}}],\"inLanguage\":\"ro-RO\"},{\"@type\":\"Organization\",\"@id\":\"https:\/\/seminarconsulting.ro\/#organization\",\"name\":\"Seminar Consulting\",\"url\":\"https:\/\/seminarconsulting.ro\/\",\"logo\":{\"@type\":\"ImageObject\",\"inLanguage\":\"ro-RO\",\"@id\":\"https:\/\/seminarconsulting.ro\/#\/schema\/logo\/image\/\",\"url\":\"https:\/\/seminarconsulting.ro\/wp-content\/uploads\/2024\/11\/cropped-Logo-RGB.png\",\"contentUrl\":\"https:\/\/seminarconsulting.ro\/wp-content\/uploads\/2024\/11\/cropped-Logo-RGB.png\",\"width\":1656,\"height\":406,\"caption\":\"Seminar Consulting\"},\"image\":{\"@id\":\"https:\/\/seminarconsulting.ro\/#\/schema\/logo\/image\/\"}}]}<\/script>\n<!-- \/ Yoast SEO plugin. -->","yoast_head_json":{"title":"Cadoul ideal - trei c\u0103r\u0163i \u015fi transport gratis! - Seminar Consulting","robots":{"index":"index","follow":"follow","max-snippet":"max-snippet:-1","max-image-preview":"max-image-preview:large","max-video-preview":"max-video-preview:-1"},"canonical":"https:\/\/seminarconsulting.ro\/cadoul-ideal-trei-carti-si-transport-gratis\/","og_locale":"ro_RO","og_type":"article","og_title":"Cadoul ideal - trei c\u0103r\u0163i \u015fi transport gratis! - Seminar Consulting","og_description":"Comand\u0103 acum pachetul cu dou\u0103 \u201emanuale\u201d antreprenoriale: \u201eCe poate avea \u00een comun prostitu\u021bia din Cuba cu afacerile tale?\u201d \u0219i \u201e\u00cempinge [&hellip;]","og_url":"https:\/\/seminarconsulting.ro\/cadoul-ideal-trei-carti-si-transport-gratis\/","og_site_name":"Seminar Consulting","article_modified_time":"2025-06-22T14:41:32+00:00","og_image":[{"width":1280,"height":720,"url":"https:\/\/seminarconsulting.ro\/wp-content\/uploads\/2020\/07\/weboldalra-ro-konyv-1.jpg","type":"image\/jpeg"}],"twitter_card":"summary_large_image","twitter_misc":{"Timp estimat pentru citire":"2 minute"},"schema":{"@context":"https:\/\/schema.org","@graph":[{"@type":"WebPage","@id":"https:\/\/seminarconsulting.ro\/cadoul-ideal-trei-carti-si-transport-gratis\/","url":"https:\/\/seminarconsulting.ro\/cadoul-ideal-trei-carti-si-transport-gratis\/","name":"Cadoul ideal - trei c\u0103r\u0163i \u015fi transport gratis! - Seminar Consulting","isPartOf":{"@id":"https:\/\/seminarconsulting.ro\/#website"},"primaryImageOfPage":{"@id":"https:\/\/seminarconsulting.ro\/cadoul-ideal-trei-carti-si-transport-gratis\/#primaryimage"},"image":{"@id":"https:\/\/seminarconsulting.ro\/cadoul-ideal-trei-carti-si-transport-gratis\/#primaryimage"},"thumbnailUrl":"https:\/\/seminarconsulting.ro\/wp-content\/uploads\/2020\/07\/weboldalra-ro-konyv-1.jpg","datePublished":"2020-07-14T13:31:45+00:00","dateModified":"2025-06-22T14:41:32+00:00","breadcrumb":{"@id":"https:\/\/seminarconsulting.ro\/cadoul-ideal-trei-carti-si-transport-gratis\/#breadcrumb"},"inLanguage":"ro-RO","potentialAction":[{"@type":"ReadAction","target":["https:\/\/seminarconsulting.ro\/cadoul-ideal-trei-carti-si-transport-gratis\/"]}]},{"@type":"ImageObject","inLanguage":"ro-RO","@id":"https:\/\/seminarconsulting.ro\/cadoul-ideal-trei-carti-si-transport-gratis\/#primaryimage","url":"https:\/\/seminarconsulting.ro\/wp-content\/uploads\/2020\/07\/weboldalra-ro-konyv-1.jpg","contentUrl":"https:\/\/seminarconsulting.ro\/wp-content\/uploads\/2020\/07\/weboldalra-ro-konyv-1.jpg","width":1280,"height":720},{"@type":"BreadcrumbList","@id":"https:\/\/seminarconsulting.ro\/cadoul-ideal-trei-carti-si-transport-gratis\/#breadcrumb","itemListElement":[{"@type":"ListItem","position":1,"name":"Home","item":"https:\/\/seminarconsulting.ro\/"},{"@type":"ListItem","position":2,"name":"C\u0103r\u021bi","item":"https:\/\/seminarconsulting.ro\/ro\/carti\/"},{"@type":"ListItem","position":3,"name":"Cadoul ideal &#8211; trei c\u0103r\u0163i \u015fi transport gratis!"}]},{"@type":"WebSite","@id":"https:\/\/seminarconsulting.ro\/#website","url":"https:\/\/seminarconsulting.ro\/","name":"Seminar Consulting","description":"A c&eacute;gvezet\u0151k bar&aacute;tja","publisher":{"@id":"https:\/\/seminarconsulting.ro\/#organization"},"potentialAction":[{"@type":"SearchAction","target":{"@type":"EntryPoint","urlTemplate":"https:\/\/seminarconsulting.ro\/?s={search_term_string}"},"query-input":{"@type":"PropertyValueSpecification","valueRequired":true,"valueName":"search_term_string"}}],"inLanguage":"ro-RO"},{"@type":"Organization","@id":"https:\/\/seminarconsulting.ro\/#organization","name":"Seminar Consulting","url":"https:\/\/seminarconsulting.ro\/","logo":{"@type":"ImageObject","inLanguage":"ro-RO","@id":"https:\/\/seminarconsulting.ro\/#\/schema\/logo\/image\/","url":"https:\/\/seminarconsulting.ro\/wp-content\/uploads\/2024\/11\/cropped-Logo-RGB.png","contentUrl":"https:\/\/seminarconsulting.ro\/wp-content\/uploads\/2024\/11\/cropped-Logo-RGB.png","width":1656,"height":406,"caption":"Seminar Consulting"},"image":{"@id":"https:\/\/seminarconsulting.ro\/#\/schema\/logo\/image\/"}}]}},"_links":{"self":[{"href":"https:\/\/seminarconsulting.ro\/ro\/wp-json\/wp\/v2\/product\/9141","targetHints":{"allow":["GET"]}}],"collection":[{"href":"https:\/\/seminarconsulting.ro\/ro\/wp-json\/wp\/v2\/product"}],"about":[{"href":"https:\/\/seminarconsulting.ro\/ro\/wp-json\/wp\/v2\/types\/product"}],"version-history":[{"count":0,"href":"https:\/\/seminarconsulting.ro\/ro\/wp-json\/wp\/v2\/product\/9141\/revisions"}],"wp:featuredmedia":[{"embeddable":true,"href":"https:\/\/seminarconsulting.ro\/ro\/wp-json\/wp\/v2\/media\/9175"}],"wp:attachment":[{"href":"https:\/\/seminarconsulting.ro\/ro\/wp-json\/wp\/v2\/media?parent=9141"}],"wp:term":[{"taxonomy":"product_brand","embeddable":true,"href":"https:\/\/seminarconsulting.ro\/ro\/wp-json\/wp\/v2\/product_brand?post=9141"},{"taxonomy":"product_cat","embeddable":true,"href":"https:\/\/seminarconsulting.ro\/ro\/wp-json\/wp\/v2\/product_cat?post=9141"},{"taxonomy":"product_tag","embeddable":true,"href":"https:\/\/seminarconsulting.ro\/ro\/wp-json\/wp\/v2\/product_tag?post=9141"}],"curies":[{"name":"wp","href":"https:\/\/api.w.org\/{rel}","templated":true}]}}